{"id":123109,"date":"2022-11-25T11:58:07","date_gmt":"2022-11-25T10:58:07","guid":{"rendered":"https:\/\/ab-marineservice.com\/ueber-uns-2\/"},"modified":"2024-12-16T13:17:24","modified_gmt":"2024-12-16T12:17:24","slug":"ueber-uns-2","status":"publish","type":"page","link":"https:\/\/ab-marineservice.com\/de\/ueber-uns-2\/","title":{"rendered":"\u00dcber uns"},"content":{"rendered":"<div class=\"wpb-content-wrapper\"><p>[vc_row][vc_column][vc_column_text css=&#8221;&#8221;]Wir bei AB Marine Service haben eine gro\u00dfe Leidenschaft f\u00fcr Maschinen und Motoren. Diese gro\u00dfe Leidenschaft hat sich in dem technischen Wassersport-Webshop niedergeschlagen, der wir heute sind. AB Marine Service erleichtert die Wartung eines Bootes durch Hilfe, Beratung und Bereitstellung der besten technischen Teile und Produkte. Wir helfen Ihnen bei Ihrem Problem, wir sorgen daf\u00fcr, dass Sie die richtigen Teile erhalten und die richtigen Informationen erhalten, damit Sie die richtigen Teile bestellen k\u00f6nnen. Mit ehrlicher Beratung, einer proaktiven und hilfsbereiten Einstellung sind wir jeden Tag f\u00fcr Bootsbesitzer bereit.[\/vc_column_text][\/vc_column][\/vc_row][vc_row][vc_column][vc_tta_accordion][vc_tta_section title=&#8221;Hilfreich&#8221; tab_id=&#8221;1666611889505-6550e5c0-3ec7&#8243;][vc_column_text css=&#8221;&#8221;]Als Profis wissen wir viel \u00fcber die Wartung der technischen Teile Ihres Bootes. Wir k\u00f6nnen Ihnen bei der Suche nach dem passenden Teil helfen und die L\u00f6sung f\u00fcr Ihr Problem bereitstellen. Senden Sie uns ein Foto von dem Teil, mit dem Sie \u00fcber WhatsApp abst\u00fcrzen, und wir beraten Sie, welches Teil Sie ben\u00f6tigen. Mit unserer Leidenschaft und Erfahrung k\u00f6nnen wir Ihnen oft helfen, den perfekten Teil f\u00fcr Ihr Problem zu finden.[\/vc_column_text][\/vc_tta_section][vc_tta_section title=&#8221;Ehrliche Beratung&#8221; tab_id=&#8221;1666611894946-8cc47558-a5d7&#8243;][vc_column_text css=&#8221;&#8221;]Innerhalb der Branche gibt es viel Spiel mit Angebot und Preis. Schiffsmotoren sind teuer und knapp. Einige Teile aus einer anderen Branche sind genauso gut wie die originalen Schiffsmotorenteile, werden aber nicht angeboten. Sie k\u00f6nnen dasselbe tun, aber das Biest hat einen anderen Namen. Wir haben dies f\u00fcr Sie gepr\u00fcft und bieten diese Produkte zu einem g\u00fcnstigen Preis an. Wir werden auch immer klar dar\u00fcber sein, was m\u00f6glich ist und was nicht. Wenn Sie etwas wollen, das technisch nicht m\u00f6glich ist, werden wir es Ihnen ehrlich sagen und es Ihnen nicht verkaufen. Wir denken mit und beraten Sie ehrlich.[\/vc_column_text][\/vc_tta_section][vc_tta_section title=&#8221;Proaktiv&#8221; tab_id=&#8221;1666611889521-2f1068d2-0c3b&#8221;][vc_column_text css=&#8221;&#8221;]Wir streben nach Proaktivit\u00e4t und P\u00fcnktlichkeit, um Ihnen den besten Service bieten zu k\u00f6nnen. Wir sind gerne p\u00fcnktlich und informieren den Kunden proaktiv \u00fcber die Lieferung und den Status seiner Bestellung. <span style=\"font-weight: 400;\"> <\/span><span style=\"font-weight: 400;\">Wir verstehen, dass Sie Ihre Teile so schnell wie m\u00f6glich im Haus haben m\u00f6chten. Wir tun daher jeden Tag unser Bestes, um dies zu erreichen. <\/span>[\/vc_column_text][\/vc_tta_section][\/vc_tta_accordion][\/vc_column][\/vc_row][vc_row][vc_column][vc_column_text css=&#8221;&#8221;]Und wir m\u00f6chten Sie motivieren, diese technischen Herausforderungen selbst anzugehen. Denn nichts macht mehr Spa\u00df, als sein Boot selbst warten zu k\u00f6nnen, oder? Lernen Sie daher unser Team vorab kennen, damit Sie wissen, mit wem Sie es zu tun haben. Wir teilen unser Wissen gerne, denn Wissen im Haus zu halten ist verlorenes Wissen.[\/vc_column_text][\/vc_column][\/vc_row][vc_row][vc_column width=&#8221;1\/2&#8243;][vc_single_image image=&#8221;127618&#8243; onclick=&#8221;custom_link&#8221; link=&#8221;https:\/\/ab-marineservice.com\/de\/alex\/&#8221;][vc_btn title=&#8221;Lernen Sie Alex kennen&#8221; color=&#8221;sky&#8221; align=&#8221;center&#8221; link=&#8221;url:https%3A%2F%2Fab-marineservice.com%2Fde%2Falex%2F|title:Alex|&#8221;][\/vc_column][vc_column width=&#8221;1\/2&#8243;][vc_single_image image=&#8221;122415&#8243; onclick=&#8221;custom_link&#8221; link=&#8221;https:\/\/ab-marineservice.com\/de\/wieger\/&#8221;][vc_btn title=&#8221;Leer Wieger kennen&#8221; color=&#8221;sky&#8221; align=&#8221;center&#8221; link=&#8221;url:https%3A%2F%2Fab-marineservice.com%2Fde%2Fwieger%2F|title:Wieger|&#8221;][\/vc_column][\/vc_row][vc_row][vc_column][vc_gallery type=&#8221;image_grid&#8221; images=&#8221;338309,338312&#8243; css=&#8221;&#8221; title=&#8221;Support-Material&#8221;][\/vc_column][\/vc_row]<\/p>\n<\/div>","protected":false},"excerpt":{"rendered":"<p>[vc_row][vc_column][vc_column_text css=&#8221;&#8221;]Wir bei AB Marine Service haben eine gro\u00dfe Leidenschaft f\u00fcr Maschinen und Motoren. Diese gro\u00dfe Leidenschaft hat sich in dem technischen Wassersport-Webshop niedergeschlagen, der wir heute sind. AB Marine [&hellip;]<\/p>\n","protected":false},"author":1,"featured_media":0,"parent":0,"menu_order":0,"comment_status":"closed","ping_status":"closed","template":"","meta":{"footnotes":""},"class_list":["post-123109","page","type-page","status-publish","hentry"],"_links":{"self":[{"href":"https:\/\/ab-marineservice.com\/de\/wp-json\/wp\/v2\/pages\/123109","targetHints":{"allow":["GET"]}}],"collection":[{"href":"https:\/\/ab-marineservice.com\/de\/wp-json\/wp\/v2\/pages"}],"about":[{"href":"https:\/\/ab-marineservice.com\/de\/wp-json\/wp\/v2\/types\/page"}],"author":[{"embeddable":true,"href":"https:\/\/ab-marineservice.com\/de\/wp-json\/wp\/v2\/users\/1"}],"replies":[{"embeddable":true,"href":"https:\/\/ab-marineservice.com\/de\/wp-json\/wp\/v2\/comments?post=123109"}],"version-history":[{"count":3,"href":"https:\/\/ab-marineservice.com\/de\/wp-json\/wp\/v2\/pages\/123109\/revisions"}],"predecessor-version":[{"id":340339,"href":"https:\/\/ab-marineservice.com\/de\/wp-json\/wp\/v2\/pages\/123109\/revisions\/340339"}],"wp:attachment":[{"href":"https:\/\/ab-marineservice.com\/de\/wp-json\/wp\/v2\/media?parent=123109"}],"curies":[{"name":"wp","href":"https:\/\/api.w.org\/{rel}","templated":true}]}}