{"id":12524,"date":"2017-12-17T19:11:24","date_gmt":"2017-12-17T18:11:24","guid":{"rendered":"https:\/\/ab-marineservice.com\/?page_id=12524"},"modified":"2019-06-12T11:22:54","modified_gmt":"2019-06-12T09:22:54","slug":"ueber-uns","status":"publish","type":"page","link":"https:\/\/ab-marineservice.com\/de\/ueber-uns\/","title":{"rendered":"\u00dcber uns"},"content":{"rendered":"<h3>\u00dcber AB Marine service<\/h3>\n<p>Um 2005 haben wir im Wassersportbereich angefangen, nach einer Ausbildung und mehrj\u00e4hriger T\u00e4tigkeit als mobiler Werkzeugtechniker begegnet man den unterschiedlichsten Herausforderungen. Durch die Arbeit sowohl in der Werkstatt als auch vor Ort, wo nicht alles immer vorhanden ist, wird man auf technischem Gebiet kreativ und innovativ.<\/p>\n<h4>Der Wechsel?<\/h4>\n<p>Werkzeuge und Wassersport haben wohl nichts miteinander zu tun? Am Ende unterscheiden sich die Laufwerke kaum. Denken Sie daran, dass ein Dieselmotor in einem Boot oft dieselbe Grundlage hat. Nach diesem Wechsel hatte ich die M\u00f6glichkeit, mein Hobby zum Beruf zu machen. In einer Werkstatt am Haus und mit einem Team begeisterter Mitarbeiter sind wir inzwischen ein zuverl\u00e4ssiger Lieferant im Wassersportsektor, mit gro\u00dfer Sachkenntnis auf technischem Gebiet und der Lieferung von Ersatzteilen geworden.<\/p>\n<h4>Meine Leitidee? <\/h4>\n<p>Oder besser, unsere Leitidee, denn wir wollen jedem gerne bei seiner oder ihrer technischen Herausforderung helfen. Denn, wenn Sie ein Bootseigner sind, bekommen Sie es ganz von alleine mit technischen Dingen zu tun. Gibt es denn etwas Sch\u00f6neres, als selbst im Winter sein Boot pflegen zu k\u00f6nnen. Wissen soll in der aktuellen Zeit geteilt werden. Und Wissen f\u00fcr sich behalten, ist verlorenes Wissen. Daher sind wir auch der Meinung, dass jeder von unserem Wissen Gebrauch machen kann, um sein oder ihr Projekt verwirklichen zu k\u00f6nnen.<\/p>\n<p>Wenn Sie eine technische Frage haben, k\u00f6nnen Sie diese gerne stellen.<\/p>\n","protected":false},"excerpt":{"rendered":"<p>\u00dcber AB Marine service Um 2005 haben wir im Wassersportbereich angefangen, nach einer Ausbildung und mehrj\u00e4hriger T\u00e4tigkeit als mobiler Werkzeugtechniker begegnet man den unterschiedlichsten Herausforderungen. Durch die Arbeit sowohl in [&hellip;]<\/p>\n","protected":false},"author":1,"featured_media":0,"parent":0,"menu_order":2,"comment_status":"closed","ping_status":"closed","template":"","meta":{"footnotes":""},"class_list":["post-12524","page","type-page","status-publish","hentry"],"_links":{"self":[{"href":"https:\/\/ab-marineservice.com\/de\/wp-json\/wp\/v2\/pages\/12524","targetHints":{"allow":["GET"]}}],"collection":[{"href":"https:\/\/ab-marineservice.com\/de\/wp-json\/wp\/v2\/pages"}],"about":[{"href":"https:\/\/ab-marineservice.com\/de\/wp-json\/wp\/v2\/types\/page"}],"author":[{"embeddable":true,"href":"https:\/\/ab-marineservice.com\/de\/wp-json\/wp\/v2\/users\/1"}],"replies":[{"embeddable":true,"href":"https:\/\/ab-marineservice.com\/de\/wp-json\/wp\/v2\/comments?post=12524"}],"version-history":[{"count":0,"href":"https:\/\/ab-marineservice.com\/de\/wp-json\/wp\/v2\/pages\/12524\/revisions"}],"wp:attachment":[{"href":"https:\/\/ab-marineservice.com\/de\/wp-json\/wp\/v2\/media?parent=12524"}],"curies":[{"name":"wp","href":"https:\/\/api.w.org\/{rel}","templated":true}]}}