{"id":140254,"date":"2023-03-21T12:31:17","date_gmt":"2023-03-21T11:31:17","guid":{"rendered":"https:\/\/ab-marineservice.com\/willkommen-bei-ab-marine-service\/"},"modified":"2023-03-21T12:31:22","modified_gmt":"2023-03-21T11:31:22","slug":"willkommen-bei-ab-marine-service","status":"publish","type":"page","link":"https:\/\/ab-marineservice.com\/de\/willkommen-bei-ab-marine-service\/","title":{"rendered":"Willkommen bei AB Marine Service"},"content":{"rendered":"<div class=\"wpb-content-wrapper\"><p>[vc_row][vc_column][vc_column_text]<\/p>\n<p style=\"font-weight: 400;\">Wie sch\u00f6n, dass wir zu Ihrem Segelvergn\u00fcgen beitragen k\u00f6nnen! Vielen Dank f\u00fcr Ihren ersten Einkauf bei AB Marine Service.\u00a0Unsere Mission ist es, die Wartung von Booten zu vereinfachen. Dies durch Hilfe, Beratung und Vermittlung der besten technischen Teile und Produkte. Wir m\u00f6chten Sie motivieren, technische Herausforderungen selbst anzugehen, aber nat\u00fcrlich mit unserer Telefonnummer als Helpline. Denn nichts macht mehr Spa\u00df, als sein Boot selbst warten zu k\u00f6nnen, oder? Wenn Sie es nicht ganz herausfinden k\u00f6nnen, z\u00f6gern Sie nicht, uns anzurufen! Wir helfen Ihnen gerne weiter.<\/p>\n<p>[\/vc_column_text][\/vc_column][\/vc_row][vc_row][vc_column][vc_separator color=&#8221;custom&#8221; border_width=&#8221;6&#8243; accent_color=&#8221;#dd8732&#8243;][\/vc_column][\/vc_row][vc_row][vc_column width=&#8221;1\/2&#8243;][vc_single_image image=&#8221;139597&#8243; img_size=&#8221;1080&#215;1080&#8243;][\/vc_column][vc_column width=&#8221;1\/2&#8243;][vc_column_text]<br \/>\n<b><span data-contrast=\"auto\">Eigner Alex \u00fcber AB Marine Service:<\/span><\/b><span data-ccp-props=\"{}\">\u00a0<\/span><\/p>\n<p><span data-contrast=\"auto\">&#8220;Nat\u00fcrlich steht Professionalit\u00e4t im Vordergrund, aber mit einem Augenzwinkern ist alles erlaubt. Wir sind auch nur Menschen. Wir scherzen, wir lachen, wir reden eine Weile dar\u00fcber und wir gehen weiter.\u202fLernen Sie unser Team vorab kennen, damit Sie wissen, mit wem Sie es zu tun haben.&#8221;<\/span><span data-ccp-props=\"{}\">\u00a0<\/span>[\/vc_column_text][vc_btn title=&#8221;Lerne uns kennen&#8221; color=&#8221;primary&#8221; link=&#8221;url:https%3A%2F%2Fab-marineservice.com%2Fde%2Fueber-uns-2%2F|&#8221;][\/vc_column][\/vc_row][vc_row][vc_column][vc_separator color=&#8221;custom&#8221; border_width=&#8221;6&#8243; accent_color=&#8221;#dd8732&#8243;][\/vc_column][\/vc_row][vc_row][vc_column][vc_column_text]<b><span data-contrast=\"auto\">Haben Sie eine Frage oder einen Kommentar f\u00fcr uns?<\/span><\/b><span data-ccp-props=\"{}\">\u00a0<\/span><\/p>\n<p><span data-contrast=\"auto\">Zum Beispiel zu Ihrer Bestellung oder unserem Service? Wir w\u00fcrden es gerne h\u00f6ren. Sie erreichen uns von Montag bis Samstag von 8:30 bis 17:30 Uhr ganz einfach per E-Mail an \u202f<\/span><a href=\"mailto:info@ab-marineservice.nl\"><span data-contrast=\"auto\">info@ab-marineservice.nl<\/span><\/a><span data-contrast=\"auto\">, telefonisch unter \u202f<\/span><a href=\"tel:0514745007\"><span data-contrast=\"auto\">0514-745\u202f007<\/span><\/a><span data-contrast=\"auto\">\u202f oder per Senden einer Nachricht \u00fcber \u202f<\/span><a href=\"https:\/\/wa.me\/31682342070\" rel=\"noopener\"><span data-contrast=\"auto\">WhatsApp<\/span><\/a><span data-contrast=\"auto\">. Ein Kompliment ist nat\u00fcrlich immer willkommen! Sie w\u00fcrden uns sehr helfen, indem Sie eine Bewertung auf Google hinterlassen.<\/span><span data-ccp-props=\"{}\">\u00a0<\/span>[\/vc_column_text][vc_btn title=&#8221;Eine Rezension schreiben&#8221; color=&#8221;primary&#8221; size=&#8221;lg&#8221; align=&#8221;center&#8221; link=&#8221;url:https%3A%2F%2Fwww.google.com%2Fmaps%2Fplace%2FAB%2BMarineservice%2Bwebshop%2F%4052.880621%2C5.4567409%2C17z%2Fdata%3D%213m1%214b1%214m6%213m5%211s0x47c8938d93d3d721%3A0xf2d7fe5925359afd%218m2%213d52.880621%214d5.4567409%2116s%252Fg%252F1hc1grdhv|&#8221;][\/vc_column][\/vc_row][vc_row][vc_column][vc_single_image image=&#8221;139603&#8243; img_size=&#8221;Full&#8221;][\/vc_column][\/vc_row]<\/p>\n<\/div>","protected":false},"excerpt":{"rendered":"<p>[vc_row][vc_column][vc_column_text] Wie sch\u00f6n, dass wir zu Ihrem Segelvergn\u00fcgen beitragen k\u00f6nnen! Vielen Dank f\u00fcr Ihren ersten Einkauf bei AB Marine Service.\u00a0Unsere Mission ist es, die Wartung von Booten zu vereinfachen. Dies [&hellip;]<\/p>\n","protected":false},"author":1,"featured_media":0,"parent":0,"menu_order":0,"comment_status":"closed","ping_status":"closed","template":"","meta":{"footnotes":""},"class_list":["post-140254","page","type-page","status-publish","hentry"],"_links":{"self":[{"href":"https:\/\/ab-marineservice.com\/de\/wp-json\/wp\/v2\/pages\/140254","targetHints":{"allow":["GET"]}}],"collection":[{"href":"https:\/\/ab-marineservice.com\/de\/wp-json\/wp\/v2\/pages"}],"about":[{"href":"https:\/\/ab-marineservice.com\/de\/wp-json\/wp\/v2\/types\/page"}],"author":[{"embeddable":true,"href":"https:\/\/ab-marineservice.com\/de\/wp-json\/wp\/v2\/users\/1"}],"replies":[{"embeddable":true,"href":"https:\/\/ab-marineservice.com\/de\/wp-json\/wp\/v2\/comments?post=140254"}],"version-history":[{"count":0,"href":"https:\/\/ab-marineservice.com\/de\/wp-json\/wp\/v2\/pages\/140254\/revisions"}],"wp:attachment":[{"href":"https:\/\/ab-marineservice.com\/de\/wp-json\/wp\/v2\/media?parent=140254"}],"curies":[{"name":"wp","href":"https:\/\/api.w.org\/{rel}","templated":true}]}}