{"id":16124,"date":"2018-06-20T11:33:06","date_gmt":"2018-06-20T09:33:06","guid":{"rendered":"https:\/\/ab-marineservice.com\/datenschutzerklarung-und-impressum\/"},"modified":"2020-07-22T10:30:46","modified_gmt":"2020-07-22T08:30:46","slug":"datenschutzerklarung-und-impressum","status":"publish","type":"page","link":"https:\/\/ab-marineservice.com\/de\/datenschutzerklarung-und-impressum\/","title":{"rendered":"Impressum und Datenschutzkl\u00e4rung"},"content":{"rendered":"<p>AB Marine service kann personenbezogene Daten \u00fcber Sie verarbeiten, da Sie die Dienste von AB Marine service in Anspruch nehmen und\/oder Sie diese Daten selbst AB Marine service beim Ausf\u00fcllen eines Kontaktformulars auf der Website zur Verf\u00fcgung stellen.<\/p>\n<p>AB Marine service kann die folgenden personenbezogenen Daten verarbeiten:<br \/>\n&#8211; Ihren Vor-und Nachnamen<br \/>\n&#8211; Ihre Adressdaten<br \/>\n\u2013 Ihre Telefonnummer<br \/>\n\u2013 Ihre E-Mail-Adresse<br \/>\n\u2013 Ihre IP-Adresse<\/p>\n<p>Warum brauchen wir Ihre Daten?<\/p>\n<p>AB Marine service verarbeitet Ihre personenbezogenen Daten, um Sie auf Ihren Wunsch telefonisch und\/oder schriftlich (per E-Mail und\/oder per Post) kontaktieren zu k\u00f6nnen, falls Sie unerwartet telefonisch nicht erreichbar sind. Dar\u00fcber hinaus kann AB Marine service Ihre personenbezogenen Daten im Rahmen einer mit Ihnen geschlossenen Auftragsvereinbarung nutzen, die in aller Regel aus juristischen Dienstleistungen besteht.<\/p>\n<p>Wie lange werden Ihre Daten gespeichert?<\/p>\n<p>Wir speichern Ihre personenbezogenen Daten nicht l\u00e4nger als unbedingt notwendig, um die Ziele zu erreichen, f\u00fcr die Ihre Daten erhoben werden. Ihre Daten werden nicht l\u00e4nger als ein Jahr gespeichert, wenn keine Vereinbarung mit Ihnen zustande kommt.<\/p>\n<p>\u00dcbermittlung an Dritte<\/p>\n<p>AB Marine service \u00fcbermittelt Ihre personenbezogenen Daten nur dann an Dritte, wenn dies f\u00fcr die Durchf\u00fchrung eines Vertrages mit Ihnen oder zur Erf\u00fcllung einer gesetzlichen Verpflichtung erforderlich ist.<\/p>\n<p>Analyse Ihres Website-Besuchs<\/p>\n<p>Auf der Website von AB Marine service werden allgemeine Besuchsdaten gef\u00fchrt, einschlie\u00dflich der IP-Adresse Ihres Computers und der Zeit des Abrufs und der Daten, die Ihr Browser mitsendet. Diese Daten werden zur Analyse des Besucher- und Klickverhaltens auf der Website verwendet. AB Marine service verwendet diese Informationen, um die Funktion der Website zu verbessern. Diese Daten werden so weit wie m\u00f6glich anonymisiert und werden nicht an Dritte weitergegeben.<\/p>\n<p>Google Analytics<\/p>\n<p>AB Marine service nutzt Google Analytics, um dar\u00fcber informiert zu sein, wie Nutzer die Website nutzen und wie effektiv die AdWords-Anzeigen von uns auf den Google-Suchergebnisseiten sind. Die erhaltenen Informationen einschlie\u00dflich der Adresse Ihres Computers (IP-Adresse) werden an Google \u00fcbermittelt und von Google auf Servern in den Vereinigten Staaten gespeichert. Lesen Sie die Datenschutzerkl\u00e4rung von Google f\u00fcr weitere Informationen. Hier finden Sie auch die Datenschutzerkl\u00e4rung von Google Analytics. Google verwendet diese Informationen, um zu verfolgen, wie unsere Website genutzt wird und um uns Berichte \u00fcber die Website bereitstellen und ihren Inserenten Auskunft \u00fcber die Effektivit\u00e4t ihrer Kampagnen geben zu k\u00f6nnen. Google kann diese Informationen an Dritte weitergeben, wenn Google dazu gesetzlich verpflichtet wird oder soweit Dritte die Informationen im Auftrag von Google verarbeiten. AB Marine service hat darauf keinen Einfluss. AB Marine service hat Google nicht die Erlaubnis erteilt, Analytics-Informationen, die sie von AB Marine erhalten hat, f\u00fcr andere Google-Dienste zu verwenden.<\/p>\n<p>Auskunft \u00fcber, \u00c4nderung von oder L\u00f6schung Ihrer Daten<\/p>\n<p>Sie haben das Recht, Auskunft \u00fcber Ihre personenbezogenen Daten zu verlangen, diese zu \u00e4ndern oder zu l\u00f6schen. Sie k\u00f6nnen den Antrag auf Auskunft, Berichtigung oder L\u00f6schung an info@ab-marineservice.com senden. AB Marine service wird so schnell wie m\u00f6glich, jedoch sp\u00e4testens innerhalb von vier Wochen auf Ihre Anfrage antworten.<\/p>\n<p>Sicherheitsma\u00dfnahmen<\/p>\n<p>AB Marine service nimmt den Schutz Ihrer personenbezogenen Daten ernst und ergreift geeignete Ma\u00dfnahmen, um Missbrauch, Verlust, unbefugtem Zugriff, unerw\u00fcnschter Ver\u00f6ffentlichung und unerlaubten \u00c4nderungen entgegenzuwirken. Die Website von AB Marine service verwendet ein zuverl\u00e4ssiges SSL-Zertifikat, um sicherzustellen, dass Ihre pers\u00f6nlichen Daten nicht in falsche H\u00e4nde geraten. Wenn Sie den Eindruck haben, dass Ihre Daten nicht ordnungsgem\u00e4\u00df gesichert sind oder es Anzeichen von Missbrauch gibt, oder wenn Sie weitere Ausk\u00fcnfte \u00fcber die Sicherheit der von AB Marine service erhobenen personenbezogenen Daten w\u00fcnschen, kontaktieren Sie uns bitte unter info@ab-marinerservice.com. www.ab-marinerservice.com ist eine Website von AB Marine service.<\/p>\n<p>Wir sind wie folgt zu erreichen:<\/p>\n<p>Postanschrift: De Klaster 1b, NL-8584 VA Hemelum<br \/>\nNiederlassungsadresse: De Klaster 1b, NL-8584 VA Hemelum<br \/>\nRegistrierungsnummer Handelsregister Industrie- und Handelskammer: 53880528<br \/>\nTelefon: +31 (0) 629578765<br \/>\nE-Mail-Adresse: info@ab-marineservice.com<\/p>\n","protected":false},"excerpt":{"rendered":"<p>AB Marine service kann personenbezogene Daten \u00fcber Sie verarbeiten, da Sie die Dienste von AB Marine service in Anspruch nehmen und\/oder Sie diese Daten selbst AB Marine service beim Ausf\u00fcllen [&hellip;]<\/p>\n","protected":false},"author":1,"featured_media":0,"parent":0,"menu_order":0,"comment_status":"closed","ping_status":"closed","template":"","meta":{"footnotes":""},"class_list":["post-16124","page","type-page","status-publish","hentry"],"_links":{"self":[{"href":"https:\/\/ab-marineservice.com\/de\/wp-json\/wp\/v2\/pages\/16124","targetHints":{"allow":["GET"]}}],"collection":[{"href":"https:\/\/ab-marineservice.com\/de\/wp-json\/wp\/v2\/pages"}],"about":[{"href":"https:\/\/ab-marineservice.com\/de\/wp-json\/wp\/v2\/types\/page"}],"author":[{"embeddable":true,"href":"https:\/\/ab-marineservice.com\/de\/wp-json\/wp\/v2\/users\/1"}],"replies":[{"embeddable":true,"href":"https:\/\/ab-marineservice.com\/de\/wp-json\/wp\/v2\/comments?post=16124"}],"version-history":[{"count":0,"href":"https:\/\/ab-marineservice.com\/de\/wp-json\/wp\/v2\/pages\/16124\/revisions"}],"wp:attachment":[{"href":"https:\/\/ab-marineservice.com\/de\/wp-json\/wp\/v2\/media?parent=16124"}],"curies":[{"name":"wp","href":"https:\/\/api.w.org\/{rel}","templated":true}]}}