{"id":22562,"date":"2019-08-06T13:12:15","date_gmt":"2019-08-06T11:12:15","guid":{"rendered":"https:\/\/ab-marineservice.com\/bezahlung-und-versand\/"},"modified":"2021-01-21T16:56:22","modified_gmt":"2021-01-21T15:56:22","slug":"bezahlung-und-versand","status":"publish","type":"page","link":"https:\/\/ab-marineservice.com\/de\/bezahlung-und-versand\/","title":{"rendered":"Bezahlung und Versand"},"content":{"rendered":"<p><strong>Wie kann ich bezahlen? <\/strong><br \/>\nWir sind zwar ein Webshop, beschr\u00e4nken unsere Zahlungsm\u00f6glichkeiten jedoch nicht auf Internetbanking. Zus\u00e4tzlich zu iDEAL haben wir die folgenden Optionen aufgelistet. Wenn Sie Fragen zu Zahlungen oder Garantiebedingungen haben, wenden Sie sich bitte an uns.<\/p>\n<p>\u00dcbertragen<br \/>\nBelfius Direct Net<br \/>\nKreditkarte<br \/>\niDEAL<br \/>\nBancontact<br \/>\nMister Cash<br \/>\nPayPal<br \/>\nSOFORT Banking<br \/>\nKBC\/CBC<br \/>\nING Home\u2019Pay<br \/>\nKlarna sp\u00e4ter bezahlen<br \/>\nKlarna Zahlungen verteilen<br \/>\nApple pay<br \/>\nEPS pay<br \/>\nGiropay<br \/>\nBelfius direct<br \/>\nPrzelewy24<\/p>\n<p><strong>Versand:<\/strong><\/p>\n<p>AB Marine Service nutzt den PostNL-Versandservice. Wenn die Artikel vorr\u00e4tig sind, liefern wir in der Regel am n\u00e4chsten Liefertag (Montag bis Samstag). Wir versuchen, den Lagerbestand so genau wie m\u00f6glich anzuzeigen, k\u00f6nnen dies jedoch nicht garantieren, bis die Bestellung abgeschlossen ist. Wenn Sie eine dringende Sendung haben, kontaktieren Sie uns bitte f\u00fcr den Status und die Lieferzeit der Produkte. Nach Ihrer Bestellung erhalten Sie eine Best\u00e4tigung per E-Mail und sp\u00e4ter in der Regel abends einen Track &#038; Trace-Code von der Post NL.<\/p>\n<p>Wir liefern nur gegen Vorauskasse, haben aber auch Nachzahlungsm\u00f6glichkeiten.<\/p>\n<p><strong>R\u00fcckgabe &#8211; Garantie f\u00fcr Online-Eink\u00e4ufe <\/strong><br \/>\nEs ist \u00e4rgerlich, wenn ein Produkt nicht richtig funktioniert oder defekt geht.<br \/>\nZum Gl\u00fcck gew\u00e4hren wir eine Garantie von 2 Jahren ab Kauf- und Rechnungsdatum.<br \/>\nSie k\u00f6nnen ein R\u00fccksendeetikett f\u00fcr einen Garantieanspruch anfordern.<\/p>\n<ul>\n<li>Die Produkte m\u00fcssen von sachkundigen Personen unter Ber\u00fccksichtigung der Sicherheit installiert werden.<\/li>\n<li>Die R\u00fcckgabe von Online-Einkauf ist bis zu 14 Tage nach Lieferung m\u00f6glich, wenn sie unbenutzt und unbesch\u00e4digt erfolgt\u00a0an die <a href=\"https:\/\/ab-marineservice.com\/de\/kontakt\/\">Postanschrift\u00a0\u00a0<\/a><\/li>\n<li>Nach Erhalt Ihrer R\u00fccksendung schreiben wir die Bestellung innerhalb von 14 Tagen gut. <\/li>\n<li>R\u00fccksendungen gehen zu Lasten des K\u00e4ufers, f\u00fcr Garantie- und Schadensf\u00e4lle k\u00f6nnen Sie einen R\u00fcckschein anfordern.<\/li>\n<li>Elektronische (regulierte) Komponenten wie Regler, Relais, Lichtmaschinen und Dynastarter k\u00f6nnen, wenn sie schon einmal angeschlossen worden sind, nicht mehr zur\u00fcckgesendet werden.<\/li>\n<\/ul>\n<p>Postanschrift:<\/p>\n<p>AB Marine service<br \/>\nDe Klaster 1b<br \/>\n8584VA Hemelum<\/p>\n","protected":false},"excerpt":{"rendered":"<p>Wie kann ich bezahlen? Wir sind zwar ein Webshop, beschr\u00e4nken unsere Zahlungsm\u00f6glichkeiten jedoch nicht auf Internetbanking. Zus\u00e4tzlich zu iDEAL haben wir die folgenden Optionen aufgelistet. Wenn Sie Fragen zu Zahlungen [&hellip;]<\/p>\n","protected":false},"author":1,"featured_media":0,"parent":0,"menu_order":0,"comment_status":"closed","ping_status":"closed","template":"","meta":{"footnotes":""},"class_list":["post-22562","page","type-page","status-publish","hentry"],"_links":{"self":[{"href":"https:\/\/ab-marineservice.com\/de\/wp-json\/wp\/v2\/pages\/22562","targetHints":{"allow":["GET"]}}],"collection":[{"href":"https:\/\/ab-marineservice.com\/de\/wp-json\/wp\/v2\/pages"}],"about":[{"href":"https:\/\/ab-marineservice.com\/de\/wp-json\/wp\/v2\/types\/page"}],"author":[{"embeddable":true,"href":"https:\/\/ab-marineservice.com\/de\/wp-json\/wp\/v2\/users\/1"}],"replies":[{"embeddable":true,"href":"https:\/\/ab-marineservice.com\/de\/wp-json\/wp\/v2\/comments?post=22562"}],"version-history":[{"count":0,"href":"https:\/\/ab-marineservice.com\/de\/wp-json\/wp\/v2\/pages\/22562\/revisions"}],"wp:attachment":[{"href":"https:\/\/ab-marineservice.com\/de\/wp-json\/wp\/v2\/media?parent=22562"}],"curies":[{"name":"wp","href":"https:\/\/api.w.org\/{rel}","templated":true}]}}