{"id":300678,"date":"2024-12-06T13:10:46","date_gmt":"2024-12-06T12:10:46","guid":{"rendered":"https:\/\/ab-marineservice.com\/?page_id=300678"},"modified":"2024-12-06T13:10:51","modified_gmt":"2024-12-06T12:10:51","slug":"zipwake-systeme-haeufig-gestellte-fragen","status":"publish","type":"page","link":"https:\/\/ab-marineservice.com\/de\/zipwake-systeme-haeufig-gestellte-fragen\/","title":{"rendered":"Zipwake Systeme &#8211; H\u00e4ufig gestellte Fragen"},"content":{"rendered":"\n<p class=\"has-medium-font-size\"><strong>H\u00e4ufig gestellte Fragen zum Zipwake-Systeme<\/strong><\/p>\n\n<p><strong>Was ist der Preisunterschied zwischen Zipwake und konventionellen Trimmklappen?<\/strong><\/p>\n\n<p>Das Zipwake-Interzeptorsystem liegt in der Regel auf einem h\u00f6heren Preisniveau als traditionelle, manuell bediente Trimmklappen. Wenn jedoch die gleiche automatische Funktionalit\u00e4t zu einem traditionellen Trimmkappensystem hinzugef\u00fcgt wird, sind die Kosten vergleichbar mit denen von Zipwake, wenn nicht sogar etwas h\u00f6her als die eines Zipwake-Systems f\u00fcr dasselbe Boot.<\/p>\n\n<p><strong>F\u00fcr welche Arten von Booten sind die Zipwake-Systeme geeignet?<\/strong><\/p>\n\n<p>Zipwake bietet zwei verschiedene Produktreihen an, n\u00e4mlich Series S und Series E. Diese Produktreihen sind darauf ausgelegt, Boote mit einer L\u00e4nge von 20 Fu\u00df (6,10 Meter) bis 100 Fu\u00df (30,48 Meter) zu bedienen.<\/p>\n\n<p>Series S: F\u00fcr Boote von 20 Fu\u00df (6,10 Meter) bis 60 Fu\u00df (18,29 Meter).<\/p>\n\n<p>Series E: F\u00fcr Boote von 50 Fu\u00df (15,24 Meter) bis 100 Fu\u00df (30,48 Meter).<\/p>\n\n<p><strong>Bei welchen Geschwindigkeiten sind Zipwake-Interzeptoren effektiv?<\/strong><\/p>\n\n<p>Zipwake-Interzeptoren kommen optimal bei schnell fahrenden und halbschnell fahrenden Booten zur Geltung. Boote, die mit einer Geschwindigkeit von weniger als 10 Knoten fahren, werden wahrscheinlich weniger ausgepr\u00e4gte Vorteile vom Zipwake-System erfahren. F\u00fcr sehr schnelle Boote ist es relevant zu wissen, dass sich die Interzeptoren selbst vor Besch\u00e4digungen bei Geschwindigkeiten \u00fcber 60 Knoten sch\u00fctzen, indem sie automatisch einfahren, was zur Haltbarkeit des Systems beitr\u00e4gt.<\/p>\n\n<p><strong>Erzeugen Zipwake-Interzeptoren Widerstand und verringern sie die Bootsgeschwindigkeit?<\/strong><\/p>\n\n<p>Technisch gesehen erzeugt jedes unter der Wasserlinie an einem Boot angebrachte Teil einen gewissen Grad an Widerstand. Die kleinen Bl\u00e4tter der Zipwake-Interzeptoren, mit Abmessungen von 30 mm f\u00fcr Series S-Interzeptoren und 60 mm f\u00fcr Series E-Interzeptoren, minimieren diesen Widerstand jedoch erheblich. Bemerkenswert ist, dass umfangreiche Tests zeigen, dass das Zipwake-System, wenn es im Vergleich zu Systemen ohne Interzeptoren verwendet wird, sogar eine leichte Zunahme der Geschwindigkeit aufweisen kann, auch dank der effizienten Auftriebserzeugung am Spiegel.<\/p>\n\n<p><strong>Welche Stromversorgung wird f\u00fcr ein Zipwake-Systeme ben\u00f6tigt?<\/strong><\/p>\n\n<p>Alle Zipwake-Systeme sind darauf ausgelegt, mit Gleichstrom (DC) elektrischer Energie zu funktionieren, und sie operieren im breiten Bereich von 12-32 VDC. Dies macht das System kompatibel mit den meisten elektrischen Systemen an Bord von Booten und bietet Flexibilit\u00e4t in Bezug auf Stromquellen.<\/p>\n\n<p><strong>Was bedeuten die Zahlen im Namen eines Zipwake-Systems?<\/strong><\/p>\n\n<p>In der Bezeichnung eines Zipwake-Systems, zum Beispiel dem Dynamic Trim Tabs Serie 600-E Kit, beziehen sich die Zahlen auf die Breite der Interzeptoren in Millimetern. Dieses spezielle Kit enth\u00e4lt zwei Interzeptoren mit einer Breite von 600 mm. Diese pr\u00e4zise Angabe der Abmessungen erleichtert es Bootseigent\u00fcmern, das richtige Produkt basierend auf ihren Bootsspezifikationen auszuw\u00e4hlen.<\/p>\n\n<p><strong>Wie viele Interzeptoren ben\u00f6tigt mein Boot?<\/strong><\/p>\n\n<p>Zipwake-Systeme k\u00f6nnen bis zu sechs Interzeptoren auf einem Boot verarbeiten, mit drei auf jeder Seite der Mittellinie. In vielen F\u00e4llen sind nicht sechs Interzeptoren erforderlich, und zwei oder vier reichen aus. Die ben\u00f6tigte Menge kann durch den Grad bestimmt werden, in dem der Spiegel des Bootes von Interzeptoren abgedeckt werden kann. Zipwake empfiehlt, mindestens 30% der Breite des Spiegels abzudecken, aber aus Erfahrung zeigt sich, dass Installationen mit 50% oder mehr des Spiegels optimal funktionieren. Das Ausf\u00fcllen des Zipwake-Fragebogens f\u00fcr spezifische Bootsinformationen bietet die beste Anleitung zur Bestimmung der Anzahl ben\u00f6tigter Interzeptoren.<\/p>\n\n<p><strong>Wie viele Interzeptoren ben\u00f6tigt mein Boot?<\/strong><\/p>\n\n<p>Im Allgemeinen wird empfohlen, Zipwake-Interzeptoren direkt auf dem Spiegel zu montieren, um den Gro\u00dfteil des Auftriebs so weit wie m\u00f6glich hinten im Boot zu erzeugen. Dies bedeutet in der Regel, dass das versenkte Trimmklappenblatt entfernt wird und die Aussparung mit Glasfaser gef\u00fcllt wird. Je nach Tiefe der Aussparung gibt es jedoch F\u00e4lle, in denen dies nicht notwendig ist, was zu einer gewissen Flexibilit\u00e4t im Installationsverfahren f\u00fchrt.<\/p>\n\n<p><strong>Kann ich ein Zipwake-System manuell bedienen?<\/strong><\/p>\n\n<p>Zipwake-Systeme verf\u00fcgen \u00fcber die M\u00f6glichkeit der manuellen Bedienung mithilfe der beiden Tasten auf der Bedienkonsole. Dennoch bevorzugt die Mehrheit der Besitzer den automatischen Modus, bei dem das System selbst die Interzeptoren auf Grundlage der Seebedingungen und der Gewichtsverteilung an Bord anpasst. Dadurch ist es nicht erforderlich, die Interzeptoren st\u00e4ndig manuell anzupassen.<\/p>\n\n<p><strong>Muss Zipwake mit einem externen GPS verbunden werden?<\/strong><\/p>\n\n<p>Die Bedienkonsole f\u00fcr alle Zipwake-Systeme ist mit einem integrierten GPS, einem Beschleunigungssensor und einem Solid-State-Gyrosensor ausgestattet. Dadurch kann das System die Bewegungen des Bootes pr\u00e4zise selbst verfolgen. F\u00fcr spezifische Situationen, in denen Hindernisse an Bord den Empfang des GPS-Signals beeintr\u00e4chtigen k\u00f6nnten, steht ein offener NMEA 2000-Port zur Verf\u00fcgung, um das System mit einem externen GPS zu verbinden. Diese Anpassung bietet eine L\u00f6sung f\u00fcr verschiedene Navigationsbedingungen.<\/p>\n\n<p><strong>Welche saisonale Wartung ist erforderlich?<\/strong><\/p>\n\n<p>Die Zipwake-Interzeptoren zeichnen sich durch einen bemerkenswerten Grad an wartungsfreier Nutzung aus. Um optimale Leistung zu gew\u00e4hrleisten, sollten die Interzeptoren periodisch von eventuellem Bewuchs gereinigt werden. Ein zus\u00e4tzlicher Schritt beinhaltet das Streichen der Interzeptoren mit dem gleichen Antifouling, das am Rumpf verwendet wird, in einer Frequenz, die dem Streichen des Rumpfes entspricht. Falls das Boot kontinuierlich im Wasser liegt, wird empfohlen, die vordere Platte j\u00e4hrlich zu entfernen und eventuellen Bewuchs von innen auszusp\u00fclen. F\u00fcr einen noch effektiveren Ansatz gegen Bewuchs steht die &#8220;Auto-Clean&#8221;-Funktion zur Verf\u00fcgung. Diese Funktion sorgt daf\u00fcr, dass die Interzeptorenbl\u00e4tter periodisch aus- und einfahren, um den Bewuchs auf ein Minimum zu reduzieren. Es ist eine empfohlene Praxis f\u00fcr Bootseigent\u00fcmer, sich des saisonalen Wartungsbedarfs bewusst zu sein, um die Langlebigkeit des Systems zu gew\u00e4hrleisten.<\/p>\n\n<p><strong>Sind Software-Updates und elektrische Wartung erforderlich?<\/strong><\/p>\n\n<p>Neben der physischen Wartung umfasst die Pflege des Zipwake-Systems auch Software-Updates. Diese Updates k\u00f6nnen einfach durch das Herunterladen der neuesten Software von der Zipwake-Website auf einen USB-Stick durchgef\u00fchrt werden, der dann in die R\u00fcckseite der Steuerung gesteckt wird. Dadurch bleibt das System auf dem neuesten Stand mit den neuesten Funktionen und Leistungsverbesserungen. Wie jedes andere elektrische System an Bord wird empfohlen, die elektrischen Verbindungen regelm\u00e4\u00dfig zu \u00fcberpr\u00fcfen und zu reinigen, insbesondere wenn Anzeichen von Korrosion vorliegen. Dies gew\u00e4hrleistet einen konsistenten und zuverl\u00e4ssigen Betrieb des Zipwake-Systems.<\/p>\n\n<p><strong>Kann das Zipwake-System repariert werden?<\/strong><\/p>\n\n<p>Ein beruhigender Aspekt des Zipwake-Systems ist, dass jedes einzelne Teil reparierbar ist. Im Falle von Sch\u00e4den ist es also nicht notwendig, das gesamte System zu ersetzen. Der Interceptor besteht aus einer Vorderplatte, einschlie\u00dflich des Blattes, einem Servomotor und einer Hinterplatte, die am Spiegel montiert ist. Wenn beispielsweise ein Blatt besch\u00e4digt ist, muss nur die Vorderplatte ersetzt werden. Ebenso kann ein defekter Servomotor separat ausgetauscht werden. Dies vermeidet unn\u00f6tige Kosten und macht Reparaturen effizient und kosteng\u00fcnstig.<\/p>\n\n<p><strong>Was ist der Unterschied zwischen Interzeptoren: geraden, V-f\u00f6rmigen, Chine- und Tunnel-Interzeptoren?<\/strong><\/p>\n\n<p>Zipwake bietet verschiedene Arten von Interzeptoren, um verschiedenen Anforderungen gerecht zu werden. Gerade Interzeptoren haben die standardm\u00e4\u00dfige rechteckige Form und werden h\u00e4ufig installiert. V-f\u00f6rmige Interzeptorbl\u00e4tter haben eine V-f\u00f6rmige Form und sind darauf ausgelegt, direkt auf der Mittellinie des Bootes montiert zu werden, was zu zus\u00e4tzlichem Auftrieb f\u00fchrt. Chine-Interzeptoren haben schr\u00e4ge Bl\u00e4tter auf der Au\u00dfenseite und werden auf Booten mit umgekehrtem Chine verwendet. Der Winkel der Bl\u00e4tter betr\u00e4gt 20 Grad, mit Ausnahme des Series E 600 Chine, der einen Winkel von 15 Grad hat. Tunnel-Interzeptoren haben gebogene Bl\u00e4tter und werden \u00fcber einem Schraubentunnel auf Booten installiert, die einen solchen haben. Diese Vielfalt an Interceptor-Optionen erm\u00f6glicht es Bootseigent\u00fcmern, den am besten geeigneten Typ entsprechend ihrem spezifischen Bootsentwurf und ihren Leistungsanforderungen auszuw\u00e4hlen.<\/p>\n\n<p><strong>Verbessert Zipwake die Kraftstoffeffizienz?<\/strong><\/p>\n\n<p>Ein bemerkenswerter Vorteil des Zipwake-Systems ist die potenzielle Verbesserung der Kraftstoffeffizienz. Nach umfangreichen Tests hat Zipwake eine durchschnittliche Kraftstoffeinsparung von 4% bis 9% festgestellt, wenn das Zipwake-System im Automatikmodus verwendet wird. Diese Einsparungen variieren je nach Reisegeschwindigkeit des Bootes. Es ist jedoch wichtig zu beachten, dass jedes Boot einzigartig ist und die Ergebnisse je nach verschiedenen Umweltfaktoren und Seebedingungen variieren k\u00f6nnen. Dennoch bietet die Kraftstoffeffizienz des Zipwake-Systems einen wertvollen Vorteil f\u00fcr Bootseigent\u00fcmer, insbesondere f\u00fcr diejenigen, die regelm\u00e4\u00dfig lange Strecken zur\u00fccklegen.<\/p>\n\n<p class=\"has-medium-font-size\">Sind Sie an einem Zipwake-System interessiert? Erkunden Sie unsere dynamischen Trimml\u00f6sungen auf der Produktseite: <a href=\"https:\/\/ab-marineservice.com\/product-categorie\/elektrodelen\/trim-en-tilt-elektromotor\/dynamische-trim-taps-zipwake\/\">Zipwake Systeme.<\/a><\/p>\n","protected":false},"excerpt":{"rendered":"<p>H\u00e4ufig gestellte Fragen zum Zipwake-Systeme Was ist der Preisunterschied zwischen Zipwake und konventionellen Trimmklappen? Das Zipwake-Interzeptorsystem liegt in der Regel auf einem h\u00f6heren Preisniveau als traditionelle, manuell bediente Trimmklappen. Wenn [&hellip;]<\/p>\n","protected":false},"author":1,"featured_media":0,"parent":0,"menu_order":0,"comment_status":"closed","ping_status":"closed","template":"","meta":{"footnotes":""},"class_list":["post-300678","page","type-page","status-publish","hentry"],"_links":{"self":[{"href":"https:\/\/ab-marineservice.com\/de\/wp-json\/wp\/v2\/pages\/300678","targetHints":{"allow":["GET"]}}],"collection":[{"href":"https:\/\/ab-marineservice.com\/de\/wp-json\/wp\/v2\/pages"}],"about":[{"href":"https:\/\/ab-marineservice.com\/de\/wp-json\/wp\/v2\/types\/page"}],"author":[{"embeddable":true,"href":"https:\/\/ab-marineservice.com\/de\/wp-json\/wp\/v2\/users\/1"}],"replies":[{"embeddable":true,"href":"https:\/\/ab-marineservice.com\/de\/wp-json\/wp\/v2\/comments?post=300678"}],"version-history":[{"count":2,"href":"https:\/\/ab-marineservice.com\/de\/wp-json\/wp\/v2\/pages\/300678\/revisions"}],"predecessor-version":[{"id":339428,"href":"https:\/\/ab-marineservice.com\/de\/wp-json\/wp\/v2\/pages\/300678\/revisions\/339428"}],"wp:attachment":[{"href":"https:\/\/ab-marineservice.com\/de\/wp-json\/wp\/v2\/media?parent=300678"}],"curies":[{"name":"wp","href":"https:\/\/api.w.org\/{rel}","templated":true}]}}