{"id":318893,"date":"2024-06-12T10:57:17","date_gmt":"2024-06-12T08:57:17","guid":{"rendered":"https:\/\/ab-marineservice.com\/bestellung-ausserhalb-der-eu\/rucksendungen-ausserhalb-der-eu\/"},"modified":"2025-06-07T19:46:50","modified_gmt":"2025-06-07T17:46:50","slug":"rucksendungen-ausserhalb-der-eu","status":"publish","type":"page","link":"https:\/\/ab-marineservice.com\/de\/bestellung-ausserhalb-der-eu\/rucksendungen-ausserhalb-der-eu\/","title":{"rendered":"R\u00fccksendungen au\u00dferhalb der EU"},"content":{"rendered":"\r\n<ol class=\"wp-block-list\">\r\n<li><a href=\"#retourbuiteneu\">Wie kann ich eine Sendung zur\u00fccksenden?<\/a><\/li>\r\n\r\n\r\n\r\n<li><a href=\"#douanekosten\">Zollkosten<\/a><\/li>\r\n\r\n\r\n\r\n<li><a href=\"#garantiebuiteneu\">Garantie<\/a><\/li>\r\n<\/ol>\r\n\r\n\r\n\r\n<h2 class=\"wp-block-heading\" id=\"retourbuiteneu\">1. Wie kann ich eine Sendung au\u00dferhalb der EU zur\u00fccksenden?<\/h2>\r\n\r\n\r\n\r\n<p>Die R\u00fccksendung Ihres Online-Kaufs ist bis zu 14 Tage nach Lieferung m\u00f6glich, wenn diese nicht verwendet und unbesch\u00e4digt gesendet wurde. R\u00fccksendung aus einem Land au\u00dferhalb der Europ\u00e4ischen Union erfolgt in 7 Schritten:<\/p>\r\n\r\n\r\n\r\n<p>1. F\u00fcllen Sie das <a href=\"https:\/\/ab-marineservice.com\/wp-content\/uploads\/2024\/07\/DERetour-formulier-AB-Marine-service.pdf\">R\u00fccksendeformular<\/a> aus (oder kopieren Sie die Angaben und notieren Sie sie auf einem Blatt Papier, das Sie dem R\u00fccksendepaket beilegen). <br> <br>2. Wir senden Ihnen eine Handelsrechnung mit dem Hinweis, dass es sich um eine R\u00fccksendung handelt. <br> <br>3. Verpacken Sie das Produkt gut und sicher, am besten in der Originalverpackung. Dadurch wird sichergestellt, dass Ihr Produkt w\u00e4hrend des Transports unversehrt bleibt, sodass Sie eine volle R\u00fcckerstattung erhalten. <br> <br>4. Kleben Sie die R\u00fccksendeadresse (die finden Sie weiter unten auf dieser Seite) und die Rechnung auf die Verpackung. <br> <br>5. Fordern Sie das erforderliche Zollformular beim Spediteur Ihrer Wahl an. <br> <br>6. Der Spediteur verlangt eine R\u00fcckerstattung der gezahlten Mehrwertsteuer und der an den Zoll gezahlten Einfuhrz\u00f6lle. <br> <br>7. Nach Erhalt der R\u00fccksendung erhalten Sie innerhalb von 14 Tagen den Kaufbetrag ohne Versand-, Zoll- und Bearbeitungskosten auf Ihrem Konto.<\/p>\r\n\r\n\r\n\r\n<blockquote class=\"wp-block-quote is-layout-flow wp-block-quote-is-layout-flow\">\r\n<p><strong>Achtung: <\/strong>Die Versandkosten und etwaige Zusatzkosten, wie z. B. Zollkosten, gehen zu Ihren Lasten.<\/p>\r\n<\/blockquote>\r\n\r\n\r\n\r\n<h2 class=\"wp-block-heading\" id=\"douanekosten\">2. Zollkosten<\/h2>\r\n\r\n\r\n\r\n<p>Versand-, Zoll- und Bearbeitungskosten h\u00e4ngen vom Bestimmungsort, Gewicht und Art des Produkts ab. Erkundigen Sie sich bei Ihrem Spediteur nach den Kosten und der M\u00f6glichkeit einer R\u00fcckerstattung der gezahlten Einfuhrz\u00f6lle und Mehrwertsteuer.F\u00fcr die h\u00e4ufigsten L\u00e4nder geben wir Ihnen einen Link zu einer Website mit weiteren Informationen:<\/p>\r\n\r\n\r\n\r\n<p>Informationen zu R\u00fccksendungen aus dem <a href=\"https:\/\/www.gov.uk\/goods-sent-from-abroad\/tax-and-duty\" rel=\"noopener\">Vereinigte K\u00f6nigreich<\/a>.<\/p>\r\n\r\n\r\n\r\n<p>Informationen zu R\u00fccksendungen aus der <a href=\"https:\/\/www.cbp.gov\/trade\/basic-import-export\/internet-purchases\" rel=\"noopener\">Vereinigte Staaten<\/a>.<\/p>\r\n\r\n\r\n\r\n<p>Informationen zu R\u00fccksendungen aus  <a href=\"https:\/\/www.skatteetaten.no\/en\/person\/duties\/purchases-from-abroad\/returning-or-exchanging-goods-purchased-from-abroad\/\" rel=\"noopener\">Norwegen<\/a>.<\/p>\r\n\r\n\r\n\r\n<p>Informationen zu R\u00fccksendungen aus der <a href=\"https:\/\/www.bazg.admin.ch\/bazg\/en\/home\/informationen-firmen\/ausfuhr-aus-der-schweiz\/besondere-ausfuhrverfahren\/ruecksendungen-von-waren.html\" rel=\"noopener\">Schweiz<\/a>.<\/p>\r\n\r\n\r\n\r\n<h2 class=\"wp-block-heading\" id=\"garantiebuiteneu\">3. Garantie<\/h2>\r\n\r\n\r\n\r\n<p>Bitte kontaktieren Sie uns f\u00fcr Garantie und Besch\u00e4digungen per <a href=\"mailto:info@ab-marineservice.om\">info@ab-marineservice.com<\/a>. F\u00fcr Garantie und R\u00fccksendungen organisieren Sie den Versand au\u00dferhalb der EU selbst.<\/p>\r\n","protected":false},"excerpt":{"rendered":"<p>1. Wie kann ich eine Sendung au\u00dferhalb der EU zur\u00fccksenden? Die R\u00fccksendung Ihres Online-Kaufs ist bis zu 14 Tage nach Lieferung m\u00f6glich, wenn diese nicht verwendet und unbesch\u00e4digt gesendet wurde. [&hellip;]<\/p>\n","protected":false},"author":248,"featured_media":0,"parent":300819,"menu_order":0,"comment_status":"closed","ping_status":"closed","template":"","meta":{"footnotes":""},"class_list":["post-318893","page","type-page","status-publish","hentry"],"_links":{"self":[{"href":"https:\/\/ab-marineservice.com\/de\/wp-json\/wp\/v2\/pages\/318893","targetHints":{"allow":["GET"]}}],"collection":[{"href":"https:\/\/ab-marineservice.com\/de\/wp-json\/wp\/v2\/pages"}],"about":[{"href":"https:\/\/ab-marineservice.com\/de\/wp-json\/wp\/v2\/types\/page"}],"author":[{"embeddable":true,"href":"https:\/\/ab-marineservice.com\/de\/wp-json\/wp\/v2\/users\/248"}],"replies":[{"embeddable":true,"href":"https:\/\/ab-marineservice.com\/de\/wp-json\/wp\/v2\/comments?post=318893"}],"version-history":[{"count":5,"href":"https:\/\/ab-marineservice.com\/de\/wp-json\/wp\/v2\/pages\/318893\/revisions"}],"predecessor-version":[{"id":361404,"href":"https:\/\/ab-marineservice.com\/de\/wp-json\/wp\/v2\/pages\/318893\/revisions\/361404"}],"up":[{"embeddable":true,"href":"https:\/\/ab-marineservice.com\/de\/wp-json\/wp\/v2\/pages\/300819"}],"wp:attachment":[{"href":"https:\/\/ab-marineservice.com\/de\/wp-json\/wp\/v2\/media?parent=318893"}],"curies":[{"name":"wp","href":"https:\/\/api.w.org\/{rel}","templated":true}]}}