{"id":318902,"date":"2024-06-12T11:04:56","date_gmt":"2024-06-12T09:04:56","guid":{"rendered":"https:\/\/ab-marineservice.com\/angebot-gebrauchte-schiffsmotoren\/"},"modified":"2024-10-28T14:46:02","modified_gmt":"2024-10-28T13:46:02","slug":"angebot-gebrauchte-schiffsmotoren","status":"publish","type":"page","link":"https:\/\/ab-marineservice.com\/de\/angebot-gebrauchte-schiffsmotoren\/","title":{"rendered":"Angebot gebrauchte Schiffsmotoren"},"content":{"rendered":"<div class=\"wpb-content-wrapper\"><p>[vc_row][vc_column][vc_column_text]Wir haben regelm\u00e4\u00dfig wundersch\u00f6ne Exemplare in unserem Lager. Wir halten Sie \u00fcber diesen E-Mail-Newsletter auf dem Laufenden, da sich das Angebot h\u00e4ufig \u00e4ndert![\/vc_column_text][vc_raw_html css=&#8221;&#8221;]JTNDZGl2JTIwaWQlM0QlMjJtY19lbWJlZF9zaGVsbCUyMiUzRSUwQSUyMCUyMCUyMCUyMCUzQ2xpbmslMjBocmVmJTNEJTIyJTJGJTJGY2RuLWltYWdlcy5tYWlsY2hpbXAuY29tJTJGZW1iZWRjb2RlJTJGY2xhc3NpYy0wNjE1MjMuY3NzJTIyJTIwcmVsJTNEJTIyc3R5bGVzaGVldCUyMiUyMHR5cGUlM0QlMjJ0ZXh0JTJGY3NzJTIyJTNFJTBBJTIwJTIwJTIwJTIwJTNDc3R5bGUlMjB0eXBlJTNEJTIydGV4dCUyRmNzcyUyMiUzRSUwQSUyMCUyMCUyMCUyMCUyMCUyMCUyMCUyMCUyM21jX2VtYmVkX3NpZ251cCUwQSUyMCUyMCUyMCUyMCUyMCUyMCUyMCUyMCU3QiUwQSUyMCUyMCUyMCUyMCUyMCUyMCUyMCUyMCUyMCUyMCUyMCUyMGJhY2tncm91bmQlM0ElMjNmZmYlM0IlMjBmYWxzZSUzQiUwQSUyMCUyMCUyMCUyMCUyMCUyMCUyMCUyMCUyMCUyMCUyMCUyMGNsZWFyJTNBbGVmdCUzQiUwQSUyMCUyMCUyMCUyMCUyMCUyMCUyMCUyMCUyMCUyMCUyMCUyMGZvbnQlM0ExNHB4JTIwSGVsdmV0aWNhJTJDQXJpYWwlMkNzYW5zLXNlcmlmJTNCJTBBJTIwJTIwJTIwJTIwJTIwJTIwJTIwJTIwJTIwJTIwJTIwJTIwd2lkdGglM0ElMjBweCUzQiU3RCUwQSUyMCUyMCUyMCUyMCUzQyUyRnN0eWxlJTNFJTBBJTIwJTIwJTIwJTIwJTNDZGl2JTIwaWQlM0QlMjJtY19lbWJlZF9zaWdudXAlMjIlM0UlMEElMjAlMjAlMjAlMjAlMjAlMjAlMjAlMjAlM0Nmb3JtJTIwYWN0aW9uJTNEJTIyaHR0cHMlM0ElMkYlMkZhYi1tYXJpbmVzZXJ2aWNlLnVzMjEubGlzdC1tYW5hZ2UuY29tJTJGc3Vic2NyaWJlJTJGcG9zdCUzRnUlM0Q3NGYzNTRlY2VjODY5NDcyMWZiN2M3ZmQ0JTI2aWQlM0QzOWUzYTgzOGRkJTI2Zl9pZCUzRDAwOTNmZWU2ZjAlMjIlMjBtZXRob2QlM0QlMjJwb3N0JTIyJTIwaWQlM0QlMjJtYy1lbWJlZGRlZC1zdWJzY3JpYmUtZm9ybSUyMiUyMG5hbWUlM0QlMjJtYy1lbWJlZGRlZC1zdWJzY3JpYmUtZm9ybSUyMiUyMGNsYXNzJTNEJTIydmFsaWRhdGUlMjIlMjB0YXJnZXQlM0QlMjJfYmxhbmslMjIlM0UlMEElMjAlMjAlMjAlMjAlMjAlMjAlMjAlMjAlMjAlMjAlMjAlMjAlM0NkaXYlMjBpZCUzRCUyMm1jX2VtYmVkX3NpZ251cF9zY3JvbGwlMjIlM0UlMEElMjAlMjAlMjAlMjAlMjAlMjAlMjAlMjAlMjAlMjAlMjAlMjAlMjAlMjAlMjAlMjAlM0NkaXYlMjBjbGFzcyUzRCUyMmluZGljYXRlcy1yZXF1aXJlZCUyMiUzRSUwQSUyMCUyMCUyMCUyMCUyMCUyMCUyMCUyMCUyMCUyMCUyMCUyMCUyMCUyMCUyMCUyMCUyMCUyMCUyMCUyMCUzQ3NwYW4lMjBjbGFzcyUzRCUyMmFzdGVyaXNrJTIyJTNFJTJBJTNDJTJGc3BhbiUzRSUyMFZlcnBmbGljaHRldCUwQSUyMCUyMCUyMCUyMCUyMCUyMCUyMCUyMCUyMCUyMCUyMCUyMCUyMCUyMCUyMCUyMCUzQyUyRmRpdiUzRSUwQSUyMCUyMCUyMCUyMCUyMCUyMCUyMCUyMCUyMCUyMCUyMCUyMCUyMCUyMCUyMCUyMCUzQ2RpdiUyMGNsYXNzJTNEJTIybWMtZmllbGQtZ3JvdXAlMjIlM0UlMEElMjAlMjAlMjAlMjAlMjAlMjAlMjAlMjAlMjAlMjAlMjAlMjAlMjAlMjAlMjAlMjAlMjAlMjAlMjAlMjAlM0NsYWJlbCUyMGZvciUzRCUyMm1jZS1FTUFJTCUyMiUzRUUtTWFpbC1BZHJlc3NlJTIwJTNDc3BhbiUyMGNsYXNzJTNEJTIyYXN0ZXJpc2slMjIlM0UlMkElM0MlMkZzcGFuJTNFJTNDJTJGbGFiZWwlM0UlM0NpbnB1dCUyMHR5cGUlM0QlMjJlbWFpbCUyMiUyMG5hbWUlM0QlMjJFTUFJTCUyMiUyMGNsYXNzJTNEJTIycmVxdWlyZWQlMjBlbWFpbCUyMiUyMGlkJTNEJTIybWNlLUVNQUlMJTIyJTIwcmVxdWlyZWQlM0QlMjIlMjIlMjB2YWx1ZSUzRCUyMiUyMiUzRSUwQSUyMCUyMCUyMCUyMCUyMCUyMCUyMCUyMCUyMCUyMCUyMCUyMCUyMCUyMCUyMCUyMCUzQyUyRmRpdiUzRSUwQSUyMCUyMCUyMCUyMCUyMCUyMCUyMCUyMCUyMCUyMCUyMCUyMCUyMCUyMCUyMCUyMCUzQ2RpdiUyMGNsYXNzJTNEJTIybWMtZmllbGQtZ3JvdXAlMjIlM0UlMEElMjAlMjAlMjAlMjAlMjAlMjAlMjAlMjAlMjAlMjAlMjAlMjAlMjAlMjAlMjAlMjAlMjAlMjAlMjAlMjAlM0NsYWJlbCUyMGZvciUzRCUyMm1jZS1GTkFNRSUyMiUzRVZvcm5hbWUlMjAlM0MlMkZsYWJlbCUzRSUzQ2lucHV0JTIwdHlwZSUzRCUyMnRleHQlMjIlMjBuYW1lJTNEJTIyRk5BTUUlMjIlMjBjbGFzcyUzRCUyMiUyMHRleHQlMjIlMjBpZCUzRCUyMm1jZS1GTkFNRSUyMiUyMHZhbHVlJTNEJTIyJTIyJTNFJTBBJTIwJTIwJTIwJTIwJTIwJTIwJTIwJTIwJTIwJTIwJTIwJTIwJTIwJTIwJTIwJTIwJTNDJTJGZGl2JTNFJTBBJTIwJTIwJTIwJTIwJTIwJTIwJTIwJTIwJTIwJTIwJTIwJTIwJTIwJTIwJTIwJTIwJTNDZGl2JTIwY2xhc3MlM0QlMjJtYy1maWVsZC1ncm91cCUyMiUzRSUwQSUyMCUyMCUyMCUyMCUyMCUyMCUyMCUyMCUyMCUyMCUyMCUyMCUyMCUyMCUyMCUyMCUyMCUyMCUyMCUyMCUzQ2xhYmVsJTIwZm9yJTNEJTIybWNlLUxOQU1FJTIyJTNFTmFjaG5hbWUlMjAlM0MlMkZsYWJlbCUzRSUzQ2lucHV0JTIwdHlwZSUzRCUyMnRleHQlMjIlMjBuYW1lJTNEJTIyTE5BTUUlMjIlMjBjbGFzcyUzRCUyMiUyMHRleHQlMjIlMjBpZCUzRCUyMm1jZS1MTkFNRSUyMiUyMHZhbHVlJTNEJTIyJTIyJTNFJTBBJTIwJTIwJTIwJTIwJTIwJTIwJTIwJTIwJTIwJTIwJTIwJTIwJTIwJTIwJTIwJTIwJTNDJTJGZGl2JTNFJTBBJTIwJTIwJTIwJTIwJTIwJTIwJTIwJTIwJTIwJTIwJTIwJTIwJTIwJTIwJTIwJTIwJTNDZGl2JTIwaGlkZGVuJTIwc3R5bGUlM0QlMjJkaXNwbGF5JTNBJTIwbm9uZSUzQiUyMiUzRSUwQSUyMCUyMCUyMCUyMCUyMCUyMCUyMCUyMCUyMCUyMCUyMCUyMCUyMCUyMCUyMCUyMCUyMCUyMCUyMCUyMCUzQ3VsJTNFJTBBJTIwJTIwJTIwJTIwJTIwJTIwJTIwJTIwJTIwJTIwJTIwJTIwJTIwJTIwJTIwJTIwJTIwJTIwJTIwJTIwJTIwJTIwJTIwJTIwJTNDbGklM0UlM0NpbnB1dCUyMHR5cGUlM0QlMjJjaGVja2JveCUyMiUyMG5hbWUlM0QlMjJncm91cCU1QjQyOTAlNUQlNUIxJTVEJTIyJTIwaWQlM0QlMjJtY2UtZ3JvdXAlNUI0MjkwJTVELTQyOTAtMCUyMiUyMHZhbHVlJTNEJTIyJTIyJTIwY2hlY2tlZCUzRSUzQ2xhYmVsJTIwZm9yJTNEJTIybWNlLWdyb3VwJTVCNDI5MCU1RC00MjkwLTAlMjIlM0VJbm5lbmJvcmRtb3RvciUyMDUlMjAtJTIwMzAlMjBQUyUzQyUyRmxhYmVsJTNFJTNDJTJGbGklM0UlMEElMjAlMjAlMjAlMjAlMjAlMjAlMjAlMjAlMjAlMjAlMjAlMjAlMjAlMjAlMjAlMjAlMjAlMjAlMjAlMjAlMjAlMjAlMjAlMjAlM0NsaSUzRSUzQ2lucHV0JTIwdHlwZSUzRCUyMmNoZWNrYm94JTIyJTIwbmFtZSUzRCUyMmdyb3VwJTVCNDI5MCU1RCU1QjIlNUQlMjIlMjBpZCUzRCUyMm1jZS1ncm91cCU1QjQyOTAlNUQtNDI5MC0xJTIyJTIwdmFsdWUlM0QlMjIlMjIlMjBjaGVja2VkJTNFJTNDbGFiZWwlMjBmb3IlM0QlMjJtY2UtZ3JvdXAlNUI0MjkwJTVELTQyOTAtMSUyMiUzRUlubmVuYm9yZG1vdG9yJTIwMzAlMjAtJTIwMTAwJTIwUFMlM0MlMkZsYWJlbCUzRSUzQyUyRmxpJTNFJTBBJTIwJTIwJTIwJTIwJTIwJTIwJTIwJTIwJTIwJTIwJTIwJTIwJTIwJTIwJTIwJTIwJTIwJTIwJTIwJTIwJTIwJTIwJTIwJTIwJTNDbGklM0UlM0NpbnB1dCUyMHR5cGUlM0QlMjJjaGVja2JveCUyMiUyMG5hbWUlM0QlMjJncm91cCU1QjQyOTAlNUQlNUI0JTVEJTIyJTIwaWQlM0QlMjJtY2UtZ3JvdXAlNUI0MjkwJTVELTQyOTAtMiUyMiUyMHZhbHVlJTNEJTIyJTIyJTIwY2hlY2tlZCUzRSUzQ2xhYmVsJTIwZm9yJTNEJTIybWNlLWdyb3VwJTVCNDI5MCU1RC00MjkwLTIlMjIlM0VJbm5lbmJvcmRtb3RvciUyMDEwMCUyMC0lMjAxMDAwJTIwUFMlM0MlMkZsYWJlbCUzRSUzQyUyRmxpJTNFJTBBJTIwJTIwJTIwJTIwJTIwJTIwJTIwJTIwJTIwJTIwJTIwJTIwJTIwJTIwJTIwJTIwJTIwJTIwJTIwJTIwJTNDJTJGdWwlM0UlMEElMjAlMjAlMjAlMjAlMjAlMjAlMjAlMjAlMjAlMjAlMjAlMjAlMjAlMjAlMjAlMjAlM0MlMkZkaXYlM0UlMEElMEElMjAlMjAlMjAlMjAlMjAlMjAlMjAlMjAlMjAlMjAlMjAlMjAlMjAlMjAlMjAlMjAlM0NkaXYlMjBjbGFzcyUzRCUyMm1jLWZpZWxkLWdyb3VwJTIyJTIwaGlkZGVuJTIwc3R5bGUlM0QlMjJkaXNwbGF5JTNBJTIwbm9uZSUzQiUyMiUzRSUwQSUyMCUyMCUyMCUyMCUyMCUyMCUyMCUyMCUyMCUyMCUyMCUyMCUyMCUyMCUyMCUyMCUyMCUyMCUyMCUyMCUzQ2xhYmVsJTIwZm9yJTNEJTIybWNlLWdyb3VwJTVCNDQwMSU1RCUyMiUzRVRhYWwlMjAlMkYlMjBTcHJhY2hlJTIwJTJGJTIwTGFuZ3VhZ2UlMjAlM0MlMkZsYWJlbCUzRSUwQSUyMCUyMCUyMCUyMCUyMCUyMCUyMCUyMCUyMCUyMCUyMCUyMCUyMCUyMCUyMCUyMCUyMCUyMCUyMCUyMCUzQ3NlbGVjdCUyMG5hbWUlM0QlMjJncm91cCU1QjQ0MDElNUQlMjIlMjBjbGFzcyUzRCUyMiUyMiUyMGlkJTNEJTIybWNlLWdyb3VwJTVCNDQwMSU1RCUyMiUzRSUwQSUyMCUyMCUyMCUyMCUyMCUyMCUyMCUyMCUyMCUyMCUyMCUyMCUyMCUyMCUyMCUyMCUyMCUyMCUyMCUyMCUyMCUyMCUyMCUyMCUzQ29wdGlvbiUyMHZhbHVlJTNEJTIyOCUyMiUzRU5lZGVybGFuZHMlM0MlMkZvcHRpb24lM0UlMEElMjAlMjAlMjAlMjAlMjAlMjAlMjAlMjAlMjAlMjAlMjAlMjAlMjAlMjAlMjAlMjAlMjAlMjAlMjAlMjAlMjAlMjAlMjAlMjAlM0NvcHRpb24lMjB2YWx1ZSUzRCUyMjE2JTIyJTIwc2VsZWN0ZWQlM0VEZXV0c2NoJTNDJTJGb3B0aW9uJTNFJTBBJTIwJTIwJTIwJTIwJTIwJTIwJTIwJTIwJTIwJTIwJTIwJTIwJTIwJTIwJTIwJTIwJTIwJTIwJTIwJTIwJTIwJTIwJTIwJTIwJTNDb3B0aW9uJTIwdmFsdWUlM0QlMjIxMjglMjIlM0VFbmdsaXNoJTNDJTJGb3B0aW9uJTNFJTBBJTIwJTIwJTIwJTIwJTIwJTIwJTIwJTIwJTIwJTIwJTIwJTIwJTIwJTIwJTIwJTIwJTIwJTIwJTIwJTIwJTNDJTJGc2VsZWN0JTNFJTBBJTIwJTIwJTIwJTIwJTIwJTIwJTIwJTIwJTIwJTIwJTIwJTIwJTIwJTIwJTIwJTIwJTNDJTJGZGl2JTNFJTBBJTBBJTIwJTIwJTIwJTIwJTIwJTIwJTIwJTIwJTIwJTIwJTIwJTIwJTIwJTIwJTIwJTIwJTNDZGl2JTIwaGlkZGVuJTNEJTIyJTIyJTIwc3R5bGUlM0QlMjJkaXNwbGF5JTNBJTIwbm9uZSUzQiUyMiUzRSUwQSUyMCUyMCUyMCUyMCUyMCUyMCUyMCUyMCUyMCUyMCUyMCUyMCUyMCUyMCUyMCUyMCUzQ2lucHV0JTIwdHlwZSUzRCUyMmhpZGRlbiUyMiUyMG5hbWUlM0QlMjJ0YWdzJTIyJTIwdmFsdWUlM0QlMjIyOTEzMDg5JTIyJTNFJTBBJTIwJTIwJTIwJTIwJTIwJTIwJTIwJTIwJTIwJTIwJTIwJTIwJTIwJTIwJTIwJTIwJTNDJTJGZGl2JTNFJTBBJTIwJTIwJTIwJTIwJTIwJTIwJTIwJTIwJTIwJTIwJTIwJTIwJTIwJTIwJTIwJTIwJTNDZGl2JTIwaWQlM0QlMjJtY2UtcmVzcG9uc2VzJTIyJTIwY2xhc3MlM0QlMjJjbGVhciUyMiUzRSUwQSUyMCUyMCUyMCUyMCUyMCUyMCUyMCUyMCUyMCUyMCUyMCUyMCUyMCUyMCUyMCUyMCUyMCUyMCUyMCUyMCUzQ2RpdiUyMGNsYXNzJTNEJTIycmVzcG9uc2UlMjIlMjBpZCUzRCUyMm1jZS1lcnJvci1yZXNwb25zZSUyMiUyMHN0eWxlJTNEJTIyZGlzcGxheSUzQSUyMG5vbmUlM0IlMjIlM0UlM0MlMkZkaXYlM0UlMEElMjAlMjAlMjAlMjAlMjAlMjAlMjAlMjAlMjAlMjAlMjAlMjAlMjAlMjAlMjAlMjAlMjAlMjAlMjAlMjAlM0NkaXYlMjBjbGFzcyUzRCUyMnJlc3BvbnNlJTIyJTIwaWQlM0QlMjJtY2Utc3VjY2Vzcy1yZXNwb25zZSUyMiUyMHN0eWxlJTNEJTIyZGlzcGxheSUzQSUyMG5vbmUlM0IlMjIlM0UlM0MlMkZkaXYlM0UlMEElMjAlMjAlMjAlMjAlMjAlMjAlMjAlMjAlMjAlMjAlMjAlMjAlMjAlMjAlMjAlMjAlM0MlMkZkaXYlM0UlMEElMjAlMjAlMjAlMjAlMjAlMjAlMjAlMjAlMjAlMjAlMjAlMjAlMjAlMjAlMjAlMjAlM0NkaXYlMjBhcmlhLWhpZGRlbiUzRCUyMnRydWUlMjIlMjBzdHlsZSUzRCUyMnBvc2l0aW9uJTNBJTIwYWJzb2x1dGUlM0IlMjBsZWZ0JTNBJTIwLTUwMDBweCUzQiUyMiUzRSUzQ2lucHV0JTIwdHlwZSUzRCUyMnRleHQlMjIlMjBuYW1lJTNEJTIyYl83NGYzNTRlY2VjODY5NDcyMWZiN2M3ZmQ0XzM5ZTNhODM4ZGQlMjIlMjB0YWJpbmRleCUzRCUyMi0xJTIyJTIwdmFsdWUlM0QlMjIlMjIlM0UlM0MlMkZkaXYlM0UlMEElMjAlMjAlMjAlMjAlMjAlMjAlMjAlMjAlMjAlMjAlMjAlMjAlMjAlMjAlMjAlMjAlM0NkaXYlMjBjbGFzcyUzRCUyMmNsZWFyJTIyJTNFJTNDaW5wdXQlMjB0eXBlJTNEJTIyc3VibWl0JTIyJTIwbmFtZSUzRCUyMnN1YnNjcmliZSUyMiUyMGlkJTNEJTIybWMtZW1iZWRkZWQtc3Vic2NyaWJlJTIyJTIwY2xhc3MlM0QlMjJidXR0b24lMjIlMjB2YWx1ZSUzRCUyMkFhbm1lbGRlbiUyMiUzRSUzQyUyRmRpdiUzRSUwQSUyMCUyMCUyMCUyMCUyMCUyMCUyMCUyMCUzQyUyRmRpdiUzRSUwQSUyMCUyMCUyMCUyMCUzQyUyRmZvcm0lM0UlMEElMjAlMjAlMjAlMjAlM0MlMkZkaXYlM0UlMEElMjAlMjAlMjAlMjAlM0NzY3JpcHQlMjB0eXBlJTNEJTIydGV4dCUyRmphdmFzY3JpcHQlMjIlMjBzcmMlM0QlMjIlMkYlMkZzMy5hbWF6b25hd3MuY29tJTJGZG93bmxvYWRzLm1haWxjaGltcC5jb20lMkZqcyUyRm1jLXZhbGlkYXRlLmpzJTIyJTNFJTNDJTJGc2NyaXB0JTNFJTBBJTIwJTIwJTIwJTIwJTNDc2NyaXB0JTIwdHlwZSUzRCUyMnRleHQlMkZqYXZhc2NyaXB0JTIyJTNFJTI4ZnVuY3Rpb24lMjglMjQlMjklMjAlN0J3aW5kb3cuZm5hbWVzJTIwJTNEJTIwbmV3JTIwQXJyYXklMjglMjklM0IlMjB3aW5kb3cuZnR5cGVzJTIwJTNEJTIwbmV3JTIwQXJyYXklMjglMjklM0JmbmFtZXMlNUIwJTVEJTNEJTI3RU1BSUwlMjclM0JmdHlwZXMlNUIwJTVEJTNEJTI3ZW1haWwlMjclM0JmbmFtZXMlNUIxJTVEJTNEJTI3Rk5BTUUlMjclM0JmdHlwZXMlNUIxJTVEJTNEJTI3dGV4dCUyNyUzQmZuYW1lcyU1QjIlNUQlM0QlMjdMTkFNRSUyNyUzQmZ0eXBlcyU1QjIlNUQlM0QlMjd0ZXh0JTI3JTNCZm5hbWVzJTVCMyU1RCUzRCUyN0FERFJFU1MlMjclM0JmdHlwZXMlNUIzJTVEJTNEJTI3YWRkcmVzcyUyNyUzQmZuYW1lcyU1QjQlNUQlM0QlMjdQSE9ORSUyNyUzQmZ0eXBlcyU1QjQlNUQlM0QlMjdwaG9uZSUyNyUzQmZuYW1lcyU1QjUlNUQlM0QlMjdCSVJUSERBWSUyNyUzQmZ0eXBlcyU1QjUlNUQlM0QlMjdiaXJ0aGRheSUyNyUzQiUwQSUyMCUyMCUyMCUyMCUyNC5leHRlbmQlMjglMjQudmFsaWRhdG9yLm1lc3NhZ2VzJTJDJTIwJTdCJTBBJTIwJTIwJTIwJTIwJTIwJTIwJTIwJTIwJTIwJTIwJTIwJTIwcmVxdWlyZWQlM0ElMjAlMjJEaWVzJTIwaXN0JTIwZWluJTIwUGZsaWNodGZlbGQuJTIyJTJDJTBBJTIwJTIwJTIwJTIwJTIwJTIwJTIwJTIwJTIwJTIwJTIwJTIwcmVtb3RlJTNBJTIwJTIyS29udHJvbGxpZXJlbiUyMFNpZSUyMGRpZXNlcyUyMEZlbGQuJTIyJTJDJTBBJTIwJTIwJTIwJTIwJTIwJTIwJTIwJTIwJTIwJTIwJTIwJTIwZW1haWwlM0ElMjAlMjJHZWJlbiUyMFNpZSUyMGhpZXIlMjBlaW5lJTIwZyVDMyVCQ2x0aWdlJTIwRS1NYWlsLUFkcmVzc2UlMjBlaW4uJTIyJTJDJTBBJTIwJTIwJTIwJTIwJTIwJTIwJTIwJTIwJTIwJTIwJTIwJTIwdXJsJTNBJTIwJTIyR2ViZW4lMjBTaWUlMjBoaWVyJTIwZWluZSUyMGclQzMlQkNsdGlnZSUyMFVSTCUyMGVpbi4lMjIlMkMlMEElMjAlMjAlMjAlMjAlMjAlMjAlMjAlMjAlMjAlMjAlMjAlMjBkYXRlJTNBJTIwJTIyR2ViZW4lMjBTaWUlMjBoaWVyJTIwZWluJTIwZyVDMyVCQ2x0aWdlcyUyMERhdHVtJTIwZWluLiUyMiUyQyUwQSUyMCUyMCUyMCUyMCUyMCUyMCUyMCUyMCUyMCUyMCUyMCUyMGRhdGVJU08lM0ElMjAlMjJHZWJlbiUyMFNpZSUyMGhpZXIlMjBlaW4lMjBnJUMzJUJDbHRpZ2VzJTIwRGF0dW0lMjBlaW4lMjAlMjhJU08tRm9ybWF0JTI5LiUyMiUyQyUwQSUyMCUyMCUyMCUyMCUyMCUyMCUyMCUyMCUyMCUyMCUyMCUyMG51bWJlciUzQSUyMCUyMkdlYmVuJTIwU2llJTIwaGllciUyMGVpbmUlMjBnJUMzJUJDbHRpZ2UlMjBaYWhsJTIwZWluLiUyMiUyQyUwQSUyMCUyMCUyMCUyMCUyMCUyMCUyMCUyMCUyMCUyMCUyMCUyMGRpZ2l0cyUzQSUyMCUyMkdlYmVuJTIwU2llJTIwaGllciUyMG51ciUyMFphaGxlbiUyMGVpbi4lMjIlMkMlMEElMjAlMjAlMjAlMjAlMjAlMjAlMjAlMjAlMjAlMjAlMjAlMjBjcmVkaXRjYXJkJTNBJTIwJTIyR2ViZW4lMjBTaWUlMjBoaWVyJTIwZWluZSUyMGclQzMlQkNsdGlnZSUyMEtyZWRpdGthcnRlbm51bW1lciUyMGVpbi4lMjIlMkMlMEElMjAlMjAlMjAlMjAlMjAlMjAlMjAlMjAlMjAlMjAlMjAlMjBlcXVhbFRvJTNBJTIwJTIyR2ViZW4lMjBTaWUlMjBoaWVyJTIwZGVuJTIwZ2xlaWNoZW4lMjBXZXJ0JTIwZWluLiUyMiUyQyUwQSUyMCUyMCUyMCUyMCUyMCUyMCUyMCUyMCUyMCUyMCUyMCUyMGFjY2VwdCUzQSUyMCUyMkdlYmVuJTIwU2llJTIwaGllciUyMGVpbmVuJTIwV2VydCUyMG1pdCUyMGVpbmVyJTIwZyVDMyVCQ2x0aWdlbiUyMEVyd2VpdGVydW5nJTIwZWluLiUyMiUyQyUwQSUyMCUyMCUyMCUyMCUyMCUyMCUyMCUyMCUyMCUyMCUyMCUyMG1heGxlbmd0aCUzQSUyMCUyNC52YWxpZGF0b3IuZm9ybWF0JTI4JTIyR2ViZW4lMjBTaWUlMjBoaWVyJTIwbWF4aW1hbCUyMCU3QjAlN0QlMjBaZWljaGVuJTIwZWluLiUyMiUyOSUyQyUwQSUyMCUyMCUyMCUyMCUyMCUyMCUyMCUyMCUyMCUyMCUyMCUyMG1pbmxlbmd0aCUzQSUyMCUyNC52YWxpZGF0b3IuZm9ybWF0JTI4JTIyR2ViZW4lMjBTaWUlMjBoaWVyJTIwbWluaW1hbCUyMCU3QjAlN0QlMjBaZWljaGVuJTIwZWluLiUyMiUyOSUyQyUwQSUyMCUyMCUyMCUyMCUyMCUyMCUyMCUyMCUyMCUyMCUyMCUyMHJhbmdlbGVuZ3RoJTNBJTIwJTI0LnZhbGlkYXRvci5mb3JtYXQlMjglMjJHZWJlbiUyMFNpZSUyMGhpZXIlMjBlaW5lbiUyMFdlcnQlMjBtaXQlMjBtaW5pbWFsJTIwJTdCMCU3RCUyMHVuZCUyMG1heGltYWwlMjAlN0IxJTdEJTIwWmVpY2hlbiUyMGVpbi4lMjIlMjklMkMlMEElMjAlMjAlMjAlMjAlMjAlMjAlMjAlMjAlMjAlMjAlMjAlMjByYW5nZSUzQSUyMCUyNC52YWxpZGF0b3IuZm9ybWF0JTI4JTIyR2ViZW4lMjBTaWUlMjBoaWVyJTIwZWluZW4lMjBXZXJ0JTIwdm9uJTIwbWluaW1hbCUyMCU3QjAlN0QlMjB1bmQlMjBtYXhpbWFsJTIwJTdCMSU3RCUyMGVpbi4lMjIlMjklMkMlMEElMjAlMjAlMjAlMjAlMjAlMjAlMjAlMjAlMjAlMjAlMjAlMjBtYXglM0ElMjAlMjQudmFsaWRhdG9yLmZvcm1hdCUyOCUyMkdlYmVuJTIwU2llJTIwZWluZW4lMjBXZXJ0JTIwa2xlaW5lciUyMG9kZXIlMjBnbGVpY2glMjAlN0IwJTdEJTIwZWluLiUyMiUyOSUyQyUwQSUyMCUyMCUyMCUyMCUyMCUyMCUyMCUyMCUyMCUyMCUyMCUyMG1pbiUzQSUyMCUyNC52YWxpZGF0b3IuZm9ybWF0JTI4JTIyR2ViZW4lMjBTaWUlMjBlaW5lbiUyMFdlcnQlMjBnciVDMyVCNiVDMyU5RmVyJTIwb2RlciUyMGdsZWljaCUyMCU3QjAlN0QlMjBlaW4uJTIyJTI5JTBBJTIwJTIwJTIwJTIwJTdEJTI5JTNCJTdEJTI4alF1ZXJ5JTI5JTI5JTNCdmFyJTIwJTI0bWNqJTIwJTNEJTIwalF1ZXJ5Lm5vQ29uZmxpY3QlMjh0cnVlJTI5JTNCJTNDJTJGc2NyaXB0JTNFJTBBJTNDJTJGZGl2JTNFJTBB[\/vc_raw_html][\/vc_column][\/vc_row]<\/p>\n<\/div>","protected":false},"excerpt":{"rendered":"<p>[vc_row][vc_column][vc_column_text]Wir haben regelm\u00e4\u00dfig wundersch\u00f6ne Exemplare in unserem Lager. Wir halten Sie \u00fcber diesen E-Mail-Newsletter auf dem Laufenden, da sich das Angebot h\u00e4ufig \u00e4ndert![\/vc_column_text][vc_raw_html css=&#8221;&#8221;]JTNDZGl2JTIwaWQlM0QlMjJtY19lbWJlZF9zaGVsbCUyMiUzRSUwQSUyMCUyMCUyMCUyMCUzQ2xpbmslMjBocmVmJTNEJTIyJTJGJTJGY2RuLWltYWdlcy5tYWlsY2hpbXAuY29tJTJGZW1iZWRjb2RlJTJGY2xhc3NpYy0wNjE1MjMuY3NzJTIyJTIwcmVsJTNEJTIyc3R5bGVzaGVldCUyMiUyMHR5cGUlM0QlMjJ0ZXh0JTJGY3NzJTIyJTNFJTBBJTIwJTIwJTIwJTIwJTNDc3R5bGUlMjB0eXBlJTNEJTIydGV4dCUyRmNzcyUyMiUzRSUwQSUyMCUyMCUyMCUyMCUyMCUyMCUyMCUyMCUyM21jX2VtYmVkX3NpZ251cCUwQSUyMCUyMCUyMCUyMCUyMCUyMCUyMCUyMCU3QiUwQSUyMCUyMCUyMCUyMCUyMCUyMCUyMCUyMCUyMCUyMCUyMCUyMGJhY2tncm91bmQlM0ElMjNmZmYlM0IlMjBmYWxzZSUzQiUwQSUyMCUyMCUyMCUyMCUyMCUyMCUyMCUyMCUyMCUyMCUyMCUyMGNsZWFyJTNBbGVmdCUzQiUwQSUyMCUyMCUyMCUyMCUyMCUyMCUyMCUyMCUyMCUyMCUyMCUyMGZvbnQlM0ExNHB4JTIwSGVsdmV0aWNhJTJDQXJpYWwlMkNzYW5zLXNlcmlmJTNCJTBBJTIwJTIwJTIwJTIwJTIwJTIwJTIwJTIwJTIwJTIwJTIwJTIwd2lkdGglM0ElMjBweCUzQiU3RCUwQSUyMCUyMCUyMCUyMCUzQyUyRnN0eWxlJTNFJTBBJTIwJTIwJTIwJTIwJTNDZGl2JTIwaWQlM0QlMjJtY19lbWJlZF9zaWdudXAlMjIlM0UlMEElMjAlMjAlMjAlMjAlMjAlMjAlMjAlMjAlM0Nmb3JtJTIwYWN0aW9uJTNEJTIyaHR0cHMlM0ElMkYlMkZhYi1tYXJpbmVzZXJ2aWNlLnVzMjEubGlzdC1tYW5hZ2UuY29tJTJGc3Vic2NyaWJlJTJGcG9zdCUzRnUlM0Q3NGYzNTRlY2VjODY5NDcyMWZiN2M3ZmQ0JTI2aWQlM0QzOWUzYTgzOGRkJTI2Zl9pZCUzRDAwOTNmZWU2ZjAlMjIlMjBtZXRob2QlM0QlMjJwb3N0JTIyJTIwaWQlM0QlMjJtYy1lbWJlZGRlZC1zdWJzY3JpYmUtZm9ybSUyMiUyMG5hbWUlM0QlMjJtYy1lbWJlZGRlZC1zdWJzY3JpYmUtZm9ybSUyMiUyMGNsYXNzJTNEJTIydmFsaWRhdGUlMjIlMjB0YXJnZXQlM0QlMjJfYmxhbmslMjIlM0UlMEElMjAlMjAlMjAlMjAlMjAlMjAlMjAlMjAlMjAlMjAlMjAlMjAlM0NkaXYlMjBpZCUzRCUyMm1jX2VtYmVkX3NpZ251cF9zY3JvbGwlMjIlM0UlMEElMjAlMjAlMjAlMjAlMjAlMjAlMjAlMjAlMjAlMjAlMjAlMjAlMjAlMjAlMjAlMjAlM0NkaXYlMjBjbGFzcyUzRCUyMmluZGljYXRlcy1yZXF1aXJlZCUyMiUzRSUwQSUyMCUyMCUyMCUyMCUyMCUyMCUyMCUyMCUyMCUyMCUyMCUyMCUyMCUyMCUyMCUyMCUyMCUyMCUyMCUyMCUzQ3NwYW4lMjBjbGFzcyUzRCUyMmFzdGVyaXNrJTIyJTNFJTJBJTNDJTJGc3BhbiUzRSUyMFZlcnBmbGljaHRldCUwQSUyMCUyMCUyMCUyMCUyMCUyMCUyMCUyMCUyMCUyMCUyMCUyMCUyMCUyMCUyMCUyMCUzQyUyRmRpdiUzRSUwQSUyMCUyMCUyMCUyMCUyMCUyMCUyMCUyMCUyMCUyMCUyMCUyMCUyMCUyMCUyMCUyMCUzQ2RpdiUyMGNsYXNzJTNEJTIybWMtZmllbGQtZ3JvdXAlMjIlM0UlMEElMjAlMjAlMjAlMjAlMjAlMjAlMjAlMjAlMjAlMjAlMjAlMjAlMjAlMjAlMjAlMjAlMjAlMjAlMjAlMjAlM0NsYWJlbCUyMGZvciUzRCUyMm1jZS1FTUFJTCUyMiUzRUUtTWFpbC1BZHJlc3NlJTIwJTNDc3BhbiUyMGNsYXNzJTNEJTIyYXN0ZXJpc2slMjIlM0UlMkElM0MlMkZzcGFuJTNFJTNDJTJGbGFiZWwlM0UlM0NpbnB1dCUyMHR5cGUlM0QlMjJlbWFpbCUyMiUyMG5hbWUlM0QlMjJFTUFJTCUyMiUyMGNsYXNzJTNEJTIycmVxdWlyZWQlMjBlbWFpbCUyMiUyMGlkJTNEJTIybWNlLUVNQUlMJTIyJTIwcmVxdWlyZWQlM0QlMjIlMjIlMjB2YWx1ZSUzRCUyMiUyMiUzRSUwQSUyMCUyMCUyMCUyMCUyMCUyMCUyMCUyMCUyMCUyMCUyMCUyMCUyMCUyMCUyMCUyMCUzQyUyRmRpdiUzRSUwQSUyMCUyMCUyMCUyMCUyMCUyMCUyMCUyMCUyMCUyMCUyMCUyMCUyMCUyMCUyMCUyMCUzQ2RpdiUyMGNsYXNzJTNEJTIybWMtZmllbGQtZ3JvdXAlMjIlM0UlMEElMjAlMjAlMjAlMjAlMjAlMjAlMjAlMjAlMjAlMjAlMjAlMjAlMjAlMjAlMjAlMjAlMjAlMjAlMjAlMjAlM0NsYWJlbCUyMGZvciUzRCUyMm1jZS1GTkFNRSUyMiUzRVZvcm5hbWUlMjAlM0MlMkZsYWJlbCUzRSUzQ2lucHV0JTIwdHlwZSUzRCUyMnRleHQlMjIlMjBuYW1lJTNEJTIyRk5BTUUlMjIlMjBjbGFzcyUzRCUyMiUyMHRleHQlMjIlMjBpZCUzRCUyMm1jZS1GTkFNRSUyMiUyMHZhbHVlJTNEJTIyJTIyJTNFJTBBJTIwJTIwJTIwJTIwJTIwJTIwJTIwJTIwJTIwJTIwJTIwJTIwJTIwJTIwJTIwJTIwJTNDJTJGZGl2JTNFJTBBJTIwJTIwJTIwJTIwJTIwJTIwJTIwJTIwJTIwJTIwJTIwJTIwJTIwJTIwJTIwJTIwJTNDZGl2JTIwY2xhc3MlM0QlMjJtYy1maWVsZC1ncm91cCUyMiUzRSUwQSUyMCUyMCUyMCUyMCUyMCUyMCUyMCUyMCUyMCUyMCUyMCUyMCUyMCUyMCUyMCUyMCUyMCUyMCUyMCUyMCUzQ2xhYmVsJTIwZm9yJTNEJTIybWNlLUxOQU1FJTIyJTNFTmFjaG5hbWUlMjAlM0MlMkZsYWJlbCUzRSUzQ2lucHV0JTIwdHlwZSUzRCUyMnRleHQlMjIlMjBuYW1lJTNEJTIyTE5BTUUlMjIlMjBjbGFzcyUzRCUyMiUyMHRleHQlMjIlMjBpZCUzRCUyMm1jZS1MTkFNRSUyMiUyMHZhbHVlJTNEJTIyJTIyJTNFJTBBJTIwJTIwJTIwJTIwJTIwJTIwJTIwJTIwJTIwJTIwJTIwJTIwJTIwJTIwJTIwJTIwJTNDJTJGZGl2JTNFJTBBJTIwJTIwJTIwJTIwJTIwJTIwJTIwJTIwJTIwJTIwJTIwJTIwJTIwJTIwJTIwJTIwJTNDZGl2JTIwaGlkZGVuJTIwc3R5bGUlM0QlMjJkaXNwbGF5JTNBJTIwbm9uZSUzQiUyMiUzRSUwQSUyMCUyMCUyMCUyMCUyMCUyMCUyMCUyMCUyMCUyMCUyMCUyMCUyMCUyMCUyMCUyMCUyMCUyMCUyMCUyMCUzQ3VsJTNFJTBBJTIwJTIwJTIwJTIwJTIwJTIwJTIwJTIwJTIwJTIwJTIwJTIwJTIwJTIwJTIwJTIwJTIwJTIwJTIwJTIwJTIwJTIwJTIwJTIwJTNDbGklM0UlM0NpbnB1dCUyMHR5cGUlM0QlMjJjaGVja2JveCUyMiUyMG5hbWUlM0QlMjJncm91cCU1QjQyOTAlNUQlNUIxJTVEJTIyJTIwaWQlM0QlMjJtY2UtZ3JvdXAlNUI0MjkwJTVELTQyOTAtMCUyMiUyMHZhbHVlJTNEJTIyJTIyJTIwY2hlY2tlZCUzRSUzQ2xhYmVsJTIwZm9yJTNEJTIybWNlLWdyb3VwJTVCNDI5MCU1RC00MjkwLTAlMjIlM0VJbm5lbmJvcmRtb3RvciUyMDUlMjAtJTIwMzAlMjBQUyUzQyUyRmxhYmVsJTNFJTNDJTJGbGklM0UlMEElMjAlMjAlMjAlMjAlMjAlMjAlMjAlMjAlMjAlMjAlMjAlMjAlMjAlMjAlMjAlMjAlMjAlMjAlMjAlMjAlMjAlMjAlMjAlMjAlM0NsaSUzRSUzQ2lucHV0JTIwdHlwZSUzRCUyMmNoZWNrYm94JTIyJTIwbmFtZSUzRCUyMmdyb3VwJTVCNDI5MCU1RCU1QjIlNUQlMjIlMjBpZCUzRCUyMm1jZS1ncm91cCU1QjQyOTAlNUQtNDI5MC0xJTIyJTIwdmFsdWUlM0QlMjIlMjIlMjBjaGVja2VkJTNFJTNDbGFiZWwlMjBmb3IlM0QlMjJtY2UtZ3JvdXAlNUI0MjkwJTVELTQyOTAtMSUyMiUzRUlubmVuYm9yZG1vdG9yJTIwMzAlMjAtJTIwMTAwJTIwUFMlM0MlMkZsYWJlbCUzRSUzQyUyRmxpJTNFJTBBJTIwJTIwJTIwJTIwJTIwJTIwJTIwJTIwJTIwJTIwJTIwJTIwJTIwJTIwJTIwJTIwJTIwJTIwJTIwJTIwJTIwJTIwJTIwJTIwJTNDbGklM0UlM0NpbnB1dCUyMHR5cGUlM0QlMjJjaGVja2JveCUyMiUyMG5hbWUlM0QlMjJncm91cCU1QjQyOTAlNUQlNUI0JTVEJTIyJTIwaWQlM0QlMjJtY2UtZ3JvdXAlNUI0MjkwJTVELTQyOTAtMiUyMiUyMHZhbHVlJTNEJTIyJTIyJTIwY2hlY2tlZCUzRSUzQ2xhYmVsJTIwZm9yJTNEJTIybWNlLWdyb3VwJTVCNDI5MCU1RC00MjkwLTIlMjIlM0VJbm5lbmJvcmRtb3RvciUyMDEwMCUyMC0lMjAxMDAwJTIwUFMlM0MlMkZsYWJlbCUzRSUzQyUyRmxpJTNFJTBBJTIwJTIwJTIwJTIwJTIwJTIwJTIwJTIwJTIwJTIwJTIwJTIwJTIwJTIwJTIwJTIwJTIwJTIwJTIwJTIwJTNDJTJGdWwlM0UlMEElMjAlMjAlMjAlMjAlMjAlMjAlMjAlMjAlMjAlMjAlMjAlMjAlMjAlMjAlMjAlMjAlM0MlMkZkaXYlM0UlMEElMEElMjAlMjAlMjAlMjAlMjAlMjAlMjAlMjAlMjAlMjAlMjAlMjAlMjAlMjAlMjAlMjAlM0NkaXYlMjBjbGFzcyUzRCUyMm1jLWZpZWxkLWdyb3VwJTIyJTIwaGlkZGVuJTIwc3R5bGUlM0QlMjJkaXNwbGF5JTNBJTIwbm9uZSUzQiUyMiUzRSUwQSUyMCUyMCUyMCUyMCUyMCUyMCUyMCUyMCUyMCUyMCUyMCUyMCUyMCUyMCUyMCUyMCUyMCUyMCUyMCUyMCUzQ2xhYmVsJTIwZm9yJTNEJTIybWNlLWdyb3VwJTVCNDQwMSU1RCUyMiUzRVRhYWwlMjAlMkYlMjBTcHJhY2hlJTIwJTJGJTIwTGFuZ3VhZ2UlMjAlM0MlMkZsYWJlbCUzRSUwQSUyMCUyMCUyMCUyMCUyMCUyMCUyMCUyMCUyMCUyMCUyMCUyMCUyMCUyMCUyMCUyMCUyMCUyMCUyMCUyMCUzQ3NlbGVjdCUyMG5hbWUlM0QlMjJncm91cCU1QjQ0MDElNUQlMjIlMjBjbGFzcyUzRCUyMiUyMiUyMGlkJTNEJTIybWNlLWdyb3VwJTVCNDQwMSU1RCUyMiUzRSUwQSUyMCUyMCUyMCUyMCUyMCUyMCUyMCUyMCUyMCUyMCUyMCUyMCUyMCUyMCUyMCUyMCUyMCUyMCUyMCUyMCUyMCUyMCUyMCUyMCUzQ29wdGlvbiUyMHZhbHVlJTNEJTIyOCUyMiUzRU5lZGVybGFuZHMlM0MlMkZvcHRpb24lM0UlMEElMjAlMjAlMjAlMjAlMjAlMjAlMjAlMjAlMjAlMjAlMjAlMjAlMjAlMjAlMjAlMjAlMjAlMjAlMjAlMjAlMjAlMjAlMjAlMjAlM0NvcHRpb24lMjB2YWx1ZSUzRCUyMjE2JTIyJTIwc2VsZWN0ZWQlM0VEZXV0c2NoJTNDJTJGb3B0aW9uJTNFJTBBJTIwJTIwJTIwJTIwJTIwJTIwJTIwJTIwJTIwJTIwJTIwJTIwJTIwJTIwJTIwJTIwJTIwJTIwJTIwJTIwJTIwJTIwJTIwJTIwJTNDb3B0aW9uJTIwdmFsdWUlM0QlMjIxMjglMjIlM0VFbmdsaXNoJTNDJTJGb3B0aW9uJTNFJTBBJTIwJTIwJTIwJTIwJTIwJTIwJTIwJTIwJTIwJTIwJTIwJTIwJTIwJTIwJTIwJTIwJTIwJTIwJTIwJTIwJTNDJTJGc2VsZWN0JTNFJTBBJTIwJTIwJTIwJTIwJTIwJTIwJTIwJTIwJTIwJTIwJTIwJTIwJTIwJTIwJTIwJTIwJTNDJTJGZGl2JTNFJTBBJTBBJTIwJTIwJTIwJTIwJTIwJTIwJTIwJTIwJTIwJTIwJTIwJTIwJTIwJTIwJTIwJTIwJTNDZGl2JTIwaGlkZGVuJTNEJTIyJTIyJTIwc3R5bGUlM0QlMjJkaXNwbGF5JTNBJTIwbm9uZSUzQiUyMiUzRSUwQSUyMCUyMCUyMCUyMCUyMCUyMCUyMCUyMCUyMCUyMCUyMCUyMCUyMCUyMCUyMCUyMCUzQ2lucHV0JTIwdHlwZSUzRCUyMmhpZGRlbiUyMiUyMG5hbWUlM0QlMjJ0YWdzJTIyJTIwdmFsdWUlM0QlMjIyOTEzMDg5JTIyJTNFJTBBJTIwJTIwJTIwJTIwJTIwJTIwJTIwJTIwJTIwJTIwJTIwJTIwJTIwJTIwJTIwJTIwJTNDJTJGZGl2JTNFJTBBJTIwJTIwJTIwJTIwJTIwJTIwJTIwJTIwJTIwJTIwJTIwJTIwJTIwJTIwJTIwJTIwJTNDZGl2JTIwaWQlM0QlMjJtY2UtcmVzcG9uc2VzJTIyJTIwY2xhc3MlM0QlMjJjbGVhciUyMiUzRSUwQSUyMCUyMCUyMCUyMCUyMCUyMCUyMCUyMCUyMCUyMCUyMCUyMCUyMCUyMCUyMCUyMCUyMCUyMCUyMCUyMCUzQ2RpdiUyMGNsYXNzJTNEJTIycmVzcG9uc2UlMjIlMjBpZCUzRCUyMm1jZS1lcnJvci1yZXNwb25zZSUyMiUyMHN0eWxlJTNEJTIyZGlzcGxheSUzQSUyMG5vbmUlM0IlMjIlM0UlM0MlMkZkaXYlM0UlMEElMjAlMjAlMjAlMjAlMjAlMjAlMjAlMjAlMjAlMjAlMjAlMjAlMjAlMjAlMjAlMjAlMjAlMjAlMjAlMjAlM0NkaXYlMjBjbGFzcyUzRCUyMnJlc3BvbnNlJTIyJTIwaWQlM0QlMjJtY2Utc3VjY2Vzcy1yZXNwb25zZSUyMiUyMHN0eWxlJTNEJTIyZGlzcGxheSUzQSUyMG5vbmUlM0IlMjIlM0UlM0MlMkZkaXYlM0UlMEElMjAlMjAlMjAlMjAlMjAlMjAlMjAlMjAlMjAlMjAlMjAlMjAlMjAlMjAlMjAlMjAlM0MlMkZkaXYlM0UlMEElMjAlMjAlMjAlMjAlMjAlMjAlMjAlMjAlMjAlMjAlMjAlMjAlMjAlMjAlMjAlMjAlM0NkaXYlMjBhcmlhLWhpZGRlbiUzRCUyMnRydWUlMjIlMjBzdHlsZSUzRCUyMnBvc2l0aW9uJTNBJTIwYWJzb2x1dGUlM0IlMjBsZWZ0JTNBJTIwLTUwMDBweCUzQiUyMiUzRSUzQ2lucHV0JTIwdHlwZSUzRCUyMnRleHQlMjIlMjBuYW1lJTNEJTIyYl83NGYzNTRlY2VjODY5NDcyMWZiN2M3ZmQ0XzM5ZTNhODM4ZGQlMjIlMjB0YWJpbmRleCUzRCUyMi0xJTIyJTIwdmFsdWUlM0QlMjIlMjIlM0UlM0MlMkZkaXYlM0UlMEElMjAlMjAlMjAlMjAlMjAlMjAlMjAlMjAlMjAlMjAlMjAlMjAlMjAlMjAlMjAlMjAlM0NkaXYlMjBjbGFzcyUzRCUyMmNsZWFyJTIyJTNFJTNDaW5wdXQlMjB0eXBlJTNEJTIyc3VibWl0JTIyJTIwbmFtZSUzRCUyMnN1YnNjcmliZSUyMiUyMGlkJTNEJTIybWMtZW1iZWRkZWQtc3Vic2NyaWJlJTIyJTIwY2xhc3MlM0QlMjJidXR0b24lMjIlMjB2YWx1ZSUzRCUyMkFhbm1lbGRlbiUyMiUzRSUzQyUyRmRpdiUzRSUwQSUyMCUyMCUyMCUyMCUyMCUyMCUyMCUyMCUzQyUyRmRpdiUzRSUwQSUyMCUyMCUyMCUyMCUzQyUyRmZvcm0lM0UlMEElMjAlMjAlMjAlMjAlM0MlMkZkaXYlM0UlMEElMjAlMjAlMjAlMjAlM0NzY3JpcHQlMjB0eXBlJTNEJTIydGV4dCUyRmphdmFzY3JpcHQlMjIlMjBzcmMlM0QlMjIlMkYlMkZzMy5hbWF6b25hd3MuY29tJTJGZG93bmxvYWRzLm1haWxjaGltcC5jb20lMkZqcyUyRm1jLXZhbGlkYXRlLmpzJTIyJTNFJTNDJTJGc2NyaXB0JTNFJTBBJTIwJTIwJTIwJTIwJTNDc2NyaXB0JTIwdHlwZSUzRCUyMnRleHQlMkZqYXZhc2NyaXB0JTIyJTNFJTI4ZnVuY3Rpb24lMjglMjQlMjklMjAlN0J3aW5kb3cuZm5hbWVzJTIwJTNEJTIwbmV3JTIwQXJyYXklMjglMjklM0IlMjB3aW5kb3cuZnR5cGVzJTIwJTNEJTIwbmV3JTIwQXJyYXklMjglMjklM0JmbmFtZXMlNUIwJTVEJTNEJTI3RU1BSUwlMjclM0JmdHlwZXMlNUIwJTVEJTNEJTI3ZW1haWwlMjclM0JmbmFtZXMlNUIxJTVEJTNEJTI3Rk5BTUUlMjclM0JmdHlwZXMlNUIxJTVEJTNEJTI3dGV4dCUyNyUzQmZuYW1lcyU1QjIlNUQlM0QlMjdMTkFNRSUyNyUzQmZ0eXBlcyU1QjIlNUQlM0QlMjd0ZXh0JTI3JTNCZm5hbWVzJTVCMyU1RCUzRCUyN0FERFJFU1MlMjclM0JmdHlwZXMlNUIzJTVEJTNEJTI3YWRkcmVzcyUyNyUzQmZuYW1lcyU1QjQlNUQlM0QlMjdQSE9ORSUyNyUzQmZ0eXBlcyU1QjQlNUQlM0QlMjdwaG9uZSUyNyUzQmZuYW1lcyU1QjUlNUQlM0QlMjdCSVJUSERBWSUyNyUzQmZ0eXBlcyU1QjUlNUQlM0QlMjdiaXJ0aGRheSUyNyUzQiUwQSUyMCUyMCUyMCUyMCUyNC5leHRlbmQlMjglMjQudmFsaWRhdG9yLm1lc3NhZ2VzJTJDJTIwJTdCJTBBJTIwJTIwJTIwJTIwJTIwJTIwJTIwJTIwJTIwJTIwJTIwJTIwcmVxdWlyZWQlM0ElMjAlMjJEaWVzJTIwaXN0JTIwZWluJTIwUGZsaWNodGZlbGQuJTIyJTJDJTBBJTIwJTIwJTIwJTIwJTIwJTIwJTIwJTIwJTIwJTIwJTIwJTIwcmVtb3RlJTNBJTIwJTIyS29udHJvbGxpZXJlbiUyMFNpZSUyMGRpZXNlcyUyMEZlbGQuJTIyJTJDJTBBJTIwJTIwJTIwJTIwJTIwJTIwJTIwJTIwJTIwJTIwJTIwJTIwZW1haWwlM0ElMjAlMjJHZWJlbiUyMFNpZSUyMGhpZXIlMjBlaW5lJTIwZyVDMyVCQ2x0aWdlJTIwRS1NYWlsLUFkcmVzc2UlMjBlaW4uJTIyJTJDJTBBJTIwJTIwJTIwJTIwJTIwJTIwJTIwJTIwJTIwJTIwJTIwJTIwdXJsJTNBJTIwJTIyR2ViZW4lMjBTaWUlMjBoaWVyJTIwZWluZSUyMGclQzMlQkNsdGlnZSUyMFVSTCUyMGVpbi4lMjIlMkMlMEElMjAlMjAlMjAlMjAlMjAlMjAlMjAlMjAlMjAlMjAlMjAlMjBkYXRlJTNBJTIwJTIyR2ViZW4lMjBTaWUlMjBoaWVyJTIwZWluJTIwZyVDMyVCQ2x0aWdlcyUyMERhdHVtJTIwZWluLiUyMiUyQyUwQSUyMCUyMCUyMCUyMCUyMCUyMCUyMCUyMCUyMCUyMCUyMCUyMGRhdGVJU08lM0ElMjAlMjJHZWJlbiUyMFNpZSUyMGhpZXIlMjBlaW4lMjBnJUMzJUJDbHRpZ2VzJTIwRGF0dW0lMjBlaW4lMjAlMjhJU08tRm9ybWF0JTI5LiUyMiUyQyUwQSUyMCUyMCUyMCUyMCUyMCUyMCUyMCUyMCUyMCUyMCUyMCUyMG51bWJlciUzQSUyMCUyMkdlYmVuJTIwU2llJTIwaGllciUyMGVpbmUlMjBnJUMzJUJDbHRpZ2UlMjBaYWhsJTIwZWluLiUyMiUyQyUwQSUyMCUyMCUyMCUyMCUyMCUyMCUyMCUyMCUyMCUyMCUyMCUyMGRpZ2l0cyUzQSUyMCUyMkdlYmVuJTIwU2llJTIwaGllciUyMG51ciUyMFphaGxlbiUyMGVpbi4lMjIlMkMlMEElMjAlMjAlMjAlMjAlMjAlMjAlMjAlMjAlMjAlMjAlMjAlMjBjcmVkaXRjYXJkJTNBJTIwJTIyR2ViZW4lMjBTaWUlMjBoaWVyJTIwZWluZSUyMGclQzMlQkNsdGlnZSUyMEtyZWRpdGthcnRlbm51bW1lciUyMGVpbi4lMjIlMkMlMEElMjAlMjAlMjAlMjAlMjAlMjAlMjAlMjAlMjAlMjAlMjAlMjBlcXVhbFRvJTNBJTIwJTIyR2ViZW4lMjBTaWUlMjBoaWVyJTIwZGVuJTIwZ2xlaWNoZW4lMjBXZXJ0JTIwZWluLiUyMiUyQyUwQSUyMCUyMCUyMCUyMCUyMCUyMCUyMCUyMCUyMCUyMCUyMCUyMGFjY2VwdCUzQSUyMCUyMkdlYmVuJTIwU2llJTIwaGllciUyMGVpbmVuJTIwV2VydCUyMG1pdCUyMGVpbmVyJTIwZyVDMyVCQ2x0aWdlbiUyMEVyd2VpdGVydW5nJTIwZWluLiUyMiUyQyUwQSUyMCUyMCUyMCUyMCUyMCUyMCUyMCUyMCUyMCUyMCUyMCUyMG1heGxlbmd0aCUzQSUyMCUyNC52YWxpZGF0b3IuZm9ybWF0JTI4JTIyR2ViZW4lMjBTaWUlMjBoaWVyJTIwbWF4aW1hbCUyMCU3QjAlN0QlMjBaZWljaGVuJTIwZWluLiUyMiUyOSUyQyUwQSUyMCUyMCUyMCUyMCUyMCUyMCUyMCUyMCUyMCUyMCUyMCUyMG1pbmxlbmd0aCUzQSUyMCUyNC52YWxpZGF0b3IuZm9ybWF0JTI4JTIyR2ViZW4lMjBTaWUlMjBoaWVyJTIwbWluaW1hbCUyMCU3QjAlN0QlMjBaZWljaGVuJTIwZWluLiUyMiUyOSUyQyUwQSUyMCUyMCUyMCUyMCUyMCUyMCUyMCUyMCUyMCUyMCUyMCUyMHJhbmdlbGVuZ3RoJTNBJTIwJTI0LnZhbGlkYXRvci5mb3JtYXQlMjglMjJHZWJlbiUyMFNpZSUyMGhpZXIlMjBlaW5lbiUyMFdlcnQlMjBtaXQlMjBtaW5pbWFsJTIwJTdCMCU3RCUyMHVuZCUyMG1heGltYWwlMjAlN0IxJTdEJTIwWmVpY2hlbiUyMGVpbi4lMjIlMjklMkMlMEElMjAlMjAlMjAlMjAlMjAlMjAlMjAlMjAlMjAlMjAlMjAlMjByYW5nZSUzQSUyMCUyNC52YWxpZGF0b3IuZm9ybWF0JTI4JTIyR2ViZW4lMjBTaWUlMjBoaWVyJTIwZWluZW4lMjBXZXJ0JTIwdm9uJTIwbWluaW1hbCUyMCU3QjAlN0QlMjB1bmQlMjBtYXhpbWFsJTIwJTdCMSU3RCUyMGVpbi4lMjIlMjklMkMlMEElMjAlMjAlMjAlMjAlMjAlMjAlMjAlMjAlMjAlMjAlMjAlMjBtYXglM0ElMjAlMjQudmFsaWRhdG9yLmZvcm1hdCUyOCUyMkdlYmVuJTIwU2llJTIwZWluZW4lMjBXZXJ0JTIwa2xlaW5lciUyMG9kZXIlMjBnbGVpY2glMjAlN0IwJTdEJTIwZWluLiUyMiUyOSUyQyUwQSUyMCUyMCUyMCUyMCUyMCUyMCUyMCUyMCUyMCUyMCUyMCUyMG1pbiUzQSUyMCUyNC52YWxpZGF0b3IuZm9ybWF0JTI4JTIyR2ViZW4lMjBTaWUlMjBlaW5lbiUyMFdlcnQlMjBnciVDMyVCNiVDMyU5RmVyJTIwb2RlciUyMGdsZWljaCUyMCU3QjAlN0QlMjBlaW4uJTIyJTI5JTBBJTIwJTIwJTIwJTIwJTdEJTI5JTNCJTdEJTI4alF1ZXJ5JTI5JTI5JTNCdmFyJTIwJTI0bWNqJTIwJTNEJTIwalF1ZXJ5Lm5vQ29uZmxpY3QlMjh0cnVlJTI5JTNCJTNDJTJGc2NyaXB0JTNFJTBBJTNDJTJGZGl2JTNFJTBB[\/vc_raw_html][\/vc_column][\/vc_row]<\/p>\n","protected":false},"author":7,"featured_media":0,"parent":0,"menu_order":0,"comment_status":"closed","ping_status":"closed","template":"","meta":{"footnotes":""},"class_list":["post-318902","page","type-page","status-publish","hentry"],"_links":{"self":[{"href":"https:\/\/ab-marineservice.com\/de\/wp-json\/wp\/v2\/pages\/318902","targetHints":{"allow":["GET"]}}],"collection":[{"href":"https:\/\/ab-marineservice.com\/de\/wp-json\/wp\/v2\/pages"}],"about":[{"href":"https:\/\/ab-marineservice.com\/de\/wp-json\/wp\/v2\/types\/page"}],"author":[{"embeddable":true,"href":"https:\/\/ab-marineservice.com\/de\/wp-json\/wp\/v2\/users\/7"}],"replies":[{"embeddable":true,"href":"https:\/\/ab-marineservice.com\/de\/wp-json\/wp\/v2\/comments?post=318902"}],"version-history":[{"count":3,"href":"https:\/\/ab-marineservice.com\/de\/wp-json\/wp\/v2\/pages\/318902\/revisions"}],"predecessor-version":[{"id":332484,"href":"https:\/\/ab-marineservice.com\/de\/wp-json\/wp\/v2\/pages\/318902\/revisions\/332484"}],"wp:attachment":[{"href":"https:\/\/ab-marineservice.com\/de\/wp-json\/wp\/v2\/media?parent=318902"}],"curies":[{"name":"wp","href":"https:\/\/api.w.org\/{rel}","templated":true}]}}