{"id":56379,"date":"2021-08-12T13:09:35","date_gmt":"2021-08-12T11:09:35","guid":{"rendered":"https:\/\/ab-marineservice.com\/lieferung\/"},"modified":"2025-12-11T15:35:02","modified_gmt":"2025-12-11T14:35:02","slug":"lieferung-und-lieferzeit","status":"publish","type":"page","link":"https:\/\/ab-marineservice.com\/de\/lieferung-und-lieferzeit\/","title":{"rendered":"Lieferung und Lieferzeit"},"content":{"rendered":"\n<p><strong>Auf dieser Seite finden Sie Antworten auf die folgenden Fragen:<\/strong><\/p>\n\n\n\n<ol class=\"wp-block-list\">\n<li><a href=\"#pro-land\" data-type=\"internal\" data-id=\"#pro-land\">Wie lange ist die Lieferzeit pro Land?<\/a><\/li>\n\n\n\n<li><a href=\"#wann-wird-mein-paket-geliefert\">Wann wird mein Paket geliefert?<\/a><\/li>\n\n\n\n<li><a href=\"#Wo-ist-mein-Paket\" data-type=\"internal\" data-id=\"#Wo-ist-mein-Paket\">Wo ist mein Paket?<\/a><\/li>\n\n\n\n<li><a href=\"#keinen-Track-&amp;-Trace-Code-erhalten\" data-type=\"internal\" data-id=\"#keinen-Track-&amp;-Trace-Code-erhalten\">Warum habe ich noch keinen Track &amp; Trace-Code erhalten? <\/a><\/li>\n\n\n\n<li><a href=\"#Welche-Lieferm\u00f6glichkeiten-gibt-es\" data-type=\"internal\" data-id=\"#Welche-Lieferm\u00f6glichkeiten-gibt-es\">Welche Lieferm\u00f6glichkeiten gibt es?<\/a><\/li>\n\n\n\n<li><a href=\"#wie-kann-ich-meine-lieferadresse-andern\">Wie kann ich meine Lieferadresse \u00e4ndern?<\/a><\/li>\n\n\n\n<li><a href=\"#Kann-ich-mein-Paket-bei-einer-PostNL-Stelle-abholen\" data-type=\"internal\" data-id=\"#Kann-ich-mein-Paket-bei-einer-PostNL-Stelle-abholen\">Kann ich mein Paket an einer PostNL-Station abholen??<\/a><\/li>\n\n\n\n<li><a href=\"#wie-hoch-sind-die-Versandkosten\">Wie hoch sind die Versandkosten?<\/a><\/li>\n\n\n\n<li><a href=\"#Briefkasten\" data-type=\"internal\" data-id=\"#Briefkasten\">Passt mein Paket durch den Briefkasten? <\/a><\/li>\n\n\n\n<li><a href=\"#abholen\" data-type=\"internal\" data-id=\"#abholen\">&nbsp;Kann ich meine Bestellung in eurem Lager abholen?<\/a><\/li>\n\n\n\n<li><a href=\"#Haben-Sie-eine-andere-Frage\" data-type=\"internal\" data-id=\"#Haben-Sie-eine-andere-Frage\">Haben Sie eine andere Frage?<\/a><\/li>\n<\/ol>\n\n\n\n<p id=\"pro-land\"><strong>1. Wie lange ist die Lieferzeit pro Land?<\/strong><br>In der nachstehenden Tabelle finden Sie Angaben zu den Lieferzeiten pro Land. Klicken Sie unten auf &#8220;Lieferzeit in Werktagen pro Land&#8221;. Daraufhin wird eine Liste mit Angaben zur Lieferzeit pro Land angezeigt. F\u00fcr die aktuellste Lieferzeit geben Sie im Checkout das Lieferland ein. Die Lieferzeit erscheint dann in der Bestell\u00fcbersicht.<\/p>\n\n\n\n<details class=\"wp-block-details has-background is-layout-flow wp-block-details-is-layout-flow\" style=\"background-color:#e7e7e7\"><summary><strong>Angabe der Lieferzeit in Arbeitstagen pro Land:<\/strong><\/summary>\n<figure class=\"wp-block-table\"><table class=\"has-fixed-layout\"><tbody><tr><td>Land<\/td><td>Paket mit Track &amp; Trace (Anzahl der Arbeitstage)<\/td><\/tr><tr><td>Belgien<\/td><td>1-2<\/td><\/tr><tr><td>Bulgarien<\/td><td>2-5<\/td><\/tr><tr><td>Zypern<\/td><td>4-6<\/td><\/tr><tr><td>Kanada  <\/td><td>6-9<\/td><\/tr><tr><td>D\u00e4nemark<\/td><td>2-3<\/td><\/tr><tr><td>Deutschland<\/td><td>1-2<\/td><\/tr><tr><td>Estland<\/td><td>4-6<\/td><\/tr><tr><td>Finnland<\/td><td>3-6<\/td><\/tr><tr><td>Frankreich<\/td><td>2-4<\/td><\/tr><tr><td>Griechenland<\/td><td>3-6<\/td><\/tr><tr><td>Ungarn<\/td><td>3-6<\/td><\/tr><tr><td>Irland<\/td><td>2-4<\/td><\/tr><tr><td>Italien<\/td><td>2-5<\/td><\/tr><tr><td>Kroatien<\/td><td>5-8<\/td><\/tr><tr><td>Lettland<\/td><td>3-6<\/td><\/tr><tr><td>Litauen<\/td><td>4-6<\/td><\/tr><tr><td>Luxemburg<\/td><td>1-2<\/td><\/tr><tr><td>Malta<\/td><td>3-6<\/td><\/tr><tr><td>Niederlande<\/td><td>1-2<\/td><\/tr><tr><td>Norwegen<\/td><td>5-12<\/td><\/tr><tr><td>\u00d6sterreich<\/td><td>3-5<\/td><\/tr><tr><td>Polen<\/td><td>2-4<\/td><\/tr><tr><td>Portugal<\/td><td>3-5<\/td><\/tr><tr><td>Rum\u00e4nien<\/td><td>3-6<\/td><\/tr><tr><td>Slowenien<\/td><td>3-6<\/td><\/tr><tr><td>Slowakei<\/td><td>3-6<\/td><\/tr><tr><td>Spanien<\/td><td>3-6<\/td><\/tr><tr><td>Tschechien<\/td><td>3-6<\/td><\/tr><tr><td>U.S.A <\/td><td>7-10<\/td><\/tr><tr><td>Vereinigtes K\u00f6nigreich<\/td><td>2-3<\/td><\/tr><tr><td>Schweden<\/td><td>3-5<\/td><\/tr><tr><td>Schweiz<\/td><td>2-4<\/td><\/tr><\/tbody><\/table><\/figure>\n<\/details>\n\n\n\n<div style=\"height:30px\" aria-hidden=\"true\" class=\"wp-block-spacer\"><\/div>\n\n\n\n<p><a name=\"wann-wird-mein-paket-geliefert\"><\/a><strong>2. Wann wird mein Paket geliefert?<br><\/strong>Auf der Produktseite ist angegeben, wie lange die Lieferung des Produkts dauert. Wird Ihr Paket in Deutschland geliefert und haben Sie den Track &amp; Trace Code Ihrer Bestellung zur Hand?<a href=\"https:\/\/www.postnl.nl\/klantenservice\/status-zending\/wanneer-wordt-mijn-pakket-bezorgd\/\" target=\"_blank\" rel=\"noreferrer noopener\">Schauen Sie sich hier den Status Ihrer Bestellung bei PostNL an<\/a>. Wenn Ihr Paket im Ausland geliefert wird, \u00fcbernimmt GLS den Versand. \u00dcberpr\u00fcfen Sie den Bestellstatus <a href=\"https:\/\/www.gls-info.nl\/\" target=\"_blank\" rel=\"noreferrer noopener\">bei GLS<\/a>.<\/p>\n\n\n\n<p id=\"Wo-ist-mein-Paket\"><a name=\"#wo-ist-mein-paket\"><\/a><strong>3. Wo ist mein Paket?<br><\/strong>Wenn wir Ihr Paket verpackt haben und es versandfertig ist, erhalten Sie eine E-Mail mit einem Track &amp; Trace-Code. Wenn Sie auf den Code in der E-Mail klicken, sehen Sie, an welchem Tag und in welchem Zeitraum Ihr Paket zugestellt wird. Sie finden den Track &amp; Trace-Code auch, indem Sie <a href=\"https:\/\/ab-marineservice.com\/de\/mein-konto\/\">in Ihrem Konto<\/a> auf &#8220;Bestellungen&#8221; klicken. Die letzte Bestellung hat einen Track &amp; Trace-Code. Diese k\u00f6nnen Sie auf der <a href=\"https:\/\/www.internationalparceltracking.com\/#\/search\" rel=\"noopener\">PostNL-Website<\/a> ausf\u00fcllen. F\u00fcr weitere Fragen \u00fcber die Lieferung, den Liefertag und die Lieferzeit wenden Sie sich bitte an PostNL.<\/p>\n\n\n\n<p id=\"keinen-Track-&amp;-Trace-Code-erhalten\"><a name=\"warum-noch-keinen-track-trace-code\"><\/a><strong>4. Warum habe ich noch keinen Track &amp; Trace-Code erhalten?<\/strong><br>Sie erhalten eine E-Mail mit dem Track &amp; Trace-Code, sobald Ihre Bestellung verpackt und versandfertig ist. Wenn Sie noch keine E-Mail erhalten haben, ist Ihr Paket noch unterwegs zum Sortiercenter. Noch ein bisschen Geduld, wir arbeiten daran. \ud83d\ude42 Haben Sie vor einigen Werktagen eine Bestellung aufgegeben, aber noch keinen Code erhalten? Dann lesen Sie die Antwort unten:<br><strong>4a.<\/strong> <strong>Ich habe vor einigen Werktagen eine Bestellung aufgegeben und noch keinen Track &amp; Trace-Code erhalten<\/strong>. \u00dcberpr\u00fcfen Sie den E-Mail-Ordner &#8220;Spam\/unerw\u00fcnschte E-Mails&#8221;. Es kann sein, dass die E-Mail mit dem Code versehentlich dort gelandet ist. Wenn die E-Mail nicht vorhanden ist, k\u00f6nnen Sie den Track &amp; Trace-Code auch finden, indem Sie <a href=\"https:\/\/ab-marineservice.com\/de\/mein-konto\/\" target=\"_blank\" rel=\"noreferrer noopener\">zu Ihrem Konto<\/a> gehen. Wenn Sie auf unserer Website eingeloggt sind, gehen Sie zur \u00dcbersicht Ihrer Bestellungen und klicken Sie auf die Taste  \u2018Track &amp; Trace\u2019 . Jetzt k\u00f6nnen Sie den Status Ihrer Bestellung einsehen. Wenn noch kein Track &amp; Trace-Code verf\u00fcgbar ist, sind wir noch mit dem Verpacken Ihrer Bestellung besch\u00e4ftigt. Der Code wird sichtbar, sobald Ihr Paket verpackt und zum Versand bereit ist. Wenn Sie nach 2 Arbeitstagen noch keinen Track &amp; Trace-Code erhalten haben, senden Sie bitte eine E-Mail an info@ab-marineservice.com.<\/p>\n\n\n\n<p id=\"Welche-Lieferm\u00f6glichkeiten-gibt-es\"><a name=\"#welche-lieferm\u00f6glichkeiten-gibt-es\"><\/a><strong>5. Welche Lieferm\u00f6glichkeiten gibt es?<\/strong><br>Sie k\u00f6nnen Ihr Paket zu Hause oder bei der Arbeit liefern lassen. Dar\u00fcber hinaus k\u00f6nnen Sie angeben, dass Sie die morgendliche oder abendliche Lieferung verwenden m\u00f6chten. Wenn Sie m\u00f6chten, dass Ihr Paket nur zu Ihnen nach Hause und nicht zu den Nachbarn geliefert wird, k\u00f6nnen Sie die Option &#8220;Nur Privatadresse&#8221; aktivieren. Sie k\u00f6nnen auch die Option \u201eSignatur zum Empfang\u201c w\u00e4hlen. Nat\u00fcrlich k\u00f6nnen Sie Ihr Paket auch an einen PostNL-Punkt in der Umgebung liefern lassen.<\/p>\n\n\n\n<p id=\"lieferadresse-\u00e4ndern\"><a name=\"wie-kann-ich-meine-lieferadresse-andern\"><\/a><strong>6. Wie kann ich meine Lieferadresse \u00e4ndern?<\/strong><br>Sobald Ihre Bestellung unser Lager verlassen hat, ist es nicht mehr m\u00f6glich, Ihre Adresse zu \u00e4ndern. Bitte \u00fcberpr\u00fcfen Sie daher, ob Sie Ihre Daten korrekt eingegeben haben. Wenn Sie noch keinen Track &amp; Trace-Code erhalten haben, ist es manchmal noch m\u00f6glich, die Adresse zu \u00e4ndern. Bitte rufen Sie uns an unter +31514745007 oder senden Sie eine E-Mail an info@ab-marineservice.com.<\/p>\n\n\n\n<p id=\"Kann-ich-mein-Paket-bei-einer-PostNL-Stelle-abholen\"><a name=\"#kann-ich-mein-paket-abholen\"><\/a><strong>7. Kann ich mein Paket bei einer PostNL-Stelle abholen?<\/strong><br>Ja, Sie k\u00f6nnen ihr Paket bei einer PostNL-Stelle abholen. Wenn Sie die Option bei der Bestellung ausw\u00e4hlen, erscheint eine \u00dcbersicht der n\u00e4chstgelegenen PostNL-Punkte. Diese Option ist nur in den Niederlanden und Belgien verf\u00fcgbar.<\/p>\n\n\n\n<p id=\"wie-hoch-sind-die-Versandkosten\"><a name=\"#wie-hoch-sind-die-versandkosten\"><\/a><strong>8. Wie hoch sind die Versandkosten?<\/strong><br><em>&#8211; Versandkosten Niederlande<\/em><br>F\u00fcr den Versand an eine Adresse in den Niederlanden zahlen Sie \u20ac6,95 Versandkosten. Bei Bestellungen an eine Adresse in den Niederlanden mit einem Bestellwert \u00fcber \u20ac125 zahlen Sie keine Versandkosten.<br><em>\u2013 Lieferkosten au\u00dferhalb der Niederlande<\/em><br>Die aktuellen Versandkosten f\u00fcr andere L\u00e4nder finden Sie w\u00e4hrend des Bestellvorgangs. <a href=\"https:\/\/ab-marineservice.com\/de\/kasse\/\">Die aktuellen Versandkosten au\u00dferhalb der Niederlande finden Sie auf der Kasse-Seite<\/a>. Wenn Sie die Lieferadresse eingeben, werden die verf\u00fcgbaren Lieferoptionen und die Versandkosten angezeigt.<\/p>\n\n\n\n<p id=\"Briefkasten\"><strong>9.<\/strong> <strong>Passt mein Paket durch den Briefkasten? <\/strong><br>Wir versenden keine Briefkastenpakete. Da wir feststellen, dass Briefkastenpakete oft im Sortierzentrum verloren gehen, haben wir uns entschieden, nur regul\u00e4re Pakete mit Track und Trace Code zu versenden, damit diese nachverfolgt werden k\u00f6nnen. Auf diese Weise k\u00f6nnen wir weiterhin sicherstellen, dass Sie Ihr Paket schnell erhalten.<\/p>\n\n\n\n<p id=\"abholen\"><strong>10. Kann ich meine Bestellung in eurem Lager abholen?<\/strong><br>Ja, Sie k\u00f6nnen Ihre Bestellung in unserem Lager abholen, nachdem Sie diese online aufgegeben haben, sofern die Artikel zur Abholung verf\u00fcgbar sind. Dies ist bei jedem einzelnen Produkt angegeben.<\/p>\n\n\n\n<ol start=\"1\" class=\"wp-block-list\">\n<li>Geben Sie Ihre Bestellung online auf und w\u00e4hlen Sie die Option \u201eAbholen\u201c im Warenkorb oder auf der Checkout-Seite.<\/li>\n\n\n\n<li>Sie erhalten eine E-Mail von uns, sobald Ihre Bestellung in der Abholbox bereitliegt.<\/li>\n<\/ol>\n\n\n\n<p id=\"Haben-Sie-eine-andere-Frage\"><a name=\"haben-sie-eine-andere-frage\"><\/a><strong>11. Haben Sie eine andere Frage?<\/strong><br>Wenn Ihr Paket unser Lager verlassen hat, k\u00f6nnen Sie sich bei weiteren Fragen zur Zustellung an PostNL wenden, um zu erfahren, wo sich Ihr Paket befindet und wann es zugestellt wird.<a href=\"https:\/\/www.postnl.nl\/klantenservice\/\" rel=\"noopener\">Kontaktieren Sie den PostNL-Kundendienst<\/a>.<br><br>Haben Sie eine Frage zur Aufgabe einer Bestellung?<a href=\"https:\/\/ab-marineservice.com\/de\/bestellen\/\" target=\"_blank\" rel=\"noreferrer noopener\">Siehe die Hilfeseite zur Bestellung<\/a>.<br><br>Bei weiteren Fragen wenden Sie sich bitte \u00fcber die unten stehenden Kontaktm\u00f6glichkeiten an uns:<br>E-mail: info@ab-marineservice.com<br>Telefon: +31514745007<\/p>\n\n\n\n<p><\/p>\n","protected":false},"excerpt":{"rendered":"<p>Auf dieser Seite finden Sie Antworten auf die folgenden Fragen: 1. Wie lange ist die Lieferzeit pro Land?In der nachstehenden Tabelle finden Sie Angaben zu den Lieferzeiten pro Land. Klicken [&hellip;]<\/p>\n","protected":false},"author":1,"featured_media":0,"parent":0,"menu_order":0,"comment_status":"closed","ping_status":"closed","template":"","meta":{"footnotes":""},"class_list":["post-56379","page","type-page","status-publish","hentry"],"_links":{"self":[{"href":"https:\/\/ab-marineservice.com\/de\/wp-json\/wp\/v2\/pages\/56379","targetHints":{"allow":["GET"]}}],"collection":[{"href":"https:\/\/ab-marineservice.com\/de\/wp-json\/wp\/v2\/pages"}],"about":[{"href":"https:\/\/ab-marineservice.com\/de\/wp-json\/wp\/v2\/types\/page"}],"author":[{"embeddable":true,"href":"https:\/\/ab-marineservice.com\/de\/wp-json\/wp\/v2\/users\/1"}],"replies":[{"embeddable":true,"href":"https:\/\/ab-marineservice.com\/de\/wp-json\/wp\/v2\/comments?post=56379"}],"version-history":[{"count":26,"href":"https:\/\/ab-marineservice.com\/de\/wp-json\/wp\/v2\/pages\/56379\/revisions"}],"predecessor-version":[{"id":417064,"href":"https:\/\/ab-marineservice.com\/de\/wp-json\/wp\/v2\/pages\/56379\/revisions\/417064"}],"wp:attachment":[{"href":"https:\/\/ab-marineservice.com\/de\/wp-json\/wp\/v2\/media?parent=56379"}],"curies":[{"name":"wp","href":"https:\/\/api.w.org\/{rel}","templated":true}]}}