{"id":60104,"date":"2021-10-19T18:44:50","date_gmt":"2021-10-19T16:44:50","guid":{"rendered":"https:\/\/ab-marineservice.com\/zuruecksenden\/"},"modified":"2025-06-07T19:34:04","modified_gmt":"2025-06-07T17:34:04","slug":"zuruecksenden","status":"publish","type":"page","link":"https:\/\/ab-marineservice.com\/de\/zuruecksenden\/","title":{"rendered":"R\u00fccksendung"},"content":{"rendered":"<div class=\"wpb-content-wrapper\"><p>[vc_row][vc_column][vc_column_text css=&#8221;&#8221;]<\/p>\n<p><strong>R\u00fccksendungsverfahren<\/strong><\/p>\n<p>M\u00f6chten Sie einen Artikel zur\u00fcckgeben? Laden Sie hier das vollst\u00e4ndige <a href=\"https:\/\/ab-marineservice.com\/wp-content\/uploads\/2024\/07\/DERetour-formulier-AB-Marine-service.pdf\">R\u00fccksendeformular<\/a> herunter, um eine schnelle Bearbeitung zu gew\u00e4hrleisten. Wenn Sie keinen Drucker haben, machen Sie sich keine Sorgen, dies ist nicht obligatorisch. Es ist sinnvoll, dem R\u00fccksendepaket m\u00f6glichst viele Informationen beizuf\u00fcgen, damit wir es schnell bearbeiten k\u00f6nnen.<\/p>\n<p><strong>Zur\u00fccksenden an:<\/strong><br \/>AB Marine service<br \/>Betreff: R\u00fccksendung<br \/>De Klaster 1B<br \/>Die Niederlande<br \/>NL &#8211; 8584 VA Hemelum<\/p>\n<p><strong>Bitte beachten Sie:<\/strong> Wir k\u00f6nnen Ihre R\u00fccksendung schneller und einfacher bearbeiten, wenn Sie uns Ihre Daten vollst\u00e4ndig gemeldet und zusammen mit dem Paket gesendet haben.<\/p>\n<p>Die R\u00fccksendung Ihres Online-Kaufs ist bis zu 14 Tage nach Lieferung m\u00f6glich, wenn diese nicht verwendet und unbesch\u00e4digt an die Postanschrift gesendet wurde. Nach Erhalt Ihrer R\u00fccksendung schreiben wir die Bestellung innerhalb von 14 Tagen gut, ohne Versandkosten. Die R\u00fccksendung geht zu Lasten des K\u00e4ufers.<\/p>\n<p>F\u00fcr Garantie und Besch\u00e4digungen k\u00f6nnen Sie bei uns \u00fcber ein R\u00fccksendeformular anfordern: <a href=\"mailto:info@ab-marineservice.com\">info@ab-marineservice.com<\/a><\/p>\n<p>Elektronische (regulierte) Komponenten wie Regler, Relais, Lichtmaschinen und Dynastarter k\u00f6nnen, wenn sie schon einmal angeschlossen worden sind, nicht mehr zur\u00fcckgesendet werden.<\/p>\n\n<h1 class=\"wp-block-heading\"><a href=\"https:\/\/ab-marineservice.com\/de\/bestellung-ausserhalb-der-eu\/rucksendungen-ausserhalb-der-eu\/\"><strong>R\u00fccksendungen au\u00dferhalb der EU<\/strong><\/a><\/h1>\n\n\n<p>&nbsp;<\/p>\n<p>[\/vc_column_text][\/vc_column][\/vc_row]<\/p>\n<\/div>","protected":false},"excerpt":{"rendered":"<p>[vc_row][vc_column][vc_column_text css=&#8221;&#8221;] R\u00fccksendungsverfahren M\u00f6chten Sie einen Artikel zur\u00fcckgeben? Laden Sie hier das vollst\u00e4ndige R\u00fccksendeformular herunter, um eine schnelle Bearbeitung zu gew\u00e4hrleisten. Wenn Sie keinen Drucker haben, machen Sie sich keine [&hellip;]<\/p>\n","protected":false},"author":263,"featured_media":0,"parent":0,"menu_order":0,"comment_status":"closed","ping_status":"closed","template":"","meta":{"footnotes":""},"class_list":["post-60104","page","type-page","status-publish","hentry"],"_links":{"self":[{"href":"https:\/\/ab-marineservice.com\/de\/wp-json\/wp\/v2\/pages\/60104","targetHints":{"allow":["GET"]}}],"collection":[{"href":"https:\/\/ab-marineservice.com\/de\/wp-json\/wp\/v2\/pages"}],"about":[{"href":"https:\/\/ab-marineservice.com\/de\/wp-json\/wp\/v2\/types\/page"}],"author":[{"embeddable":true,"href":"https:\/\/ab-marineservice.com\/de\/wp-json\/wp\/v2\/users\/263"}],"replies":[{"embeddable":true,"href":"https:\/\/ab-marineservice.com\/de\/wp-json\/wp\/v2\/comments?post=60104"}],"version-history":[{"count":8,"href":"https:\/\/ab-marineservice.com\/de\/wp-json\/wp\/v2\/pages\/60104\/revisions"}],"predecessor-version":[{"id":361400,"href":"https:\/\/ab-marineservice.com\/de\/wp-json\/wp\/v2\/pages\/60104\/revisions\/361400"}],"wp:attachment":[{"href":"https:\/\/ab-marineservice.com\/de\/wp-json\/wp\/v2\/media?parent=60104"}],"curies":[{"name":"wp","href":"https:\/\/api.w.org\/{rel}","templated":true}]}}