{"id":117683,"date":"2022-09-23T10:49:39","date_gmt":"2022-09-23T08:49:41","guid":{"rendered":"https:\/\/ab-marineservice.com\/?post_type=product&#038;p=117683"},"modified":"2025-05-22T16:04:43","modified_gmt":"2025-05-22T14:04:43","slug":"spruhdose-400ml-perkins-perama-prima-blau","status":"publish","type":"product","link":"https:\/\/ab-marineservice.com\/de\/produkt\/spruhdose-400ml-perkins-perama-prima-blau\/","title":{"rendered":"Spr\u00fchdose 400ml Perkins Perama Prima blau"},"content":{"rendered":"","protected":false},"excerpt":{"rendered":"<p>Schnell trocknender Lack mit Hammerschlageffekt f\u00fcr behandelte und unbehandelte Oberfl\u00e4chen wie Holz, Metall, Aluminium, Glas und Kunststoff. MOTIP Hammerschlaglack ist gut deckend, sto\u00dffest und best\u00e4ndig gegen Kratzer, Benzin, Chemikalien, verd\u00fcnnte Reinigungsmittel und Witterungseinfl\u00fcsse.<\/p>\n<p><a href=\"https:\/\/ab-marineservice.com\/wp-content\/uploads\/2022\/09\/TDS_3141_NL-NL.pdf\">Datenblatt: TDS_3141_NL-NL<\/a><\/p>\n","protected":false},"featured_media":337631,"comment_status":"open","ping_status":"closed","template":"","meta":[],"location":[3905,4275,4276],"product_brand":[],"product_cat":[3978],"product_tag":[],"class_list":{"0":"post-117683","1":"product","2":"type-product","3":"status-publish","4":"has-post-thumbnail","6":"location-ab-marine-service","7":"location-aes-emmeloord","8":"location-aes-lemmer","9":"product_cat-farbe","10":"product_shipping_class-paket-0-10-kg","12":"first","13":"instock","14":"sale","15":"taxable","16":"shipping-taxable","17":"purchasable","18":"product-type-simple"},"group_of_quantity":0,"min_quantity":0,"max_quantity":"","exclude_order_quantity_value_rules":"no","exclude_category_quantity_rules":"no","combine_variations":"no","locations":[{"id":3905,"name":"AB Marine","slug":"ab-marine-service","quantity":""},{"id":4275,"name":"AES Emmeloord","slug":"aes-emmeloord","quantity":""},{"id":4276,"name":"AES Lemmer","slug":"aes-lemmer","quantity":""}],"_links":{"self":[{"href":"https:\/\/ab-marineservice.com\/de\/wp-json\/wp\/v2\/product\/117683","targetHints":{"allow":["GET"]}}],"collection":[{"href":"https:\/\/ab-marineservice.com\/de\/wp-json\/wp\/v2\/product"}],"about":[{"href":"https:\/\/ab-marineservice.com\/de\/wp-json\/wp\/v2\/types\/product"}],"replies":[{"embeddable":true,"href":"https:\/\/ab-marineservice.com\/de\/wp-json\/wp\/v2\/comments?post=117683"}],"wp:featuredmedia":[{"embeddable":true,"href":"https:\/\/ab-marineservice.com\/de\/wp-json\/wp\/v2\/media\/337631"}],"wp:attachment":[{"href":"https:\/\/ab-marineservice.com\/de\/wp-json\/wp\/v2\/media?parent=117683"}],"wp:term":[{"taxonomy":"location","embeddable":true,"href":"https:\/\/ab-marineservice.com\/de\/wp-json\/wp\/v2\/location?post=117683"},{"taxonomy":"product_brand","embeddable":true,"href":"https:\/\/ab-marineservice.com\/de\/wp-json\/wp\/v2\/product_brand?post=117683"},{"taxonomy":"product_cat","embeddable":true,"href":"https:\/\/ab-marineservice.com\/de\/wp-json\/wp\/v2\/product_cat?post=117683"},{"taxonomy":"product_tag","embeddable":true,"href":"https:\/\/ab-marineservice.com\/de\/wp-json\/wp\/v2\/product_tag?post=117683"}],"curies":[{"name":"wp","href":"https:\/\/api.w.org\/{rel}","templated":true}]}}