{"id":117982,"date":"2022-09-29T20:28:57","date_gmt":"2022-09-29T18:28:57","guid":{"rendered":"https:\/\/ab-marineservice.com\/?post_type=product&#038;p=117982"},"modified":"2026-01-22T15:01:29","modified_gmt":"2026-01-22T14:01:29","slug":"volvo-penta-hs63a-a-getriebe-2521-zf63a","status":"publish","type":"product","link":"https:\/\/ab-marineservice.com\/de\/produkt\/volvo-penta-hs63a-a-getriebe-2521-zf63a\/","title":{"rendered":"Volvo Penta HS63A-A Getriebe 2,52:1 (ZF63A)"},"content":{"rendered":"<p><iframe loading=\"lazy\" title=\"Volvo Penta TAMD41d marine engine with gearbox\" src=\"https:\/\/www.youtube.com\/embed\/7QR-jRydy7g\" width=\"1250\" height=\"703\" frameborder=\"0\" allowfullscreen=\"allowfullscreen\"><\/iframe><\/p>\n","protected":false},"excerpt":{"rendered":"<p>Hydraulischer R\u00fcckw\u00e4rtsgang HS63A-A \u00dcbersetzung 2,52:1 \u00a0(Abtriebswinkel 7\u00b0 beachten)<\/p>\n<p>Komplett mit \u00d6lk\u00fchler.<\/p>\n<p>Kommt von einem gut funktionierenden, eingetauschten Motor.<\/p>\n<p>In ganz Europa geliefert!<\/p>\n<p><strong> Bleiben Sie jede Woche \u00fcber unsere neuesten Angebote auf dem Laufenden, <a href=\"https:\/\/ab-marineservice.com\/de\/angebot-gebrauchte-schiffsmotoren\/\"> melden Sie sich hier bitte an <\/a>!<\/strong><\/p>\n","protected":false},"featured_media":317499,"comment_status":"open","ping_status":"closed","template":"","meta":[],"location":[],"product_brand":[],"product_cat":[10450],"product_tag":[],"class_list":{"0":"post-117982","1":"product","2":"type-product","3":"status-publish","4":"has-post-thumbnail","6":"product_cat-verkaufte-motoren","7":"product_shipping_class-paket-0-10-kg","9":"first","10":"outofstock","11":"shipping-taxable","12":"purchasable","13":"product-type-simple"},"group_of_quantity":0,"min_quantity":0,"max_quantity":"","exclude_order_quantity_value_rules":"no","exclude_category_quantity_rules":"no","combine_variations":"no","locations":[{"id":15418,"name":"AB Motoren","slug":"ab-motoren","quantity":""}],"_links":{"self":[{"href":"https:\/\/ab-marineservice.com\/de\/wp-json\/wp\/v2\/product\/117982","targetHints":{"allow":["GET"]}}],"collection":[{"href":"https:\/\/ab-marineservice.com\/de\/wp-json\/wp\/v2\/product"}],"about":[{"href":"https:\/\/ab-marineservice.com\/de\/wp-json\/wp\/v2\/types\/product"}],"replies":[{"embeddable":true,"href":"https:\/\/ab-marineservice.com\/de\/wp-json\/wp\/v2\/comments?post=117982"}],"wp:featuredmedia":[{"embeddable":true,"href":"https:\/\/ab-marineservice.com\/de\/wp-json\/wp\/v2\/media\/317499"}],"wp:attachment":[{"href":"https:\/\/ab-marineservice.com\/de\/wp-json\/wp\/v2\/media?parent=117982"}],"wp:term":[{"taxonomy":"location","embeddable":true,"href":"https:\/\/ab-marineservice.com\/de\/wp-json\/wp\/v2\/location?post=117982"},{"taxonomy":"product_brand","embeddable":true,"href":"https:\/\/ab-marineservice.com\/de\/wp-json\/wp\/v2\/product_brand?post=117982"},{"taxonomy":"product_cat","embeddable":true,"href":"https:\/\/ab-marineservice.com\/de\/wp-json\/wp\/v2\/product_cat?post=117982"},{"taxonomy":"product_tag","embeddable":true,"href":"https:\/\/ab-marineservice.com\/de\/wp-json\/wp\/v2\/product_tag?post=117982"}],"curies":[{"name":"wp","href":"https:\/\/api.w.org\/{rel}","templated":true}]}}