{"id":119532,"date":"2022-10-20T09:02:57","date_gmt":"2022-10-20T07:02:59","guid":{"rendered":"https:\/\/ab-marineservice.com\/?post_type=product&#038;p=119532"},"modified":"2025-05-27T15:50:06","modified_gmt":"2025-05-27T13:50:06","slug":"impellerpumpe-vetus-st125","status":"publish","type":"product","link":"https:\/\/ab-marineservice.com\/de\/produkt\/impellerpumpe-vetus-st125\/","title":{"rendered":"Impellerpumpe Vetus ST125"},"content":{"rendered":"","protected":false},"excerpt":{"rendered":"<p><strong>Die Pumpe wird inklusive Laufrad geliefert.<\/strong><\/p>\n<p>Impellerpumpe Vetus K\u00fchlwasserpumpe.<\/p>\n<p>Diese K\u00fchlwasserpumpe f\u00fcr die Vetus-Schiffsmotoren ist ideal f\u00fcr den Ersatz der originalen Johnson-, Jabsco-, JMP- oder Sherwood-Impellerpumpe.<br \/>\nDie hochwertige und h\u00e4ufig verbesserte Version des Originals bietet eine zuverl\u00e4ssige L\u00f6sung f\u00fcr den Austausch Ihrer Bootspumpe.<br \/>\nAlle Teile wie der Impeller und die innere Verschlei\u00dfteile sind die gleichen wie die Originalversion f\u00fcr Wartung oder \u00dcberholung, sodass Sie immer noch \u00fcberall hingehen k\u00f6nnen.<\/p>\n<p>Ersatznummern:<br \/>\nST125<\/p>\n<p>CAM 3832 2.00mm<\/p>\n<p>Ersatznummern Craftsman AA.300.90020<br \/>\nErsatznummern Vetus: STM6109<br \/>\nSol\u00e9 Diesel marine Ersatznummern: 37611000<br \/>\nJabsco Ersatznummern: 29460-1041, 29460-10-1801<\/p>\n<p>Diese K\u00fchlwasserpumpe passt u.a. auf die folgenden Schiffsmotoren.<\/p>\n<p><strong>VETUS<\/strong><\/p>\n<p>Bei Fragen zu diesem Produkt, dieser Teile oder dem Typ oder der Anwendung wenden Sie sich bitte an uns.<\/p>\n<p>Es kann verschiedene Typen oder Nummern geben, die auch zu diesem K\u00fchlpumpentyp passen.<\/p>\n","protected":false},"featured_media":119536,"comment_status":"open","ping_status":"closed","template":"","meta":[],"location":[4172],"product_brand":[],"product_cat":[1316,1320,1342],"product_tag":[],"class_list":{"0":"post-119532","1":"product","2":"type-product","3":"status-publish","4":"has-post-thumbnail","6":"location-clouds","7":"product_cat-impellerpumpen","8":"product_cat-impellerpumpen-motorspezifisch","9":"product_cat-vetus-de","10":"product_shipping_class-paket-0-10-kg","12":"first","13":"outofstock","14":"sale","15":"taxable","16":"shipping-taxable","17":"purchasable","18":"product-type-simple"},"group_of_quantity":0,"min_quantity":0,"max_quantity":"","exclude_order_quantity_value_rules":"no","exclude_category_quantity_rules":"no","combine_variations":"no","locations":[{"id":4172,"name":"Clouds","slug":"clouds","quantity":""}],"_links":{"self":[{"href":"https:\/\/ab-marineservice.com\/de\/wp-json\/wp\/v2\/product\/119532","targetHints":{"allow":["GET"]}}],"collection":[{"href":"https:\/\/ab-marineservice.com\/de\/wp-json\/wp\/v2\/product"}],"about":[{"href":"https:\/\/ab-marineservice.com\/de\/wp-json\/wp\/v2\/types\/product"}],"replies":[{"embeddable":true,"href":"https:\/\/ab-marineservice.com\/de\/wp-json\/wp\/v2\/comments?post=119532"}],"wp:featuredmedia":[{"embeddable":true,"href":"https:\/\/ab-marineservice.com\/de\/wp-json\/wp\/v2\/media\/119536"}],"wp:attachment":[{"href":"https:\/\/ab-marineservice.com\/de\/wp-json\/wp\/v2\/media?parent=119532"}],"wp:term":[{"taxonomy":"location","embeddable":true,"href":"https:\/\/ab-marineservice.com\/de\/wp-json\/wp\/v2\/location?post=119532"},{"taxonomy":"product_brand","embeddable":true,"href":"https:\/\/ab-marineservice.com\/de\/wp-json\/wp\/v2\/product_brand?post=119532"},{"taxonomy":"product_cat","embeddable":true,"href":"https:\/\/ab-marineservice.com\/de\/wp-json\/wp\/v2\/product_cat?post=119532"},{"taxonomy":"product_tag","embeddable":true,"href":"https:\/\/ab-marineservice.com\/de\/wp-json\/wp\/v2\/product_tag?post=119532"}],"curies":[{"name":"wp","href":"https:\/\/api.w.org\/{rel}","templated":true}]}}