{"id":119686,"date":"2022-10-20T14:58:22","date_gmt":"2022-10-20T12:58:22","guid":{"rendered":"https:\/\/ab-marineservice.com\/?post_type=product&#038;p=119686"},"modified":"2025-12-18T16:33:27","modified_gmt":"2025-12-18T15:33:27","slug":"motorstutzensatz-yanmar-6lya","status":"publish","type":"product","link":"https:\/\/ab-marineservice.com\/de\/produkt\/motorstutzensatz-yanmar-6lya\/","title":{"rendered":"Motorst\u00fctzensatz Yanmar 6LYA"},"content":{"rendered":"<p>Dieses Motorst\u00fctzensatz (Yanmar 6LYA-STP2 und 6LYA-STZP2) ist ein kompaktes Set von Schwingungsd\u00e4mpfern, einfach zu installieren und bietet eine hohe Schwingungsisolierung. Der interne Puffer dieser einzigartigen Schwingungsd\u00e4mpfer sorgt daf\u00fcr, dass die Motorbewegung in drei Richtungen begrenzt wird. Die Motorst\u00fctze wurde speziell entwickelt f\u00fcr Schiffsmotoren die eine hohe Frequenz erzeugen, wie z. B. Motoren mit 4 oder mehr Zylindern. Durch die Zusammensetzung dieses Schwingungsd\u00e4mpfers wird die hohe Frequenz der 4 Zylinder sehr gut reduziert. Dadurch bildet es den perfekten Puffer zwischen Motor und Motorfundament. St\u00f6rende Schwingungen werden somit enorm begrenzt und beim Segeln auf ein angenehmes Ma\u00df reduziert.<\/p>\n<p>Die H\u00f6he ist verstellbar durch einen Standard M16 <a href=\"https:\/\/ab-marineservice.com\/de\/produkt-kategorie\/motorteile\/motorstutzen\/einstellstifte\/\">Stift<\/a>. Pr\u00fcfen Sie vor der Bestellung, ob dies auch die richtige Gr\u00f6\u00dfe f\u00fcr Ihr Motor ist.<br \/>\nStimmt die Lochgr\u00f6\u00dfe mit Ihren St\u00fctzbeinen\/Armen nicht \u00fcberein, dann haben Sie die Wahl zwischen Stiftgr\u00f6\u00dfe M12 oder M18. Diese k\u00f6nnen separat bestellt werden.<\/p>\n","protected":false},"excerpt":{"rendered":"<p>Maximale Last pro St\u00fctze 100 kg.<br \/>\nGummih\u00e4rte: 55 shore.<br \/>\n4x 10-IM-130-B-55<\/p>\n<p>Einstellstift M16<\/p>\n<p>A L\u00e4nge: 120 mm<br \/>\nB H\u00f6he: 34 mm<br \/>\nC Breite: 60 mm<br \/>\nD Stich: 100 mm<\/p>\n<p>Einstellung der Schwingungsd\u00e4mpfer: <a href=\"https:\/\/ab-marineservice.com\/wp-content\/uploads\/2025\/12\/Korrekte-Einstellung-von-flexiblen-Schwingungsdampfern-fur-einen-Schiffsmotor.pdf\">Bedingungen f\u00fcr die korrekte Einstellung<\/a><\/p>\n","protected":false},"featured_media":140328,"comment_status":"open","ping_status":"closed","template":"","meta":[],"location":[15440],"product_brand":[],"product_cat":[1431,4075],"product_tag":[],"class_list":{"0":"post-119686","1":"product","2":"type-product","3":"status-publish","4":"has-post-thumbnail","6":"location-vce","7":"product_cat-motorstutzen","8":"product_cat-motorspezifisch","9":"product_shipping_class-paket-0-10-kg","11":"first","12":"onbackorder","13":"sale","14":"taxable","15":"shipping-taxable","16":"purchasable","17":"product-type-simple"},"group_of_quantity":0,"min_quantity":0,"max_quantity":"","exclude_order_quantity_value_rules":"no","exclude_category_quantity_rules":"no","combine_variations":"no","locations":[{"id":15440,"name":"VCE","slug":"vce","quantity":""}],"_links":{"self":[{"href":"https:\/\/ab-marineservice.com\/de\/wp-json\/wp\/v2\/product\/119686","targetHints":{"allow":["GET"]}}],"collection":[{"href":"https:\/\/ab-marineservice.com\/de\/wp-json\/wp\/v2\/product"}],"about":[{"href":"https:\/\/ab-marineservice.com\/de\/wp-json\/wp\/v2\/types\/product"}],"replies":[{"embeddable":true,"href":"https:\/\/ab-marineservice.com\/de\/wp-json\/wp\/v2\/comments?post=119686"}],"wp:featuredmedia":[{"embeddable":true,"href":"https:\/\/ab-marineservice.com\/de\/wp-json\/wp\/v2\/media\/140328"}],"wp:attachment":[{"href":"https:\/\/ab-marineservice.com\/de\/wp-json\/wp\/v2\/media?parent=119686"}],"wp:term":[{"taxonomy":"location","embeddable":true,"href":"https:\/\/ab-marineservice.com\/de\/wp-json\/wp\/v2\/location?post=119686"},{"taxonomy":"product_brand","embeddable":true,"href":"https:\/\/ab-marineservice.com\/de\/wp-json\/wp\/v2\/product_brand?post=119686"},{"taxonomy":"product_cat","embeddable":true,"href":"https:\/\/ab-marineservice.com\/de\/wp-json\/wp\/v2\/product_cat?post=119686"},{"taxonomy":"product_tag","embeddable":true,"href":"https:\/\/ab-marineservice.com\/de\/wp-json\/wp\/v2\/product_tag?post=119686"}],"curies":[{"name":"wp","href":"https:\/\/api.w.org\/{rel}","templated":true}]}}