{"id":119810,"date":"2022-10-16T15:39:18","date_gmt":"2022-10-16T13:39:18","guid":{"rendered":"https:\/\/ab-marineservice.com\/product\/volvo-heckantriebsadapter-10-zahne\/"},"modified":"2022-10-16T15:39:18","modified_gmt":"2022-10-16T13:39:18","slug":"volvo-heckantriebsadapter-10-zahne","status":"publish","type":"product","link":"https:\/\/ab-marineservice.com\/de\/produkt\/volvo-heckantriebsadapter-10-zahne\/","title":{"rendered":"Volvo Heckantriebsadapter 10 Z\u00e4hne"},"content":{"rendered":"","protected":false},"excerpt":{"rendered":"<p>Volvo Heckantriebsadapter 10 Z\u00e4hne.Tritt auf, wenn der aktuelle Benzinmotor durch einen Dieselmotor ersetzt wird.Motorseitig SAE7 26 Z\u00e4hne Anschluss (Zf, Velvet, Twindisc, Technodrive)<\/p>\n","protected":false},"featured_media":119374,"comment_status":"open","ping_status":"closed","template":"","meta":[],"location":[3906],"product_brand":[],"product_cat":[4125],"product_tag":[],"class_list":{"0":"post-119810","1":"product","2":"type-product","3":"status-publish","4":"has-post-thumbnail","6":"location-dintra","7":"product_cat-montageplatten","8":"product_shipping_class-paket-0-10-kg","10":"first","11":"instock","12":"sale","13":"taxable","14":"shipping-taxable","15":"purchasable","16":"product-type-simple"},"group_of_quantity":0,"min_quantity":0,"max_quantity":"","exclude_order_quantity_value_rules":"no","exclude_category_quantity_rules":"no","combine_variations":"no","locations":[{"id":3906,"name":"Dintra","slug":"dintra","quantity":""}],"_links":{"self":[{"href":"https:\/\/ab-marineservice.com\/de\/wp-json\/wp\/v2\/product\/119810","targetHints":{"allow":["GET"]}}],"collection":[{"href":"https:\/\/ab-marineservice.com\/de\/wp-json\/wp\/v2\/product"}],"about":[{"href":"https:\/\/ab-marineservice.com\/de\/wp-json\/wp\/v2\/types\/product"}],"replies":[{"embeddable":true,"href":"https:\/\/ab-marineservice.com\/de\/wp-json\/wp\/v2\/comments?post=119810"}],"wp:featuredmedia":[{"embeddable":true,"href":"https:\/\/ab-marineservice.com\/de\/wp-json\/wp\/v2\/media\/119374"}],"wp:attachment":[{"href":"https:\/\/ab-marineservice.com\/de\/wp-json\/wp\/v2\/media?parent=119810"}],"wp:term":[{"taxonomy":"location","embeddable":true,"href":"https:\/\/ab-marineservice.com\/de\/wp-json\/wp\/v2\/location?post=119810"},{"taxonomy":"product_brand","embeddable":true,"href":"https:\/\/ab-marineservice.com\/de\/wp-json\/wp\/v2\/product_brand?post=119810"},{"taxonomy":"product_cat","embeddable":true,"href":"https:\/\/ab-marineservice.com\/de\/wp-json\/wp\/v2\/product_cat?post=119810"},{"taxonomy":"product_tag","embeddable":true,"href":"https:\/\/ab-marineservice.com\/de\/wp-json\/wp\/v2\/product_tag?post=119810"}],"curies":[{"name":"wp","href":"https:\/\/api.w.org\/{rel}","templated":true}]}}