{"id":123974,"date":"2022-11-23T17:13:11","date_gmt":"2022-11-23T16:13:11","guid":{"rendered":"https:\/\/ab-marineservice.com\/product\/impellerpomp-revisieset-klein-0183\/"},"modified":"2025-09-01T11:20:55","modified_gmt":"2025-09-01T09:20:55","slug":"impellerpumpen-revisionssatz-klein-0183","status":"publish","type":"product","link":"https:\/\/ab-marineservice.com\/de\/produkt\/impellerpumpen-revisionssatz-klein-0183\/","title":{"rendered":"Impellerpumpen Revisionssatz (klein) 0183"},"content":{"rendered":"<p>Dieser Impellerpumpen-Revisionssatz (klein) 0183 kann f\u00fcr die \u00dcberholung oder Wartung und Reparatur von JMP Yanmar Marine K\u00fchlwasser-Impellerpumpen  verwendet werden.<\/p>\n<p>Yanmar OEM-Pumpe  p\/n(s):<br \/>\n728270-42002, 12870-42002, 128270-42001, 128270-42000<br \/>\n728270-42002 ersetzt 128270-42002 und 128270-42002 ersetzt 128270-42001, 128270-42000<\/p>\n<p>Montiert auf den folgenden Yanmar Marine Motoren:<br \/>\n2GM20, 2GM20VE, 2GM20B, 2GM20C, 2GML, 3GMD, 3GMLE, 3GM30, 3GM30VE, 3GM30B,<\/p>\n<p>Info:<br \/>\nDieser Impellerpumpen-Revisionssatz (klein) 0183 k\u00f6nnen Sie f\u00fcr die Servicewartung von JMP Impellerpumpen verwenden.<br \/>\nHinweis: Nicht alle Teile dieses Revisionssatzes sind f\u00fcr andere Pumpen als JMP geeignet (<a href=\"https:\/\/ab-marineservice.com\/de\/produkt\/impellerpumpe-yanmar-2gm-3gm-direkt-gekuhlt\/\">JPR-YM07IP<\/a>)<\/p>\n<p>Bei Fragen und\/oder Anmerkungen k\u00f6nnen Sie uns <a href=\"https:\/\/ab-marineservice.com\/de\/kontakt\/\">per E-Mail oder WhatsApp kontaktieren<\/a><\/p>\n","protected":false},"excerpt":{"rendered":"<p>Kit enth\u00e4lt:<br \/>\nJIKJMP003 <a href=\"https:\/\/ab-marineservice.com\/de\/produkt\/impeller-volvo-803729-875807-833550-87580-0-876554-7-3586494-yanmar-104211-42070-104211-42071\/\">7001K<\/a> (Selbstschmierende Impeller) 1 x<br \/>\nRET0061 (Gummidichtung) 1x<br \/>\nCAMSET0051  (Verdr\u00e4ngungskamm)  1 x<br \/>\nGAK0016 (Deckel Dichtung) 1 x<br \/>\nCOV0077 (Deckel) 1 x<br \/>\nBOL0144 (Deckelschrauben Sechskant) 6 x<br \/>\nWER0001 (Verschleissblech) 1 x<\/p>\n<p>Yanmar OEM Pumpenteilnummern:<br \/>\nX0142398000, X0142398000, 128397-42200, 124070-42400<\/p>\n","protected":false},"featured_media":123690,"comment_status":"open","ping_status":"closed","template":"","meta":[],"location":[3906],"product_brand":[],"product_cat":[1316,2207,3888,4186],"product_tag":[],"class_list":{"0":"post-123974","1":"product","2":"type-product","3":"status-publish","4":"has-post-thumbnail","6":"location-dintra","7":"product_cat-impellerpumpen","8":"product_cat-impeller","9":"product_cat-impellerpumpe-deckeldichtungen","10":"product_cat-impellerpumpen-revisionssatz-klein","11":"product_shipping_class-paket-0-10-kg","13":"first","14":"instock","15":"sale","16":"taxable","17":"shipping-taxable","18":"purchasable","19":"product-type-simple"},"group_of_quantity":0,"min_quantity":0,"max_quantity":"","exclude_order_quantity_value_rules":"no","exclude_category_quantity_rules":"no","combine_variations":"no","locations":[{"id":3906,"name":"Dintra","slug":"dintra","quantity":""}],"_links":{"self":[{"href":"https:\/\/ab-marineservice.com\/de\/wp-json\/wp\/v2\/product\/123974","targetHints":{"allow":["GET"]}}],"collection":[{"href":"https:\/\/ab-marineservice.com\/de\/wp-json\/wp\/v2\/product"}],"about":[{"href":"https:\/\/ab-marineservice.com\/de\/wp-json\/wp\/v2\/types\/product"}],"replies":[{"embeddable":true,"href":"https:\/\/ab-marineservice.com\/de\/wp-json\/wp\/v2\/comments?post=123974"}],"wp:featuredmedia":[{"embeddable":true,"href":"https:\/\/ab-marineservice.com\/de\/wp-json\/wp\/v2\/media\/123690"}],"wp:attachment":[{"href":"https:\/\/ab-marineservice.com\/de\/wp-json\/wp\/v2\/media?parent=123974"}],"wp:term":[{"taxonomy":"location","embeddable":true,"href":"https:\/\/ab-marineservice.com\/de\/wp-json\/wp\/v2\/location?post=123974"},{"taxonomy":"product_brand","embeddable":true,"href":"https:\/\/ab-marineservice.com\/de\/wp-json\/wp\/v2\/product_brand?post=123974"},{"taxonomy":"product_cat","embeddable":true,"href":"https:\/\/ab-marineservice.com\/de\/wp-json\/wp\/v2\/product_cat?post=123974"},{"taxonomy":"product_tag","embeddable":true,"href":"https:\/\/ab-marineservice.com\/de\/wp-json\/wp\/v2\/product_tag?post=123974"}],"curies":[{"name":"wp","href":"https:\/\/api.w.org\/{rel}","templated":true}]}}