{"id":123976,"date":"2022-11-23T17:13:07","date_gmt":"2022-11-23T16:13:07","guid":{"rendered":"https:\/\/ab-marineservice.com\/product\/impellerpomp-revisieset-klein-0182\/"},"modified":"2025-05-22T16:02:30","modified_gmt":"2025-05-22T14:02:30","slug":"impellerpumpen-revisionssatz-klein-0182","status":"publish","type":"product","link":"https:\/\/ab-marineservice.com\/de\/produkt\/impellerpumpen-revisionssatz-klein-0182\/","title":{"rendered":"Impellerpumpen Revisionssatz (klein) 0182"},"content":{"rendered":"<p>Impellerpumpen-Revisionssatz (klein) 0182 kann zur Wartung der K\u00fchlwasserpumpe folgender Motoren verwendet werden.<br \/>\nWesterbeke 17.0\/23 EDE &#038; 13.5\/17.0 EDE<br \/>\nUniversal Engine: M-35, 35B, 35C, M-40B, M-25XPB, M3-20B 5416, 5432, 5444.<\/p>\n<p>Zu verwenden bei: <a href=\"https:\/\/ab-marineservice.com\/de\/produkt\/impellerpumpe-westerbeke-17-0-23-ede-13-5-17-0-ede-kuhlwasserpumpe\/\">JMP-WB7108<\/a><\/p>\n<p>Westerbeke Ersatzpumpe p\/n:<strong> <a href=\"https:\/\/ab-marineservice.com\/de\/produkt\/impellerpumpe-westerbeke-17-0-23-ede-13-5-17-0-ede-kuhlwasserpumpe\/\">42175<\/a>, 042175<\/strong><br \/>\nUniverselle Ersatzpumpe p\/n: <strong>302648, 302837<\/strong><br \/>\nSherwood Ersatzpumpe p\/n: <strong><a href=\"https:\/\/ab-marineservice.com\/de\/produkt\/impellerpumpe-westerbeke-universal-m35\/\">G908<\/a>, <a href=\"https:\/\/ab-marineservice.com\/de\/produkt\/impellerpumpe-westerbeke-universal-m35\/\">G903<\/a><\/strong><\/p>\n<p>Ersetzendes OEM-Teil  p\/n:<br \/>\nWesterbeke: Impellersatz <a href=\"https:\/\/ab-marineservice.com\/de\/produkt\/impeller-westerbeke-302875-kohler-22986\/\">200175<\/a><br \/>\nSherwood: CAMSET 18663, <a href=\"https:\/\/ab-marineservice.com\/de\/produkt\/impeller-volvo-835874-oberdorfer-8922-perkins-900012\/\">Impeller  9000K<\/a>Mechanische Dichtungsring 12859, Federring 4259, Verschlei\u00dfplatte 25150<\/p>\n<p>Teile dieses Impellerpumpe-Revisionssatz (klein) 0182 sind intern nicht kompatibel und austauschbar nicht mit dem Original.<br \/>\nAn der Verschlei\u00dfplatte, der Gleitringdichtung, dem \u00d6labdichtung, der Welle, dem Impeller usw. wurden \u00c4nderungen vorgenommen, um Qualit\u00e4t und Leistung zu verbessern.<\/p>\n<p>Bei Fragen zu diesem Produkt, dieser Teile oder dem Typ oder der Anwendung, nehmen Sie <a href=\"https:\/\/ab-marineservice.com\/de\/kontakt\/\">Kontakt auf<\/a>.<\/p>\n","protected":false},"excerpt":{"rendered":"<p>Impellerpumpen-Revisionssatz (klein) 0182 kann zur Wartung der K\u00fchlwasserpumpe f\u00fcr Westerbeke und Universal Engine Motoren verwendet werden.<\/p>\n<p>Dieser kleine Wartungssatz enth\u00e4lt:<br \/>\nFlexible selbstschmierende Impellersatz 1x JIKJMP017<br \/>\nVerdr\u00e4ngungskamm 1 x CAMSET0057<br \/>\nMechanische Abdichtungssatz 1 x MCSSET0020<br \/>\nSnap-Ring gro\u00df 1 x SNP0006<br \/>\nVerschleissblech  1 x WER0014<\/p>\n<p>Nicht alle Teile sind mit der Originalpumpe (OEM) verwendbar und austauschbar, die JMP-Pumpe wurde im Design verbessert.<br \/>\nDie Verwendung von h\u00f6herwertigem Material hat die Qualit\u00e4t verbessert und die Haltbarkeit erh\u00f6ht.<\/p>\n","protected":false},"featured_media":123945,"comment_status":"open","ping_status":"closed","template":"","meta":[],"location":[3906],"product_brand":[],"product_cat":[1316,2204,3888,4186],"product_tag":[],"class_list":{"0":"post-123976","1":"product","2":"type-product","3":"status-publish","4":"has-post-thumbnail","6":"location-dintra","7":"product_cat-impellerpumpen","8":"product_cat-impellers","9":"product_cat-impellerpumpe-deckeldichtungen","10":"product_cat-impellerpumpen-revisionssatz-klein","11":"product_shipping_class-paket-0-10-kg","13":"first","14":"outofstock","15":"taxable","16":"shipping-taxable","17":"purchasable","18":"product-type-simple"},"group_of_quantity":0,"min_quantity":0,"max_quantity":"","exclude_order_quantity_value_rules":"no","exclude_category_quantity_rules":"no","combine_variations":"no","locations":[{"id":3906,"name":"Dintra","slug":"dintra","quantity":""}],"_links":{"self":[{"href":"https:\/\/ab-marineservice.com\/de\/wp-json\/wp\/v2\/product\/123976","targetHints":{"allow":["GET"]}}],"collection":[{"href":"https:\/\/ab-marineservice.com\/de\/wp-json\/wp\/v2\/product"}],"about":[{"href":"https:\/\/ab-marineservice.com\/de\/wp-json\/wp\/v2\/types\/product"}],"replies":[{"embeddable":true,"href":"https:\/\/ab-marineservice.com\/de\/wp-json\/wp\/v2\/comments?post=123976"}],"wp:featuredmedia":[{"embeddable":true,"href":"https:\/\/ab-marineservice.com\/de\/wp-json\/wp\/v2\/media\/123945"}],"wp:attachment":[{"href":"https:\/\/ab-marineservice.com\/de\/wp-json\/wp\/v2\/media?parent=123976"}],"wp:term":[{"taxonomy":"location","embeddable":true,"href":"https:\/\/ab-marineservice.com\/de\/wp-json\/wp\/v2\/location?post=123976"},{"taxonomy":"product_brand","embeddable":true,"href":"https:\/\/ab-marineservice.com\/de\/wp-json\/wp\/v2\/product_brand?post=123976"},{"taxonomy":"product_cat","embeddable":true,"href":"https:\/\/ab-marineservice.com\/de\/wp-json\/wp\/v2\/product_cat?post=123976"},{"taxonomy":"product_tag","embeddable":true,"href":"https:\/\/ab-marineservice.com\/de\/wp-json\/wp\/v2\/product_tag?post=123976"}],"curies":[{"name":"wp","href":"https:\/\/api.w.org\/{rel}","templated":true}]}}