{"id":123989,"date":"2022-11-23T17:12:41","date_gmt":"2022-11-23T16:12:41","guid":{"rendered":"https:\/\/ab-marineservice.com\/product\/jmp-minor-kit-jsm0164-for-pump-ku08\/"},"modified":"2025-05-20T18:28:05","modified_gmt":"2025-05-20T16:28:05","slug":"impellerpumpen-revisionssatz-0164-klein-ku08","status":"publish","type":"product","link":"https:\/\/ab-marineservice.com\/de\/produkt\/impellerpumpen-revisionssatz-0164-klein-ku08\/","title":{"rendered":"Impellerpumpen Revisionssatz 0164 (klein) KU08"},"content":{"rendered":"<p class=\"productView-title\">Impellerpumpen-Revisionssatz 0164 (klein) KU08 f\u00fcr die Ersatz-K\u00fchlwasserpumpe f\u00fcr den Fischer Panda\/Kubota (OEM Johnson 10-35127-3)<\/p>\n<p>Dieser Satz enth\u00e4lt die folgenden Teile:<br \/>\nBOL0144 (Sechskantschraube f\u00fcr den Deckel) 7x<br \/>\nCAMSET0035  (Verdr\u00e4ngungskamm)  1x<br \/>\nCOV0048 (Deckel) 1x<br \/>\nJIKJMP005 (Impeller mit Dichtungssatz) 1x<br \/>\nRET0048 Lipseal  1x<br \/>\n<a href=\"https:\/\/ab-marineservice.com\/de\/produkt\/impeller-vetus-stm8061-yanmar-128397-42500-128377-42500\/\">7050K <\/a>(Impeller selbstschmierend) 1x<\/p>\n<p>Dieser Revisionssatz kann nicht f\u00fcr die OEM-Pumpe verwendet werden<\/p>\n<p>Ersetzende Teile Johnson:<br \/>\n01-46794-03<br \/>\n01-42389<br \/>\n01-42389<br \/>\n0.2233.010<\/p>\n","protected":false},"excerpt":{"rendered":"<p>Dieser Revisionssatz kann in der JMP K\u00fchlwasserpumpe f\u00fcr folgende Motortypen und Ausf\u00fchrungen verwendet werden:<br \/>\nFISCHER PANDA:<strong> 8000i, 10000i, 4K, 7 MINI PMS, 8000x, 8 MINI PMS, 10000x, 12000x, AGT-DC 5000-12V, AGT-DC 6000-24V, AGT-DC 8000-24V, AGT-DC 10000-48V, 12000 NE PMS, 6000 ND PMS, 8000 NE PMS, 9000 ND PMS,<\/strong><br \/>\nKubota:<strong> Z482, Z602, D722<\/strong><br \/>\nErsatznummern: <strong>10-35127-03 \/10-35127, 3<\/strong><strong>KB08\/KB08IH<\/strong><\/p>\n","protected":false},"featured_media":124659,"comment_status":"open","ping_status":"closed","template":"","meta":[],"location":[3906],"product_brand":[],"product_cat":[1316,3888,4186],"product_tag":[],"class_list":{"0":"post-123989","1":"product","2":"type-product","3":"status-publish","4":"has-post-thumbnail","6":"location-dintra","7":"product_cat-impellerpumpen","8":"product_cat-impellerpumpe-deckeldichtungen","9":"product_cat-impellerpumpen-revisionssatz-klein","10":"product_shipping_class-paket-0-10-kg","12":"first","13":"instock","14":"taxable","15":"shipping-taxable","16":"purchasable","17":"product-type-simple"},"group_of_quantity":0,"min_quantity":0,"max_quantity":"","exclude_order_quantity_value_rules":"no","exclude_category_quantity_rules":"no","combine_variations":"no","locations":[{"id":3906,"name":"Dintra","slug":"dintra","quantity":""}],"_links":{"self":[{"href":"https:\/\/ab-marineservice.com\/de\/wp-json\/wp\/v2\/product\/123989","targetHints":{"allow":["GET"]}}],"collection":[{"href":"https:\/\/ab-marineservice.com\/de\/wp-json\/wp\/v2\/product"}],"about":[{"href":"https:\/\/ab-marineservice.com\/de\/wp-json\/wp\/v2\/types\/product"}],"replies":[{"embeddable":true,"href":"https:\/\/ab-marineservice.com\/de\/wp-json\/wp\/v2\/comments?post=123989"}],"wp:featuredmedia":[{"embeddable":true,"href":"https:\/\/ab-marineservice.com\/de\/wp-json\/wp\/v2\/media\/124659"}],"wp:attachment":[{"href":"https:\/\/ab-marineservice.com\/de\/wp-json\/wp\/v2\/media?parent=123989"}],"wp:term":[{"taxonomy":"location","embeddable":true,"href":"https:\/\/ab-marineservice.com\/de\/wp-json\/wp\/v2\/location?post=123989"},{"taxonomy":"product_brand","embeddable":true,"href":"https:\/\/ab-marineservice.com\/de\/wp-json\/wp\/v2\/product_brand?post=123989"},{"taxonomy":"product_cat","embeddable":true,"href":"https:\/\/ab-marineservice.com\/de\/wp-json\/wp\/v2\/product_cat?post=123989"},{"taxonomy":"product_tag","embeddable":true,"href":"https:\/\/ab-marineservice.com\/de\/wp-json\/wp\/v2\/product_tag?post=123989"}],"curies":[{"name":"wp","href":"https:\/\/api.w.org\/{rel}","templated":true}]}}