{"id":123994,"date":"2022-11-23T17:12:34","date_gmt":"2022-11-23T16:12:34","guid":{"rendered":"https:\/\/ab-marineservice.com\/product\/jmp-minor-kit-jsm0162-for-pump-on7002\/"},"modified":"2025-05-22T15:42:25","modified_gmt":"2025-05-22T13:42:25","slug":"impellerpumpen-revisionssatz-klein-0162-on7002","status":"publish","type":"product","link":"https:\/\/ab-marineservice.com\/de\/produkt\/impellerpumpen-revisionssatz-klein-0162-on7002\/","title":{"rendered":"Impellerpumpen Revisionssatz (klein) 0162 ON7002"},"content":{"rendered":"<p>Dieser Impellerpumpen-Revisionssatz 0162 (klein) ON7002 kann f\u00fcr die Revision der JMP-Pumpe f\u00fcr verschiedene Cummins Motoren und Onan Generatormodelle verwendet werden.<\/p>\n<p>Gebraucht JMP selbstschmierende Impeller p\/n: <a href=\"https:\/\/ab-marineservice.com\/de\/produkt\/impeller-kohler-359978-onan-132-0415\/\">7013-01K<\/a><\/p>\n<p>Nicht zu verwenden f\u00fcr die folgende Pumpe von:<br \/>\nCummins Onan p\/n(s): 132-0395, 132-0430<br \/>\nSherwood p\/n(s): G8002<\/p>\n<p>Dieser Impellerpumpen-Revisionssatz (klein) 0162 ON7002 kann zur \u00dcberholung der <a href=\"https:\/\/ab-marineservice.com\/de\/produkt\/impellerpumpe-cummins-onan-marine-generator-7-5-8-kw-kuhlwasserpumpe\/\">JMP ON7002<\/a> Pumpe verwendet werden.<\/p>\n<p>Angewendet f\u00fcr die folgenden Motor- und Generatormodelle:<br \/>\nMDKBH, MDKBJ, MDKBW, QD 4\/5, 6\/7.5, 8 kW Generator<br \/>\nDie Teile dieses Satzes sind nicht intern kompatibel mit der Original-OEM-Pumpe, es wurden \u00c4nderungen f\u00fcr eine bessere Qualit\u00e4t und Leistung vorgenommen.<\/p>\n<p>Gro\u00dfes Service-Kit (alle internen Teile): <a href=\"https:\/\/ab-marineservice.com\/de\/produkt\/jmp-service-kit-jsk0158-fur-pumpe-on7002\/\">JSK0158<\/a> (*separat erh\u00e4ltlich)<\/p>\n","protected":false},"excerpt":{"rendered":"<p>Dieser Impellerpumpen-Revisionssatz 0162 (klein) ON7002 kann f\u00fcr die Revision der JMP-Pumpe f\u00fcr Cummins Motoren und Onan Generatormodelle verwendet werden.<\/p>\n<p>Kleiner Revisionssatz JSM0162 enth\u00e4lt die folgenden Teile:<br \/>\n<a href=\"https:\/\/ab-marineservice.com\/de\/produkt\/impeller-kohler-359978-onan-132-0415\/\">7013-01K<\/a> (Flexible selbstschmierende Impeller) 1x<br \/>\nBOL0227 (Dichtungsring Kupfer) 1x<br \/>\nORG0047 (O-Ring, f\u00fcr den Deckel) 1x<br \/>\nCOV0065 (Deckel) 1x<br \/>\nBOL0229 (Schrauben f\u00fcr den Deckel) 4x<br \/>\nMCS0038 (Gegendichtring) 1x<br \/>\nMCSS0040 (Keramik-Dichtungsfederscheibe) 1x<br \/>\nORG0031 (O-Ring Deckel) 1x<\/p>\n<p>Die Teile dieses Revisionssatzes sind intern nicht kompatibel mit der Original-OEM-Pumpe, es wurden \u00c4nderungen f\u00fcr eine bessere Qualit\u00e4t und Leistung vorgenommen)<\/p>\n","protected":false},"featured_media":125106,"comment_status":"open","ping_status":"closed","template":"","meta":[],"location":[3906],"product_brand":[],"product_cat":[1316,3888,4186],"product_tag":[],"class_list":{"0":"post-123994","1":"product","2":"type-product","3":"status-publish","4":"has-post-thumbnail","6":"location-dintra","7":"product_cat-impellerpumpen","8":"product_cat-impellerpumpe-deckeldichtungen","9":"product_cat-impellerpumpen-revisionssatz-klein","10":"product_shipping_class-paket-0-10-kg","12":"first","13":"instock","14":"taxable","15":"shipping-taxable","16":"purchasable","17":"product-type-simple"},"group_of_quantity":0,"min_quantity":0,"max_quantity":"","exclude_order_quantity_value_rules":"no","exclude_category_quantity_rules":"no","combine_variations":"no","locations":[{"id":3906,"name":"Dintra","slug":"dintra","quantity":""}],"_links":{"self":[{"href":"https:\/\/ab-marineservice.com\/de\/wp-json\/wp\/v2\/product\/123994","targetHints":{"allow":["GET"]}}],"collection":[{"href":"https:\/\/ab-marineservice.com\/de\/wp-json\/wp\/v2\/product"}],"about":[{"href":"https:\/\/ab-marineservice.com\/de\/wp-json\/wp\/v2\/types\/product"}],"replies":[{"embeddable":true,"href":"https:\/\/ab-marineservice.com\/de\/wp-json\/wp\/v2\/comments?post=123994"}],"wp:featuredmedia":[{"embeddable":true,"href":"https:\/\/ab-marineservice.com\/de\/wp-json\/wp\/v2\/media\/125106"}],"wp:attachment":[{"href":"https:\/\/ab-marineservice.com\/de\/wp-json\/wp\/v2\/media?parent=123994"}],"wp:term":[{"taxonomy":"location","embeddable":true,"href":"https:\/\/ab-marineservice.com\/de\/wp-json\/wp\/v2\/location?post=123994"},{"taxonomy":"product_brand","embeddable":true,"href":"https:\/\/ab-marineservice.com\/de\/wp-json\/wp\/v2\/product_brand?post=123994"},{"taxonomy":"product_cat","embeddable":true,"href":"https:\/\/ab-marineservice.com\/de\/wp-json\/wp\/v2\/product_cat?post=123994"},{"taxonomy":"product_tag","embeddable":true,"href":"https:\/\/ab-marineservice.com\/de\/wp-json\/wp\/v2\/product_tag?post=123994"}],"curies":[{"name":"wp","href":"https:\/\/api.w.org\/{rel}","templated":true}]}}