{"id":124177,"date":"2022-11-22T15:12:15","date_gmt":"2022-11-22T14:12:15","guid":{"rendered":"https:\/\/ab-marineservice.com\/product\/impellerpumpen-revisionssatz-klein-0028\/"},"modified":"2024-09-25T16:00:48","modified_gmt":"2024-09-25T14:00:48","slug":"impellerpumpen-revisionssatz-klein-0028","status":"publish","type":"product","link":"https:\/\/ab-marineservice.com\/de\/produkt\/impellerpumpen-revisionssatz-klein-0028\/","title":{"rendered":"Impellerpumpen-Revisionssatz (klein) 0028"},"content":{"rendered":"<p>Dieser Impellerpumpen-Revisionssatz (klein) 0028 kann f\u00fcr die \u00dcberholung oder Wartung und Reparatur von K\u00fchlwasser-Impellerpumpen von JMP Detroit Diesel Marine verwendet werden.<\/p>\n<p>Zur Reparatur folgender K\u00fchlwasser-Impellerpumpen:<\/p>\n<p>K\u00fchlwasserpumpe: &lt;strong&gt;JG6000F &lt;\/strong&gt;und &lt;strong&gt;G6010F&lt;\/strong&gt;<\/p>\n<p>&nbsp;<\/p>\n<p>JMP Schiffsmotor K\u00fchlwasserpumpe &lt;a href=&#8221;https:\/\/ab-marineservice.com\/de\/produkt\/impellerpumpe-detroit-diesel-253-353-453-471\/&#8221;&gt;&lt;strong&gt;G6000F&lt;\/strong&gt;&lt;\/a&gt;<\/p>\n<p>G6000F Ersetzt Detroit Dieselpumpe P\/N: &lt;strong&gt;5145578, 5145576&lt;\/strong&gt;<\/p>\n<p>G6000F Ersetzt Jabsco Pumpe P\/N: &lt;strong&gt;17050-0001, 17030&lt;\/strong&gt;<\/p>\n<p>G6000F geeignet f\u00fcr Motormodelle: &lt;strong&gt;253, 271, 353, 453, 471&lt;\/strong&gt;<\/p>\n<p>&nbsp;<\/p>\n<p>Detroit Diesel Teilnummern: &lt;strong&gt;8927518, 5196696, 8927516, 8927526, 5195753&lt;\/strong&gt;<\/p>\n<p>&nbsp;<\/p>\n<p>JMP Schiffsmotor K\u00fchlwasserpumpe &lt;a href=&#8221;https:\/\/ab-marineservice.com\/de\/produkt\/impellerpumpe-detroit-diesel-271\/&#8221;&gt;&lt;strong&gt;G6010F&lt;\/strong&gt;&lt;\/a&gt;<\/p>\n<p>G6010F Ersetzt Detroit Diesel Wasserpumpe P\/N: &lt;strong&gt;5145577&lt;\/strong&gt;<\/p>\n<p>G6010F Ersetzt Jabsco Pumpe P\/N: &lt;strong&gt;17040-0001, 5840-0000&lt;\/strong&gt;<\/p>\n<p>G6010F geeignet f\u00fcr Motormodelle: &lt;strong&gt;271&lt;\/strong&gt;<\/p>\n<p>&nbsp;<\/p>\n<p>Dieser Reparatur-, Wartungs- und Revisionssatz f\u00fcr die K\u00fchlwasserpumpe von Detroit Diesel Marine kann zur Reparatur der Impellerpumpe von JMP verwendet werden.<\/p>\n<p>&nbsp;<\/p>\n<p>Haben Sie Fragen und\/oder Anmerkungen zu diesem kleinen Impellerpumpen-Revisionssatz 0028? Sie k\u00f6nnen uns &lt;a href=&#8221;https:\/\/ab-marineservice.com\/de\/kontakt\/&#8221;&gt;per E-Mail oder WhatsApp kontaktieren&lt;\/a&gt;<\/p>\n","protected":false},"excerpt":{"rendered":"<p>Montiert auf die folgenden Detroit-Diesel-Schiffsmotoren: 253, 353, 453, 471<\/p>\n<p>Info:<br \/>\nDieser Impellerpumpen-Revisionssatz (klein) 0028 k\u00f6nnen Sie f\u00fcr die Servicewartung von JMP Impellerpumpen verwenden.<\/p>\n<p>Satz enth\u00e4lt:<br \/>\n<a href=\"https:\/\/ab-marineservice.com\/de\/produkt\/impeller-oberdorfer-7441\/\">7426-01<\/a> (Selbstschmierende Impeller) 1 x<br \/>\nMCSSET0008 (Mechanische Dichtung) 1 x<br \/>\nCAMSET00301 (Verdr\u00e4ngungskamm) 1 x<br \/>\nGAK0016 (Deckel Dichtung) 1 x<br \/>\nCOV001301 (Deckel) 1 x<br \/>\nBOL0080 (Deckelschrauben) 6 x<br \/>\nWER0001 (Verschleissblech) 1 x<\/p>\n","protected":false},"featured_media":122727,"comment_status":"open","ping_status":"closed","template":"","meta":[],"location":[3906],"product_brand":[],"product_cat":[1316,2207,3888,4186],"product_tag":[],"class_list":{"0":"post-124177","1":"product","2":"type-product","3":"status-publish","4":"has-post-thumbnail","6":"location-dintra","7":"product_cat-impellerpumpen","8":"product_cat-impeller","9":"product_cat-impellerpumpe-deckeldichtungen","10":"product_cat-impellerpumpen-revisionssatz-klein","11":"product_shipping_class-paket-0-10-kg","13":"first","14":"instock","15":"taxable","16":"shipping-taxable","17":"purchasable","18":"product-type-simple"},"group_of_quantity":0,"min_quantity":0,"max_quantity":"","exclude_order_quantity_value_rules":"no","exclude_category_quantity_rules":"no","combine_variations":"no","locations":[{"id":3906,"name":"Dintra","slug":"dintra","quantity":""}],"_links":{"self":[{"href":"https:\/\/ab-marineservice.com\/de\/wp-json\/wp\/v2\/product\/124177","targetHints":{"allow":["GET"]}}],"collection":[{"href":"https:\/\/ab-marineservice.com\/de\/wp-json\/wp\/v2\/product"}],"about":[{"href":"https:\/\/ab-marineservice.com\/de\/wp-json\/wp\/v2\/types\/product"}],"replies":[{"embeddable":true,"href":"https:\/\/ab-marineservice.com\/de\/wp-json\/wp\/v2\/comments?post=124177"}],"wp:featuredmedia":[{"embeddable":true,"href":"https:\/\/ab-marineservice.com\/de\/wp-json\/wp\/v2\/media\/122727"}],"wp:attachment":[{"href":"https:\/\/ab-marineservice.com\/de\/wp-json\/wp\/v2\/media?parent=124177"}],"wp:term":[{"taxonomy":"location","embeddable":true,"href":"https:\/\/ab-marineservice.com\/de\/wp-json\/wp\/v2\/location?post=124177"},{"taxonomy":"product_brand","embeddable":true,"href":"https:\/\/ab-marineservice.com\/de\/wp-json\/wp\/v2\/product_brand?post=124177"},{"taxonomy":"product_cat","embeddable":true,"href":"https:\/\/ab-marineservice.com\/de\/wp-json\/wp\/v2\/product_cat?post=124177"},{"taxonomy":"product_tag","embeddable":true,"href":"https:\/\/ab-marineservice.com\/de\/wp-json\/wp\/v2\/product_tag?post=124177"}],"curies":[{"name":"wp","href":"https:\/\/api.w.org\/{rel}","templated":true}]}}