{"id":124781,"date":"2022-12-15T09:56:41","date_gmt":"2022-12-15T08:56:42","guid":{"rendered":"https:\/\/ab-marineservice.com\/?post_type=product&#038;p=124781"},"modified":"2025-04-16T15:09:09","modified_gmt":"2025-04-16T13:09:09","slug":"innotec-calcium-clean-entfernt-kalkablagerungen","status":"publish","type":"product","link":"https:\/\/ab-marineservice.com\/de\/produkt\/innotec-calcium-clean-entfernt-kalkablagerungen\/","title":{"rendered":"Innotec Calcium Clean | Entfernt Kalkablagerungen f\u00fcr Badezimmer K\u00fcche Toilette Boot"},"content":{"rendered":"","protected":false},"excerpt":{"rendered":"<ul class=\"features\" data-v-507427ce=\"\">\n<li data-v-507427ce=\"\">Entfernt Kalkablagerungen auf \u00e4u\u00dferst einfache und effiziente Weise<\/li>\n<li data-v-507427ce=\"\">Greift Metall nicht an<\/li>\n<li data-v-507427ce=\"\">Angenehmer Geruch<\/li>\n<li data-v-507427ce=\"\">Nach dem Auftragen ist das Produkt schaumf\u00f6rmig, sodass es optimal auf senkrechten Fl\u00e4chen einwirken kann<\/li>\n<\/ul>\n<p>Calcium Clean ist ein einzigartiger und sehr kraftvoller Reiniger, der ganz gezielt Kalk und Rost entfernt. Aufgrund seiner Zusammensetzung eignet sich das Produkt insbesondere zur Reinigung von Sanit\u00e4rr\u00e4umen, wie Bad, Duschzelle, WC und Schwimmbad.<\/p>\n<p>Calcium Clean ist zudem ein sicheres Produkt f\u00fcr K\u00fcchen, Anrichten und Kacheln. Aufgrund seiner Zusammensetzung greift Calcium Clean \u00fcbliche Metalloberfl\u00e4chen nicht an, aufgrund dieser Eigenschaft kann es problemlos auf diesen oft heiklen Materialien verwendet werden. Calcium Clean kann in der Lebensmittelindustrie eingesetzt werden, sofern es entsprechend der geltenden HACCP-Normen verwendet wird.<\/p>\n<p>Calcium Clean ist beim Auftragen schaumf\u00f6rmig. Dies hat den Vorteil, dass das Produkt bestens auf senkrechten Fl\u00e4chen verwendbar ist. So ist es das ideale Produkt zum Entkalken von verchromten oder Edelstahl-Wasserh\u00e4hnen, Waschtischen sowie Edelstahlger\u00e4ten und -werkzeug. Das Produkt hinterl\u00e4sst einen angenehmen Geruch.<\/p>\n<p>Calcium Clean ist gebrauchsfertig und muss nicht erst verd\u00fcnnt werden. Durch das speziell entwickelte sch\u00e4umungsausl\u00f6sende Startreagens entsteht ein stabiler Schaum, der eine lange Einwirkungsdauer auf Rost und Kalkablagerungen erm\u00f6glicht. Als Vorratspackung gibt es auch einen wirtschaftlichen 5l Kanister.<\/p>\n","protected":false},"featured_media":124785,"comment_status":"open","ping_status":"closed","template":"","meta":[],"location":[3905],"product_brand":[24221],"product_cat":[1436,23623],"product_tag":[],"class_list":{"0":"post-124781","1":"product","2":"type-product","3":"status-publish","4":"has-post-thumbnail","6":"location-ab-marine-service","7":"product_brand-innotec","8":"product_cat-wartung","9":"product_cat-innotec","10":"product_shipping_class-paket-0-10-kg","12":"first","13":"instock","14":"sale","15":"taxable","16":"shipping-taxable","17":"purchasable","18":"product-type-simple"},"group_of_quantity":0,"min_quantity":0,"max_quantity":"","exclude_order_quantity_value_rules":"no","exclude_category_quantity_rules":"no","combine_variations":"no","locations":[{"id":3905,"name":"AB Marine","slug":"ab-marine-service","quantity":""}],"_links":{"self":[{"href":"https:\/\/ab-marineservice.com\/de\/wp-json\/wp\/v2\/product\/124781","targetHints":{"allow":["GET"]}}],"collection":[{"href":"https:\/\/ab-marineservice.com\/de\/wp-json\/wp\/v2\/product"}],"about":[{"href":"https:\/\/ab-marineservice.com\/de\/wp-json\/wp\/v2\/types\/product"}],"replies":[{"embeddable":true,"href":"https:\/\/ab-marineservice.com\/de\/wp-json\/wp\/v2\/comments?post=124781"}],"wp:featuredmedia":[{"embeddable":true,"href":"https:\/\/ab-marineservice.com\/de\/wp-json\/wp\/v2\/media\/124785"}],"wp:attachment":[{"href":"https:\/\/ab-marineservice.com\/de\/wp-json\/wp\/v2\/media?parent=124781"}],"wp:term":[{"taxonomy":"location","embeddable":true,"href":"https:\/\/ab-marineservice.com\/de\/wp-json\/wp\/v2\/location?post=124781"},{"taxonomy":"product_brand","embeddable":true,"href":"https:\/\/ab-marineservice.com\/de\/wp-json\/wp\/v2\/product_brand?post=124781"},{"taxonomy":"product_cat","embeddable":true,"href":"https:\/\/ab-marineservice.com\/de\/wp-json\/wp\/v2\/product_cat?post=124781"},{"taxonomy":"product_tag","embeddable":true,"href":"https:\/\/ab-marineservice.com\/de\/wp-json\/wp\/v2\/product_tag?post=124781"}],"curies":[{"name":"wp","href":"https:\/\/api.w.org\/{rel}","templated":true}]}}