{"id":12676,"date":"2017-06-14T13:52:20","date_gmt":"2017-06-14T11:52:20","guid":{"rendered":"https:\/\/ab-marineservice.com\/product\/kraftstoffschlauch-12-mm-gummi\/"},"modified":"2025-04-14T14:47:32","modified_gmt":"2025-04-14T12:47:32","slug":"kraftstoffschlauch-12-mm-gummi","status":"publish","type":"product","link":"https:\/\/ab-marineservice.com\/de\/produkt\/kraftstoffschlauch-12-mm-gummi\/","title":{"rendered":"Kraftstoffschlauch 12 x 19 mm Gummi"},"content":{"rendered":"","protected":false},"excerpt":{"rendered":"<p><strong>Physische Spezifikationen<\/strong><br \/>\nGewebtes Textil: Nein<br \/>\nFarbe: Schwarz<\/p>\n<p>L\u00e4nge pro 1 Meter \/ volle L\u00e4nge geliefert bis 15,00 Meter.<\/p>\n<p>Passend: <a href=\"https:\/\/ab-marineservice.com\/de\/produkt\/schlauchklemme\/\" target=\"_blank\" rel=\"noopener noreferrer\">Schlauchklemme 14-17 mm<\/a><\/p>\n<p>Multifunktionale Schl\u00e4uche mit geringem Durchmesser, geeignet f\u00fcr alle regul\u00e4ren Kraftstoffsysteme (au\u00dfer Biodiesel).<br \/>\nDer Mantel ist im Temperaturbereich von -35 \u00b0C bis +125 \u00b0C und \u00fcber kurze Zeitr\u00e4ume sogar bis +140 \u00b0C hitze- und \u00f6lbest\u00e4ndig.<br \/>\nDie Schl\u00e4uche erf\u00fcllen die Anforderungen nach SAE J30R7, ISO 4639-2 und DIN 73379.<br \/>\nEinheit: pro Meter<\/p>\n","protected":false},"featured_media":20923,"comment_status":"open","ping_status":"closed","template":"","meta":[],"location":[3905,15437],"product_brand":[],"product_cat":[1222,1437,1445,1448],"product_tag":[],"class_list":{"0":"post-12676","1":"product","2":"type-product","3":"status-publish","4":"has-post-thumbnail","6":"location-ab-marine-service","7":"location-sinatec","8":"product_cat-motorteile","9":"product_cat-schlauch-und-rohrleitung","10":"product_cat-kraftstoffschlauche","11":"product_cat-gummi","12":"product_shipping_class-paket-0-10-kg","14":"first","15":"instock","16":"sale","17":"taxable","18":"shipping-taxable","19":"purchasable","20":"product-type-simple"},"group_of_quantity":0,"min_quantity":0,"max_quantity":"","exclude_order_quantity_value_rules":"no","exclude_category_quantity_rules":"no","combine_variations":"no","locations":[{"id":3905,"name":"AB Marine","slug":"ab-marine-service","quantity":""},{"id":15437,"name":"Sinatec","slug":"sinatec","quantity":""}],"_links":{"self":[{"href":"https:\/\/ab-marineservice.com\/de\/wp-json\/wp\/v2\/product\/12676","targetHints":{"allow":["GET"]}}],"collection":[{"href":"https:\/\/ab-marineservice.com\/de\/wp-json\/wp\/v2\/product"}],"about":[{"href":"https:\/\/ab-marineservice.com\/de\/wp-json\/wp\/v2\/types\/product"}],"replies":[{"embeddable":true,"href":"https:\/\/ab-marineservice.com\/de\/wp-json\/wp\/v2\/comments?post=12676"}],"wp:featuredmedia":[{"embeddable":true,"href":"https:\/\/ab-marineservice.com\/de\/wp-json\/wp\/v2\/media\/20923"}],"wp:attachment":[{"href":"https:\/\/ab-marineservice.com\/de\/wp-json\/wp\/v2\/media?parent=12676"}],"wp:term":[{"taxonomy":"location","embeddable":true,"href":"https:\/\/ab-marineservice.com\/de\/wp-json\/wp\/v2\/location?post=12676"},{"taxonomy":"product_brand","embeddable":true,"href":"https:\/\/ab-marineservice.com\/de\/wp-json\/wp\/v2\/product_brand?post=12676"},{"taxonomy":"product_cat","embeddable":true,"href":"https:\/\/ab-marineservice.com\/de\/wp-json\/wp\/v2\/product_cat?post=12676"},{"taxonomy":"product_tag","embeddable":true,"href":"https:\/\/ab-marineservice.com\/de\/wp-json\/wp\/v2\/product_tag?post=12676"}],"curies":[{"name":"wp","href":"https:\/\/api.w.org\/{rel}","templated":true}]}}