{"id":127098,"date":"2023-01-25T11:19:17","date_gmt":"2023-01-25T10:19:17","guid":{"rendered":"https:\/\/ab-marineservice.com\/?post_type=product&#038;p=127098"},"modified":"2025-12-18T16:30:39","modified_gmt":"2025-12-18T15:30:39","slug":"motorstutzensatz-volvo-penta-d1-20-md2030-m16","status":"publish","type":"product","link":"https:\/\/ab-marineservice.com\/de\/produkt\/motorstutzensatz-volvo-penta-d1-20-md2030-m16\/","title":{"rendered":"Motorst\u00fctzensatz Volvo Penta D1-20, MD2030 M16"},"content":{"rendered":"<p>Durch die Konstruktion und das hohe D\u00e4mpfungsverm\u00f6gen ist dieser Motortyp besonders geeignet f\u00fcr beispielsweise 3-Zylinder-Dieselmotoren.<br \/>\nMotoren mit 3 Zylindern haben im Vergleich zu Motoren mit mehr Zylindern eine unregelm\u00e4\u00dfigere Vibrationsfrequenz. Dadurch sind die Vibrationen st\u00e4rker und haben mitunter gr\u00f6\u00dfere Ausschl\u00e4ge. Diese fortschrittlichen Lager wurden sorgf\u00e4ltig entwickelt, um Ihren Motor zu stabilisieren, Vibrationen zu minimieren, den Ger\u00e4uschpegel zu senken und eine ruhige Fahrt zu gew\u00e4hrleisten.<\/p>\n","protected":false},"excerpt":{"rendered":"<p>Motorlager-Set Volvo Penta D1-20, MD2030<\/p>\n<p>*Achtung: entspricht nicht der originalen Volvo Penta Lagergr\u00f6\u00dfe.<\/p>\n<p>Dieser Typ Motorlager-Set ist ein kompakter Schwingungsd\u00e4mpfer mit hoher D\u00e4mpfungsleistung bei gro\u00dfen Ausschl\u00e4gen und instabiler Amplitude. Dieses Motorlager bietet die optimale D\u00e4mpfung f\u00fcr kleine bis mittelgro\u00dfe station\u00e4re und mobile Motoren.<\/p>\n<p>Gummih\u00e4rte: 40 Shore<\/p>\n<p>Stellschraube: M16 (16,00 mm)<\/p>\n<p>A L\u00e4nge 120 mm<br \/>\nB H\u00f6he 34 mm<br \/>\nC Breite 64 mm<br \/>\nD Lochabstand 100 mm<\/p>\n<ul>\n<li>Motorlager (Sets) werden von uns auf Basis praktischer Erfahrung und umfangreicher Berechnungen empfohlen<\/li>\n<li>Materialarten, Einstellungen und externe Faktoren k\u00f6nnen die Funktion beeinflussen<\/li>\n<\/ul>\n<p>Einstellung der Schwingungsd\u00e4mpfer: <a href=\"https:\/\/ab-marineservice.com\/wp-content\/uploads\/2025\/12\/Korrekte-Einstellung-von-flexiblen-Schwingungsdampfern-fur-einen-Schiffsmotor.pdf\">Bedingungen f\u00fcr die korrekte Einstellung<\/a><\/p>\n","protected":false},"featured_media":140315,"comment_status":"open","ping_status":"closed","template":"","meta":[],"location":[15440],"product_brand":[],"product_cat":[1222,1431,4075],"product_tag":[],"class_list":{"0":"post-127098","1":"product","2":"type-product","3":"status-publish","4":"has-post-thumbnail","6":"location-vce","7":"product_cat-motorteile","8":"product_cat-motorstutzen","9":"product_cat-motorspezifisch","10":"product_shipping_class-paket-0-10-kg","12":"first","13":"onbackorder","14":"sale","15":"taxable","16":"shipping-taxable","17":"purchasable","18":"product-type-simple"},"group_of_quantity":0,"min_quantity":0,"max_quantity":"","exclude_order_quantity_value_rules":"no","exclude_category_quantity_rules":"no","combine_variations":"no","locations":[{"id":15440,"name":"VCE","slug":"vce","quantity":""}],"_links":{"self":[{"href":"https:\/\/ab-marineservice.com\/de\/wp-json\/wp\/v2\/product\/127098","targetHints":{"allow":["GET"]}}],"collection":[{"href":"https:\/\/ab-marineservice.com\/de\/wp-json\/wp\/v2\/product"}],"about":[{"href":"https:\/\/ab-marineservice.com\/de\/wp-json\/wp\/v2\/types\/product"}],"replies":[{"embeddable":true,"href":"https:\/\/ab-marineservice.com\/de\/wp-json\/wp\/v2\/comments?post=127098"}],"wp:featuredmedia":[{"embeddable":true,"href":"https:\/\/ab-marineservice.com\/de\/wp-json\/wp\/v2\/media\/140315"}],"wp:attachment":[{"href":"https:\/\/ab-marineservice.com\/de\/wp-json\/wp\/v2\/media?parent=127098"}],"wp:term":[{"taxonomy":"location","embeddable":true,"href":"https:\/\/ab-marineservice.com\/de\/wp-json\/wp\/v2\/location?post=127098"},{"taxonomy":"product_brand","embeddable":true,"href":"https:\/\/ab-marineservice.com\/de\/wp-json\/wp\/v2\/product_brand?post=127098"},{"taxonomy":"product_cat","embeddable":true,"href":"https:\/\/ab-marineservice.com\/de\/wp-json\/wp\/v2\/product_cat?post=127098"},{"taxonomy":"product_tag","embeddable":true,"href":"https:\/\/ab-marineservice.com\/de\/wp-json\/wp\/v2\/product_tag?post=127098"}],"curies":[{"name":"wp","href":"https:\/\/api.w.org\/{rel}","templated":true}]}}