{"id":12947,"date":"2017-10-25T09:49:25","date_gmt":"2017-10-25T07:49:25","guid":{"rendered":"https:\/\/ab-marineservice.com\/product\/geschlossenes-kuhlsystem-volvo-vp-2002\/"},"modified":"2025-05-21T12:28:53","modified_gmt":"2025-05-21T10:28:53","slug":"geschlossenes-kuhlsystem-volvo-vp-2002","status":"publish","type":"product","link":"https:\/\/ab-marineservice.com\/de\/produkt\/geschlossenes-kuhlsystem-volvo-vp-2002\/","title":{"rendered":"Martec geschlossenes K\u00fchlsystem Volvo VP 2002 Umbau W\u00e4rmetauschersatz"},"content":{"rendered":"","protected":false},"excerpt":{"rendered":"<p>Martec geschlossenes K\u00fchlsystem Volvo VP 2002 Umbau W\u00e4rmetauschersatz<\/p>\n<p>Zur Umr\u00fcstung von Motoren mit Direktk\u00fchlung auf Zweikreisk\u00fchlung.<br \/>\nDiese W\u00e4rmetauscher wurden als Satz f\u00fcr eine gro\u00dfe Anzahl von Motoren geliefert und direkt an den Motor angeschlossen. Einschlie\u00dflich alle Schlauch- und Rohrmaterialien.<br \/>\nDar\u00fcber hinaus werden Standard-Umbaus\u00e4tze f\u00fcr verschiedene Motorleistungen geliefert. Diese W\u00e4rmetauscher werden an einer Wand montiert.<br \/>\nAlle MARTEC K\u00fchlwassertauscher wird komplett mit Expansionstank, elektischer Johnson Umw\u00e4lzpumpe und Montagematerial geliefert.<\/p>\n<p>Achtung: jeder Satz enth\u00e4lt spezifische Teile.<br \/>\nWeitere Informationen und Lieferzeiten \u00fcber unser Kontaktformular.<\/p>\n<p><a href=\"https:\/\/shopcdn.textalk.se\/shop\/31500\/art86\/13621186-2ac3e6-2002.pdf\" target=\"_blank\" rel=\"noopener noreferrer\">Betriebsanleitung<\/a><\/p>\n","protected":false},"featured_media":17790,"comment_status":"open","ping_status":"closed","template":"","meta":[],"location":[15431],"product_brand":[],"product_cat":[1310,1363,3443],"product_tag":[],"class_list":{"0":"post-12947","1":"product","2":"type-product","3":"status-publish","4":"has-post-thumbnail","6":"location-martec","7":"product_cat-kuhlungsteile","8":"product_cat-warmetauscher","9":"product_cat-kuhlsystem-satze","10":"product_shipping_class-paket-0-10-kg","12":"first","13":"onbackorder","14":"sale","15":"taxable","16":"shipping-taxable","17":"purchasable","18":"product-type-simple"},"group_of_quantity":0,"min_quantity":0,"max_quantity":"","exclude_order_quantity_value_rules":"no","exclude_category_quantity_rules":"no","combine_variations":"no","locations":[{"id":15431,"name":"Martec","slug":"martec","quantity":""}],"_links":{"self":[{"href":"https:\/\/ab-marineservice.com\/de\/wp-json\/wp\/v2\/product\/12947","targetHints":{"allow":["GET"]}}],"collection":[{"href":"https:\/\/ab-marineservice.com\/de\/wp-json\/wp\/v2\/product"}],"about":[{"href":"https:\/\/ab-marineservice.com\/de\/wp-json\/wp\/v2\/types\/product"}],"replies":[{"embeddable":true,"href":"https:\/\/ab-marineservice.com\/de\/wp-json\/wp\/v2\/comments?post=12947"}],"wp:featuredmedia":[{"embeddable":true,"href":"https:\/\/ab-marineservice.com\/de\/wp-json\/wp\/v2\/media\/17790"}],"wp:attachment":[{"href":"https:\/\/ab-marineservice.com\/de\/wp-json\/wp\/v2\/media?parent=12947"}],"wp:term":[{"taxonomy":"location","embeddable":true,"href":"https:\/\/ab-marineservice.com\/de\/wp-json\/wp\/v2\/location?post=12947"},{"taxonomy":"product_brand","embeddable":true,"href":"https:\/\/ab-marineservice.com\/de\/wp-json\/wp\/v2\/product_brand?post=12947"},{"taxonomy":"product_cat","embeddable":true,"href":"https:\/\/ab-marineservice.com\/de\/wp-json\/wp\/v2\/product_cat?post=12947"},{"taxonomy":"product_tag","embeddable":true,"href":"https:\/\/ab-marineservice.com\/de\/wp-json\/wp\/v2\/product_tag?post=12947"}],"curies":[{"name":"wp","href":"https:\/\/api.w.org\/{rel}","templated":true}]}}