{"id":12961,"date":"2015-12-29T17:09:26","date_gmt":"2015-12-29T16:09:26","guid":{"rendered":"https:\/\/ab-marineservice.com\/product\/gluhspiral-12-v\/"},"modified":"2026-04-03T00:38:30","modified_gmt":"2026-04-02T22:38:30","slug":"gluhspiral-einlass-flammstart-12v-unf","status":"publish","type":"product","link":"https:\/\/ab-marineservice.com\/de\/produkt\/gluhspiral-einlass-flammstart-12v-unf\/","title":{"rendered":"Gl\u00fchspiral Einlass Flammstart 12V UNF"},"content":{"rendered":"","protected":false},"excerpt":{"rendered":"<p><strong>Details und Beschreibung<\/strong><\/p>\n<p>Flammstartanlage mit Treibstoffzuleitung, f\u00fcr Motoren, die bei niedrigen Temperaturen schlecht anspringen und keine Vorgl\u00fchm\u00f6glichkeit besitzen.<br \/>\nF\u00fcr die Montage im Einlasskanal. Erfordert eine kleine Dieselzufuhrleitung.<br \/>\n<strong><br \/>\nElektrische Spezifikationen<\/strong><br \/>\nVolt: 12<br \/>\nVolt\/Gl\u00fchkerze: 11.5<br \/>\nAmpere: 13<br \/>\n<strong>Physische Spezifikationen<\/strong><br \/>\nL\u00e4nge 1 mm: 62<br \/>\nL\u00e4nge 2 mm: 32<br \/>\nGl\u00fchzeit sek.: SHP<br \/>\nL\u00e4nge 3 mm: 24<br \/>\nWeitere Informationen<br \/>\nZeichnung: GLOW<\/p>\n<p>Gewinde Bolzen: UNF 7\/8-14 ( 22,18 x 1.814 mm)<\/p>\n<p>Gewinde Zufuhr UNF 3\/8&#8243; x 24 ( 9,497 x 1.058 mm) flache Dichtung Bahnkante<\/p>\n","protected":false},"featured_media":9149,"comment_status":"open","ping_status":"closed","template":"","meta":[],"location":[],"product_brand":[],"product_cat":[1222,1426,1427,1208],"product_tag":[6324,6323],"class_list":{"0":"post-12961","1":"product","2":"type-product","3":"status-publish","4":"has-post-thumbnail","6":"product_cat-motorteile","7":"product_cat-gluheinrichtung","8":"product_cat-gluhkerzen","9":"product_cat-elektrische-bauteile","10":"product_tag-gloeispiraal-de","11":"product_tag-gloeistift-de","12":"product_shipping_class-paket-0-10-kg","14":"first","15":"outofstock","16":"sale","17":"taxable","18":"shipping-taxable","19":"purchasable","20":"product-type-simple"},"group_of_quantity":0,"min_quantity":0,"max_quantity":"","exclude_order_quantity_value_rules":"no","exclude_category_quantity_rules":"no","combine_variations":"no","locations":[{"id":3905,"name":"AB Marine","slug":"ab-marine-service","quantity":""},{"id":15427,"name":"Histoparts","slug":"histoparts","quantity":""}],"_links":{"self":[{"href":"https:\/\/ab-marineservice.com\/de\/wp-json\/wp\/v2\/product\/12961","targetHints":{"allow":["GET"]}}],"collection":[{"href":"https:\/\/ab-marineservice.com\/de\/wp-json\/wp\/v2\/product"}],"about":[{"href":"https:\/\/ab-marineservice.com\/de\/wp-json\/wp\/v2\/types\/product"}],"replies":[{"embeddable":true,"href":"https:\/\/ab-marineservice.com\/de\/wp-json\/wp\/v2\/comments?post=12961"}],"wp:featuredmedia":[{"embeddable":true,"href":"https:\/\/ab-marineservice.com\/de\/wp-json\/wp\/v2\/media\/9149"}],"wp:attachment":[{"href":"https:\/\/ab-marineservice.com\/de\/wp-json\/wp\/v2\/media?parent=12961"}],"wp:term":[{"taxonomy":"location","embeddable":true,"href":"https:\/\/ab-marineservice.com\/de\/wp-json\/wp\/v2\/location?post=12961"},{"taxonomy":"product_brand","embeddable":true,"href":"https:\/\/ab-marineservice.com\/de\/wp-json\/wp\/v2\/product_brand?post=12961"},{"taxonomy":"product_cat","embeddable":true,"href":"https:\/\/ab-marineservice.com\/de\/wp-json\/wp\/v2\/product_cat?post=12961"},{"taxonomy":"product_tag","embeddable":true,"href":"https:\/\/ab-marineservice.com\/de\/wp-json\/wp\/v2\/product_tag?post=12961"}],"curies":[{"name":"wp","href":"https:\/\/api.w.org\/{rel}","templated":true}]}}