{"id":12964,"date":"2015-12-29T17:15:29","date_gmt":"2015-12-29T16:15:29","guid":{"rendered":"https:\/\/ab-marineservice.com\/product\/gluhkerze-12-v\/"},"modified":"2026-05-01T19:37:23","modified_gmt":"2026-05-01T17:37:23","slug":"sabb-gluhstift-12v-gluhkerzenersatz-3-4-unc-elektrisch","status":"publish","type":"product","link":"https:\/\/ab-marineservice.com\/de\/produkt\/sabb-gluhstift-12v-gluhkerzenersatz-3-4-unc-elektrisch\/","title":{"rendered":"SABB Gl\u00fchstift 12v Gl\u00fchkerzenersatz 3\/4-UNC elektrisch"},"content":{"rendered":"","protected":false},"excerpt":{"rendered":"<p><strong>Elektrische Spezifikationen (Gl\u00fchkerzen)<\/strong><\/p>\n<p>Ersetzen Sie das alte System durch elektrische Schnellgl\u00fchkerzen.<br \/>\nMa\u00dfgeschneiderte Gl\u00fchkerzenhalter zur Ersetzung des Gl\u00fchstifts in den SABB 2G, 2GZ, 2GY, 2GYG, 2GG, 2GRG Motoren.<br \/>\nWir empfehlen, immer das 3\/4UNC-Gewinde zu \u00fcberpr\u00fcfen.<\/p>\n<p>Englisch: Sabb Electric glow plug<\/p>\n<p>Elektrische Informationen<br \/>\nVolt 12<br \/>\nStromst\u00e4rke: 10<br \/>\nGl\u00fchzeit Sek. 8<\/p>\n<p>A Anschlussdraht roter Schiebestecker (AMP)<\/p>\n<p>Gl\u00fchkerzengewinde 3\/4 UNC<br \/>\nGewindel\u00e4nge 18.00 mm<br \/>\nGesamtl\u00e4nge 90 mm<\/p>\n<p>Der Au\u00dfendurchmesser (Au\u00dfendurchmesser) eines 3\/4&#8243; UNC-Gewindes betr\u00e4gt: \u00b1 19,05 mm (genau 3\/4 Zoll)<\/p>\n<p>Zus\u00e4tzliche Spezifikationen:<br \/>\nGewindeart: UNC (Unified National Coarse)<br \/>\nSteigung (TPI): 10 G\u00e4nge pro Zoll<br \/>\nSteigung in mm: \u00b1 2,54 mm pro Gang<br \/>\nWichtig: Die 19,05 mm ist der nominelle Au\u00dfendurchmesser der Schraube.<\/p>\n","protected":false},"featured_media":338355,"comment_status":"open","ping_status":"closed","template":"","meta":[],"location":[],"product_brand":[],"product_cat":[1222,1426,1427,1208],"product_tag":[6323],"class_list":{"0":"post-12964","1":"product","2":"type-product","3":"status-publish","4":"has-post-thumbnail","6":"product_cat-motorteile","7":"product_cat-gluheinrichtung","8":"product_cat-gluhkerzen","9":"product_cat-elektrische-bauteile","10":"product_tag-gloeistift-de","11":"product_shipping_class-paket-0-10-kg","13":"first","14":"instock","15":"taxable","16":"shipping-taxable","17":"purchasable","18":"product-type-simple"},"group_of_quantity":0,"min_quantity":0,"max_quantity":"","exclude_order_quantity_value_rules":"no","exclude_category_quantity_rules":"no","combine_variations":"no","locations":[{"id":3905,"name":"AB Marine","slug":"ab-marine-service","quantity":""},{"id":15433,"name":"NAV International","slug":"nav-international","quantity":""}],"_links":{"self":[{"href":"https:\/\/ab-marineservice.com\/de\/wp-json\/wp\/v2\/product\/12964","targetHints":{"allow":["GET"]}}],"collection":[{"href":"https:\/\/ab-marineservice.com\/de\/wp-json\/wp\/v2\/product"}],"about":[{"href":"https:\/\/ab-marineservice.com\/de\/wp-json\/wp\/v2\/types\/product"}],"replies":[{"embeddable":true,"href":"https:\/\/ab-marineservice.com\/de\/wp-json\/wp\/v2\/comments?post=12964"}],"wp:featuredmedia":[{"embeddable":true,"href":"https:\/\/ab-marineservice.com\/de\/wp-json\/wp\/v2\/media\/338355"}],"wp:attachment":[{"href":"https:\/\/ab-marineservice.com\/de\/wp-json\/wp\/v2\/media?parent=12964"}],"wp:term":[{"taxonomy":"location","embeddable":true,"href":"https:\/\/ab-marineservice.com\/de\/wp-json\/wp\/v2\/location?post=12964"},{"taxonomy":"product_brand","embeddable":true,"href":"https:\/\/ab-marineservice.com\/de\/wp-json\/wp\/v2\/product_brand?post=12964"},{"taxonomy":"product_cat","embeddable":true,"href":"https:\/\/ab-marineservice.com\/de\/wp-json\/wp\/v2\/product_cat?post=12964"},{"taxonomy":"product_tag","embeddable":true,"href":"https:\/\/ab-marineservice.com\/de\/wp-json\/wp\/v2\/product_tag?post=12964"}],"curies":[{"name":"wp","href":"https:\/\/api.w.org\/{rel}","templated":true}]}}