{"id":13052,"date":"2017-03-02T10:11:25","date_gmt":"2017-03-02T09:11:25","guid":{"rendered":"https:\/\/ab-marineservice.com\/product\/impellerpumpe-volvo-penta-3886848\/"},"modified":"2026-05-12T18:56:51","modified_gmt":"2026-05-12T16:56:51","slug":"impellerpumpe-volvo-penta-d13-3886848-kuhlwasserpumpe","status":"publish","type":"product","link":"https:\/\/ab-marineservice.com\/de\/produkt\/impellerpumpe-volvo-penta-d13-3886848-kuhlwasserpumpe\/","title":{"rendered":"Impellerpumpe Volvo Penta D13 3886848 K\u00fchlwasserpumpe"},"content":{"rendered":"<p>Volvo Penta D13 3886848 Impellerpumpe K\u00fchlwasserpumpe. Eine zuverl\u00e4ssige L\u00f6sung zum Austausch Ihrer Volvo Penta Bootspumpe.<br \/>\nDie hochwertige Qualit\u00e4t und oft verbesserte Versionen des Originals bieten eine verl\u00e4ssliche L\u00f6sung f\u00fcr den Austausch Ihrer Bootspumpe.<br \/>\nAlle Teile, wie der Impeller und interne Verschlei\u00dfteile, sind identisch zur Originalversion, sodass Wartung oder \u00dcberholung weiterhin \u00fcberall durchgef\u00fchrt werden kann.<\/p>\n<p>Verwendet JMP Impeller p\/n: <a href=\"https:\/\/ab-marineservice.com\/de\/produkt\/impeller-volvo-3830459\/\"><strong>8326-01K<\/strong><\/a><br \/>\nPumpengewicht (ca.): <strong>33,50 LBS (15,23 KG)<\/strong><\/p>\n","protected":false},"excerpt":{"rendered":"<p><strong>Pumpe wird inklusive Impeller geliefert.<\/strong><\/p>\n<p>Diese K\u00fchlwasserpumpe f\u00fcr Volvo Penta Marine-Motoren ist ideal zum Austausch der originalen Johnson-, Jabsco-, Ancor- oder Sherwood-Impellerpumpe. Die hochwertige Qualit\u00e4t und oft verbesserte Versionen des Originals bieten eine zuverl\u00e4ssige L\u00f6sung f\u00fcr den Austausch Ihrer Bootspumpe. Alle Teile, wie Impeller und interne Verschlei\u00dfteile, sind identisch zur Originalversion, sodass Wartung oder \u00dcberholung weiterhin problemlos durchgef\u00fchrt werden k\u00f6nnen.<\/p>\n<p>Diese K\u00fchlwasserpumpe passt unter anderem auf folgende Volvo Penta Marine-Motoren: <strong>D13B-E\/N MH, D13C1\/2\/3\/4-A MP, D13B-A\/B\/C\/D\/G\/H\/J\/K\/L\/M MP<\/strong><\/p>\n<p>Ersetzt <strong>:<\/strong> Volvo Penta Teil <strong>3886848<\/strong><\/p>\n<p>JMP Marine Volvo Penta Ersatz-Motor-K\u00fchlwasserpumpe<br \/>\nHinweis: Pumpe mit Getriebe<\/p>\n<p>Produktinformationen und Spezifikationen:<br \/>\nVerwendet JMP Impeller p\/n: <a href=\"https:\/\/ab-marineservice.com\/de\/produkt\/impeller-volvo-3830459\/\"><strong>8326-01K<\/strong><\/a><br \/>\nPumpengewicht (ca.): <strong>33,50 LBS (15,23 KG)<\/strong><br \/>\nErsetzt originale Volvo Penta Pumpe p\/n(s): <strong>22905150, 3886848<\/strong><br \/>\nMotormodell(e): <strong>D13 SERIE<\/strong><\/p>\n<p><strong>D13B\/C, D13C1-A MP, D13C2-A MP, D13C3-A MP, D13C4-A MP<\/strong><br \/>\nTeile intern kompatibel und austauschbar mit der Originalpumpe<\/p>\n<p>Produkteigenschaften:<\/p>\n<p>Plug &amp; Play Ersatz<br \/>\nSchweres Gussgeh\u00e4use, seewasserbest\u00e4ndig<br \/>\nWelle in Marinequalit\u00e4t (3X-Serie nicht-magnetisch)<br \/>\nMechanische Dichtung<br \/>\nLeistungsstarker flexibler Impeller<\/p>\n<p>F\u00fcr Fragen zu diesem Produkt, Ersatzteilen oder dessen Typ oder Anwendung stehen wir Ihnen gerne zur Verf\u00fcgung.<br \/>\nEs k\u00f6nnen verschiedene Typen oder Nummern vorhanden sein, die ebenfalls mit diesem K\u00fchlpumpentyp vergleichbar sind.<\/p>\n","protected":false},"featured_media":11676,"comment_status":"open","ping_status":"closed","template":"","meta":[],"location":[],"product_brand":[28201],"product_cat":[1316,1320,1343],"product_tag":[],"class_list":{"0":"post-13052","1":"product","2":"type-product","3":"status-publish","4":"has-post-thumbnail","6":"product_brand-jmp-u-s-a-marine","7":"product_cat-impellerpumpen","8":"product_cat-impellerpumpen-motorspezifisch","9":"product_cat-volvo-penta-de-2","10":"product_shipping_class-paket-0-10-kg","12":"first","13":"instock","14":"taxable","15":"shipping-taxable","16":"purchasable","17":"product-type-simple"},"group_of_quantity":0,"min_quantity":0,"max_quantity":"","exclude_order_quantity_value_rules":"no","exclude_category_quantity_rules":"no","combine_variations":"no","locations":[{"id":3906,"name":"Dintra","slug":"dintra","quantity":""}],"_links":{"self":[{"href":"https:\/\/ab-marineservice.com\/de\/wp-json\/wp\/v2\/product\/13052","targetHints":{"allow":["GET"]}}],"collection":[{"href":"https:\/\/ab-marineservice.com\/de\/wp-json\/wp\/v2\/product"}],"about":[{"href":"https:\/\/ab-marineservice.com\/de\/wp-json\/wp\/v2\/types\/product"}],"replies":[{"embeddable":true,"href":"https:\/\/ab-marineservice.com\/de\/wp-json\/wp\/v2\/comments?post=13052"}],"wp:featuredmedia":[{"embeddable":true,"href":"https:\/\/ab-marineservice.com\/de\/wp-json\/wp\/v2\/media\/11676"}],"wp:attachment":[{"href":"https:\/\/ab-marineservice.com\/de\/wp-json\/wp\/v2\/media?parent=13052"}],"wp:term":[{"taxonomy":"location","embeddable":true,"href":"https:\/\/ab-marineservice.com\/de\/wp-json\/wp\/v2\/location?post=13052"},{"taxonomy":"product_brand","embeddable":true,"href":"https:\/\/ab-marineservice.com\/de\/wp-json\/wp\/v2\/product_brand?post=13052"},{"taxonomy":"product_cat","embeddable":true,"href":"https:\/\/ab-marineservice.com\/de\/wp-json\/wp\/v2\/product_cat?post=13052"},{"taxonomy":"product_tag","embeddable":true,"href":"https:\/\/ab-marineservice.com\/de\/wp-json\/wp\/v2\/product_tag?post=13052"}],"curies":[{"name":"wp","href":"https:\/\/api.w.org\/{rel}","templated":true}]}}