{"id":13067,"date":"2017-03-02T10:09:38","date_gmt":"2017-03-02T09:09:38","guid":{"rendered":"https:\/\/ab-marineservice.com\/product\/impellerpumpe-volvo-penta-3838207-865295\/"},"modified":"2025-09-10T14:14:26","modified_gmt":"2025-09-10T12:14:26","slug":"impellerpumpe-volvo-penta-d12-d12c-d12d-kuhlwasserpumpe","status":"publish","type":"product","link":"https:\/\/ab-marineservice.com\/de\/produkt\/impellerpumpe-volvo-penta-d12-d12c-d12d-kuhlwasserpumpe\/","title":{"rendered":"Impellerpumpe Volvo Penta  D12, D12C, D12D K\u00fchlwasserpumpe"},"content":{"rendered":"<p>Impellerpumpe Volvo Penta, D12, D12C, D12D K\u00fchlwasserpumpe<\/p>\n<p>Produktinformationen und Spezifikationen:<br \/>\nGebrauchtes JMP-Laufrad, Teilenummer: 8326-01K<br \/>\nPumpengewicht (ca.): 12,73 KG<br \/>\nErsetzt die Original-Teilenummer(n) der Volvo Penta-Pumpe: 3838207, 865295<br \/>\nErsetzt Jabsco-Pumpe, Teilenummer: 29830-0001<br \/>\nMotormodell(e): D12-Serie<br \/>\nD12C\/D, D12D-A MH, D12D-B MH, D12D-C MH, D12C-A MP, D12D-A MP, D12D-B MP, D12D-C MP, D12D-D MP, D12D-E MP, D12D-F MP, D12D-G MP, D12D-H MP<br \/>\nTeile intern kompatibel und austauschbar mit dem Original<br \/>\nKleines Wartungskit: JSM0076 (*separat erh\u00e4ltlich)<\/p>\n","protected":false},"excerpt":{"rendered":"<p><strong>Die Pumpe wird inklusive Laufrad geliefert.<\/strong><\/p>\n<p>Diese K\u00fchlwasserpumpe f\u00fcr die Volvo Penta-Schiffsmotoren ist ideal f\u00fcr den Ersatz der originalen Johnson-, Jabsco-, Ancor- oder Sherwood-Impellerpumpe. Die hochwertige und h\u00e4ufig verbesserte Version des Originals bietet eine zuverl\u00e4ssige L\u00f6sung f\u00fcr den Austausch Ihrer Bootspumpe. Alle Teile wie der Impeller und die innere Verschlei\u00dfteile sind die gleichen wie die Originalversion f\u00fcr Wartung oder \u00dcberholung, sodass Sie immer noch \u00fcberall hingehen k\u00f6nnen.<\/p>\n<p>Diese K\u00fchlwasserpumpe passt u.a. auf die folgenden Volvo Penta-Schiffsmotoren:<br \/>\n<strong> D12C D12D<\/strong>,<\/p>\n<p>Ersetzt: Volvo Penta <strong> 3838207 <\/strong>, alte Nr. <strong> 865295&lt;\/strong &gt;,<\/strong><\/p>\n<p>Produktinformation und Spezifikationen:<br \/>\nGebraucht JMP Impeller p\/n: <strong>8326-01K<\/strong><br \/>\nGewicht der Pumpe (ca.): 28,00 lbs (12,73 kg)<br \/>\nErsetzt originale Volvo Penta-Pumpe p\/n(s): <strong>3838207, 865295<\/strong><br \/>\nErsetzt Jabsco Pumpe p\/n: <strong>29830-0001<\/strong><br \/>\nMotormodell(e): <strong>D12-SERIE<\/strong><br \/>\n<strong>D12C\/D, D12D-A MH, D12D-B MH, D12D-C MH, D12C-A MP, D12D-A MP, D12D-B MP, D12D-C MP, D12D-D MP, D12D-E MP, D12D -F MP, D12D-G MP, D12D-H MP<\/strong><\/p>\n<p>Teile sind intern kompatibel und austauschbar mit dem Original<\/p>\n<p>Produkteigenschaften:<\/p>\n<p>Plug &amp; Play-Ersatz<br \/>\nSeewasserbest\u00e4ndiger Guss, Marinequalit\u00e4t<br \/>\nWelle in Marinequalit\u00e4t (Serie 3X nicht magnetisch)<br \/>\nMechanische Plombe<br \/>\nLeistungsstarke flexible Impeller<\/p>\n<p>Bei Fragen zu diesem Produkt, dieser Teile oder dem Typ oder der Anwendung wenden Sie sich bitte an uns.<br \/>\nEs kann verschiedene Typen oder Nummern geben, die auch zu diesem K\u00fchlpumpentyp passen.<\/p>\n","protected":false},"featured_media":375380,"comment_status":"open","ping_status":"closed","template":"","meta":[],"location":[3906],"product_brand":[],"product_cat":[1316,1320,1343],"product_tag":[],"class_list":{"0":"post-13067","1":"product","2":"type-product","3":"status-publish","4":"has-post-thumbnail","6":"location-dintra","7":"product_cat-impellerpumpen","8":"product_cat-impellerpumpen-motorspezifisch","9":"product_cat-volvo-penta-de-2","10":"product_shipping_class-paket-0-10-kg","12":"first","13":"instock","14":"taxable","15":"shipping-taxable","16":"purchasable","17":"product-type-simple"},"group_of_quantity":0,"min_quantity":0,"max_quantity":"","exclude_order_quantity_value_rules":"no","exclude_category_quantity_rules":"no","combine_variations":"no","locations":[{"id":3906,"name":"Dintra","slug":"dintra","quantity":""}],"_links":{"self":[{"href":"https:\/\/ab-marineservice.com\/de\/wp-json\/wp\/v2\/product\/13067","targetHints":{"allow":["GET"]}}],"collection":[{"href":"https:\/\/ab-marineservice.com\/de\/wp-json\/wp\/v2\/product"}],"about":[{"href":"https:\/\/ab-marineservice.com\/de\/wp-json\/wp\/v2\/types\/product"}],"replies":[{"embeddable":true,"href":"https:\/\/ab-marineservice.com\/de\/wp-json\/wp\/v2\/comments?post=13067"}],"wp:featuredmedia":[{"embeddable":true,"href":"https:\/\/ab-marineservice.com\/de\/wp-json\/wp\/v2\/media\/375380"}],"wp:attachment":[{"href":"https:\/\/ab-marineservice.com\/de\/wp-json\/wp\/v2\/media?parent=13067"}],"wp:term":[{"taxonomy":"location","embeddable":true,"href":"https:\/\/ab-marineservice.com\/de\/wp-json\/wp\/v2\/location?post=13067"},{"taxonomy":"product_brand","embeddable":true,"href":"https:\/\/ab-marineservice.com\/de\/wp-json\/wp\/v2\/product_brand?post=13067"},{"taxonomy":"product_cat","embeddable":true,"href":"https:\/\/ab-marineservice.com\/de\/wp-json\/wp\/v2\/product_cat?post=13067"},{"taxonomy":"product_tag","embeddable":true,"href":"https:\/\/ab-marineservice.com\/de\/wp-json\/wp\/v2\/product_tag?post=13067"}],"curies":[{"name":"wp","href":"https:\/\/api.w.org\/{rel}","templated":true}]}}