{"id":13134,"date":"2016-11-30T10:57:05","date_gmt":"2016-11-30T09:57:05","guid":{"rendered":"https:\/\/ab-marineservice.com\/product\/kunststoff-schalldampfer-o50\/"},"modified":"2026-02-24T14:19:55","modified_gmt":"2026-02-24T13:19:55","slug":"kunststoff-schalldampfer-o50","status":"publish","type":"product","link":"https:\/\/ab-marineservice.com\/de\/produkt\/kunststoff-schalldampfer-o50\/","title":{"rendered":"Kunststoff Schalld\u00e4mpfer \u00d8 50mm"},"content":{"rendered":"","protected":false},"excerpt":{"rendered":"<p>Dank des Design dieses Schalld\u00e4mpfers, wird das Rauschen erheblich reduziert. Der D\u00e4mpfer sollte horizontal zum Schlauch ausgerichtet sein.<\/p>\n<p>A 150 mm<br \/>\nB 105 mm<br \/>\nC 375 mm<br \/>\nD 50 mm<\/p>\n","protected":false},"featured_media":30791,"comment_status":"open","ping_status":"closed","template":"","meta":[],"location":[3905],"product_brand":[27541],"product_cat":[1310,1358,1362,1624],"product_tag":[],"class_list":{"0":"post-13134","1":"product","2":"type-product","3":"status-publish","4":"has-post-thumbnail","6":"location-ab-marine-service","7":"product_brand-can-sb-marine-plastics","8":"product_cat-kuhlungsteile","9":"product_cat-zubehor-auspuff","10":"product_cat-auspuffdampfer","11":"product_cat-auspuffschalldampfer","12":"product_shipping_class-paket-0-10-kg","14":"first","15":"instock","16":"sale","17":"taxable","18":"shipping-taxable","19":"purchasable","20":"product-type-simple"},"group_of_quantity":0,"min_quantity":0,"max_quantity":"","exclude_order_quantity_value_rules":"no","exclude_category_quantity_rules":"no","combine_variations":"no","locations":[{"id":3905,"name":"AB Marine","slug":"ab-marine-service","quantity":""}],"_links":{"self":[{"href":"https:\/\/ab-marineservice.com\/de\/wp-json\/wp\/v2\/product\/13134","targetHints":{"allow":["GET"]}}],"collection":[{"href":"https:\/\/ab-marineservice.com\/de\/wp-json\/wp\/v2\/product"}],"about":[{"href":"https:\/\/ab-marineservice.com\/de\/wp-json\/wp\/v2\/types\/product"}],"replies":[{"embeddable":true,"href":"https:\/\/ab-marineservice.com\/de\/wp-json\/wp\/v2\/comments?post=13134"}],"wp:featuredmedia":[{"embeddable":true,"href":"https:\/\/ab-marineservice.com\/de\/wp-json\/wp\/v2\/media\/30791"}],"wp:attachment":[{"href":"https:\/\/ab-marineservice.com\/de\/wp-json\/wp\/v2\/media?parent=13134"}],"wp:term":[{"taxonomy":"location","embeddable":true,"href":"https:\/\/ab-marineservice.com\/de\/wp-json\/wp\/v2\/location?post=13134"},{"taxonomy":"product_brand","embeddable":true,"href":"https:\/\/ab-marineservice.com\/de\/wp-json\/wp\/v2\/product_brand?post=13134"},{"taxonomy":"product_cat","embeddable":true,"href":"https:\/\/ab-marineservice.com\/de\/wp-json\/wp\/v2\/product_cat?post=13134"},{"taxonomy":"product_tag","embeddable":true,"href":"https:\/\/ab-marineservice.com\/de\/wp-json\/wp\/v2\/product_tag?post=13134"}],"curies":[{"name":"wp","href":"https:\/\/api.w.org\/{rel}","templated":true}]}}