{"id":13138,"date":"2016-11-30T12:32:10","date_gmt":"2016-11-30T11:32:10","guid":{"rendered":"https:\/\/ab-marineservice.com\/product\/kunststoff-schwanenhalse-150o\/"},"modified":"2024-06-03T16:49:25","modified_gmt":"2024-06-03T14:49:25","slug":"kunststoff-schwanenhalse-150o","status":"publish","type":"product","link":"https:\/\/ab-marineservice.com\/de\/produkt\/kunststoff-schwanenhalse-150o\/","title":{"rendered":"Kunststoff Schwanenh\u00e4lse Auspuffanlage  40 \/ 45 \/ 50 mm"},"content":{"rendered":"","protected":false},"excerpt":{"rendered":"<p>Sichern Sie die Abgasanlage Ihres (Segel-)Bootes, wenn sich die Motorabgase unterhalb oder in der N\u00e4he der Wasserlinie befinden.<br \/>\nDer Schwanenhals bietet zus\u00e4tzlichen Schutz gegen das Eindringen von Wasser von au\u00dfen und verhindert Wasserschl\u00e4ge<\/p>\n<p>Spiegelseite Ausgang =  \u230050 mm.<\/p>\n<p>Der Winkel des anzuschlie\u00dfenden Auspuffschlauchs betr\u00e4gt 150 Grad, nach unten abgewinkelt.<br \/>\nDer austretende Auspuffkr\u00fcmmer gegen und durch den Spiegel verl\u00e4uft senkrecht.<br \/>\nH\u00f6he und Breite des gesamten vom Schwanenhals einzunehmenden Raumes betragen 480 mm x 110 mm<\/p>\n<p>In Kombination mit einem Anti-Heber-Ventil und einem Wassersammler sch\u00fctzen Sie den Motor vollst\u00e4ndig und reduzieren zudem viel L\u00e4rm.<\/p>\n<p>In Komb. mit:<\/p>\n<p>Auspuffschlauch <a href=\"https:\/\/ab-marineservice.com\/de\/produkt\/auspuffschlauch-40-mm-inspektion-r-i-na-und-lloyd-s-wassergekuhlte-auspuffanlage\/\">\u230040<\/a>, <a href=\"https:\/\/ab-marineservice.com\/de\/produkt\/auspuffschlauch-45-mm-inspektion-r-i-na-und-lloyd-s-wassergekuhlte-auspuffanlage\/\">\u230045<\/a> und <a href=\"https:\/\/ab-marineservice.com\/de\/produkt\/auspuffschlauch-51-mm-inspektion-r-i-na-und-lloyd-s-wassergekuhlte-auspuffanlage\/\">\u230050<\/a> mm<br \/>\nAuslass <a href=\"https:\/\/ab-marineservice.com\/de\/produkt-kategorie\/kuhlungsteile\/zubehor-auspuff\/\">Haut-Durchf\u00fchrung<\/a> f\u00fcr Spiegel, einfache Montage 40, 45 &#8211; 50 mm<br \/>\n<a href=\"https:\/\/ab-marineservice.com\/de\/produkt\/kunststoff-wassersammler-kombiniert-mit-schalldampfer-o40-45-50mm\/\">Wassersammler<\/a> mit Auspuffschalld\u00e4mpfer bis 50PS Kunststoff \u00d8 45\/50\/55 mm<br \/>\n<a href=\"https:\/\/ab-marineservice.com\/de\/produkt\/kunststoff-schwanenhalse-150o\/\">Schwanenhals<\/a> Auspuffsystem 40 \/ 45 \/ 50 mm<\/p>\n<p>Abmessungen A=40-45-50mm , B=480mm, C=110 mm<br \/>\nDie Buchstaben der Abmessungen finden Sie im Bild<br \/>\nHochwertiger Kunststoff und hitzebest\u00e4ndiges Material<br \/>\nGewicht: 0,7 Kg<\/p>\n","protected":false},"featured_media":338385,"comment_status":"open","ping_status":"closed","template":"","meta":[],"location":[3905],"product_brand":[],"product_cat":[1310],"product_tag":[],"class_list":{"0":"post-13138","1":"product","2":"type-product","3":"status-publish","4":"has-post-thumbnail","6":"location-ab-marine-service","7":"product_cat-kuhlungsteile","8":"product_shipping_class-paket-0-10-kg","10":"first","11":"instock","12":"sale","13":"taxable","14":"shipping-taxable","15":"purchasable","16":"product-type-simple"},"group_of_quantity":0,"min_quantity":0,"max_quantity":"","exclude_order_quantity_value_rules":"no","exclude_category_quantity_rules":"no","combine_variations":"no","locations":[{"id":3905,"name":"AB Marine","slug":"ab-marine-service","quantity":""}],"_links":{"self":[{"href":"https:\/\/ab-marineservice.com\/de\/wp-json\/wp\/v2\/product\/13138","targetHints":{"allow":["GET"]}}],"collection":[{"href":"https:\/\/ab-marineservice.com\/de\/wp-json\/wp\/v2\/product"}],"about":[{"href":"https:\/\/ab-marineservice.com\/de\/wp-json\/wp\/v2\/types\/product"}],"replies":[{"embeddable":true,"href":"https:\/\/ab-marineservice.com\/de\/wp-json\/wp\/v2\/comments?post=13138"}],"wp:featuredmedia":[{"embeddable":true,"href":"https:\/\/ab-marineservice.com\/de\/wp-json\/wp\/v2\/media\/338385"}],"wp:attachment":[{"href":"https:\/\/ab-marineservice.com\/de\/wp-json\/wp\/v2\/media?parent=13138"}],"wp:term":[{"taxonomy":"location","embeddable":true,"href":"https:\/\/ab-marineservice.com\/de\/wp-json\/wp\/v2\/location?post=13138"},{"taxonomy":"product_brand","embeddable":true,"href":"https:\/\/ab-marineservice.com\/de\/wp-json\/wp\/v2\/product_brand?post=13138"},{"taxonomy":"product_cat","embeddable":true,"href":"https:\/\/ab-marineservice.com\/de\/wp-json\/wp\/v2\/product_cat?post=13138"},{"taxonomy":"product_tag","embeddable":true,"href":"https:\/\/ab-marineservice.com\/de\/wp-json\/wp\/v2\/product_tag?post=13138"}],"curies":[{"name":"wp","href":"https:\/\/api.w.org\/{rel}","templated":true}]}}