{"id":13159,"date":"2016-02-25T16:24:52","date_gmt":"2016-02-25T15:24:52","guid":{"rendered":"https:\/\/ab-marineservice.com\/product\/led-innenraumleuchte-volt1224-5-2\/"},"modified":"2025-04-10T03:38:27","modified_gmt":"2025-04-10T01:38:27","slug":"led-innenraumleuchte-volt1224-5-2","status":"publish","type":"product","link":"https:\/\/ab-marineservice.com\/de\/produkt\/led-innenraumleuchte-volt1224-5-2\/","title":{"rendered":"LED Innenraumleuchte 17cm 12V \/ 24V Beleuchtung Motorraum"},"content":{"rendered":"","protected":false},"excerpt":{"rendered":"<p>Diese 170-mm-LED-Beleuchtungslampe bietet einen starken und breiten Lichtstrahl.<br \/>\nF\u00fcr die Beleuchtung von Fluren, Maschinenr\u00e4umen oder Innenr\u00e4umen. Spritzwasserdicht.<br \/>\nMit Chromrahmen.<\/p>\n<p><strong>Elektrische Spezifikationen<\/strong><br \/>\nVolt: 12\/24<br \/>\n<strong>Physische Spezifikationen<\/strong><br \/>\nGr\u00f6\u00dfe mm: 177&#215;15.7<br \/>\nForm: Rund<br \/>\nAbstand L\u00f6cher mm: 140<br \/>\nSchutzklasse: IP56<\/p>\n<p>Kabell\u00e4nge mm: 500<br \/>\n<strong>Weitere Informationen<\/strong><br \/>\nZeichnung 171750t<\/p>\n","protected":false},"featured_media":10072,"comment_status":"open","ping_status":"closed","template":"","meta":[],"location":[],"product_brand":[25927],"product_cat":[10725],"product_tag":[],"class_list":{"0":"post-13159","1":"product","2":"type-product","3":"status-publish","4":"has-post-thumbnail","6":"product_brand-hella-marine","7":"product_cat-hella-marine-de","8":"product_shipping_class-paket-0-10-kg","10":"first","11":"outofstock","12":"taxable","13":"shipping-taxable","14":"purchasable","15":"product-type-simple"},"group_of_quantity":0,"min_quantity":0,"max_quantity":"","exclude_order_quantity_value_rules":"no","exclude_category_quantity_rules":"no","combine_variations":"no","locations":[],"_links":{"self":[{"href":"https:\/\/ab-marineservice.com\/de\/wp-json\/wp\/v2\/product\/13159","targetHints":{"allow":["GET"]}}],"collection":[{"href":"https:\/\/ab-marineservice.com\/de\/wp-json\/wp\/v2\/product"}],"about":[{"href":"https:\/\/ab-marineservice.com\/de\/wp-json\/wp\/v2\/types\/product"}],"replies":[{"embeddable":true,"href":"https:\/\/ab-marineservice.com\/de\/wp-json\/wp\/v2\/comments?post=13159"}],"wp:featuredmedia":[{"embeddable":true,"href":"https:\/\/ab-marineservice.com\/de\/wp-json\/wp\/v2\/media\/10072"}],"wp:attachment":[{"href":"https:\/\/ab-marineservice.com\/de\/wp-json\/wp\/v2\/media?parent=13159"}],"wp:term":[{"taxonomy":"location","embeddable":true,"href":"https:\/\/ab-marineservice.com\/de\/wp-json\/wp\/v2\/location?post=13159"},{"taxonomy":"product_brand","embeddable":true,"href":"https:\/\/ab-marineservice.com\/de\/wp-json\/wp\/v2\/product_brand?post=13159"},{"taxonomy":"product_cat","embeddable":true,"href":"https:\/\/ab-marineservice.com\/de\/wp-json\/wp\/v2\/product_cat?post=13159"},{"taxonomy":"product_tag","embeddable":true,"href":"https:\/\/ab-marineservice.com\/de\/wp-json\/wp\/v2\/product_tag?post=13159"}],"curies":[{"name":"wp","href":"https:\/\/api.w.org\/{rel}","templated":true}]}}