{"id":132184,"date":"2023-02-20T18:24:01","date_gmt":"2023-02-20T18:08:41","guid":{"rendered":"https:\/\/ab-marineservice.com\/product\/silbergrundierung-silber-gebadeter-ring-und-buersten-o-130\/"},"modified":"2024-06-04T18:43:53","modified_gmt":"2024-06-04T16:43:53","slug":"silbergrundierung-silber-gebadeter-ring-und-buersten-o-130","status":"publish","type":"product","link":"https:\/\/ab-marineservice.com\/de\/produkt\/silbergrundierung-silber-gebadeter-ring-und-buersten-o-130\/","title":{"rendered":"Erdungssystem f\u00fcr Propellerwellen &#8211; Silber Ring und B\u00fcrsten  \u00d8 130"},"content":{"rendered":"","protected":false},"excerpt":{"rendered":"<p>07130<\/p>\n<p>a 4.00<br \/>\nh 40.00<br \/>\n\u00d8 130.00<\/p>\n","protected":false},"featured_media":283611,"comment_status":"open","ping_status":"closed","template":"","meta":[],"location":[4152],"product_brand":[],"product_cat":[1310,3222,6137,6065,6063],"product_tag":[],"class_list":{"0":"post-132184","1":"product","2":"type-product","3":"status-publish","4":"has-post-thumbnail","6":"location-tecnoseal","7":"product_cat-kuhlungsteile","8":"product_cat-anoden","9":"product_cat-wellen-und-propelleranoden","10":"product_cat-propellerwelle-erdungssystem","11":"product_cat-propellerwellen-anoden","12":"product_shipping_class-paket-0-10-kg","14":"first","15":"outofstock","16":"taxable","17":"shipping-taxable","18":"purchasable","19":"product-type-simple"},"group_of_quantity":0,"min_quantity":0,"max_quantity":"","exclude_order_quantity_value_rules":"no","exclude_category_quantity_rules":"no","combine_variations":"no","locations":[{"id":4152,"name":"Tecnoseal","slug":"tecnoseal","quantity":""}],"_links":{"self":[{"href":"https:\/\/ab-marineservice.com\/de\/wp-json\/wp\/v2\/product\/132184","targetHints":{"allow":["GET"]}}],"collection":[{"href":"https:\/\/ab-marineservice.com\/de\/wp-json\/wp\/v2\/product"}],"about":[{"href":"https:\/\/ab-marineservice.com\/de\/wp-json\/wp\/v2\/types\/product"}],"replies":[{"embeddable":true,"href":"https:\/\/ab-marineservice.com\/de\/wp-json\/wp\/v2\/comments?post=132184"}],"wp:featuredmedia":[{"embeddable":true,"href":"https:\/\/ab-marineservice.com\/de\/wp-json\/wp\/v2\/media\/283611"}],"wp:attachment":[{"href":"https:\/\/ab-marineservice.com\/de\/wp-json\/wp\/v2\/media?parent=132184"}],"wp:term":[{"taxonomy":"location","embeddable":true,"href":"https:\/\/ab-marineservice.com\/de\/wp-json\/wp\/v2\/location?post=132184"},{"taxonomy":"product_brand","embeddable":true,"href":"https:\/\/ab-marineservice.com\/de\/wp-json\/wp\/v2\/product_brand?post=132184"},{"taxonomy":"product_cat","embeddable":true,"href":"https:\/\/ab-marineservice.com\/de\/wp-json\/wp\/v2\/product_cat?post=132184"},{"taxonomy":"product_tag","embeddable":true,"href":"https:\/\/ab-marineservice.com\/de\/wp-json\/wp\/v2\/product_tag?post=132184"}],"curies":[{"name":"wp","href":"https:\/\/api.w.org\/{rel}","templated":true}]}}