{"id":132278,"date":"2023-02-20T18:25:14","date_gmt":"2023-02-20T18:10:36","guid":{"rendered":"https:\/\/ab-marineservice.com\/product\/autoprop-propelleranode-h6\/"},"modified":"2025-04-08T16:09:42","modified_gmt":"2025-04-08T14:09:42","slug":"autoprop-propeller-anode-h6-zink","status":"publish","type":"product","link":"https:\/\/ab-marineservice.com\/de\/produkt\/autoprop-propeller-anode-h6-zink\/","title":{"rendered":"Autoprop-Propelleranode H6 Zink"},"content":{"rendered":"","protected":false},"excerpt":{"rendered":"<p>AUTOH6<\/p>\n<p>Wo es installiert ist: Passend f\u00fcr H-6-Propeller.<\/p>\n<p>a 67,00<br \/>\nb 30,00<br \/>\nh 45,00<br \/>\ni 49,00<br \/>\n\u00d8 43,00<br \/>\n\u00d81 34,00<br \/>\n\u00d82 19,00<br \/>\n\u00d83 9,00<br \/>\n\u00d8 Welle \u00d835 mm und gr\u00f6\u00dfer<\/p>\n","protected":false},"featured_media":150776,"comment_status":"open","ping_status":"closed","template":"","meta":[],"location":[4152],"product_brand":[25911],"product_cat":[1310,3222,6137,6091,6093],"product_tag":[],"class_list":{"0":"post-132278","1":"product","2":"type-product","3":"status-publish","4":"has-post-thumbnail","6":"location-tecnoseal","7":"product_brand-tecnoseal","8":"product_cat-kuhlungsteile","9":"product_cat-anoden","10":"product_cat-wellen-und-propelleranoden","11":"product_cat-segelstellung-und-faltpropeller-anoden","12":"product_cat-autoprop-propelleranoden","13":"product_shipping_class-paket-0-10-kg","15":"first","16":"instock","17":"sale","18":"taxable","19":"shipping-taxable","20":"purchasable","21":"product-type-simple"},"group_of_quantity":0,"min_quantity":0,"max_quantity":"","exclude_order_quantity_value_rules":"no","exclude_category_quantity_rules":"no","combine_variations":"no","locations":[{"id":4152,"name":"Tecnoseal","slug":"tecnoseal","quantity":""}],"_links":{"self":[{"href":"https:\/\/ab-marineservice.com\/de\/wp-json\/wp\/v2\/product\/132278","targetHints":{"allow":["GET"]}}],"collection":[{"href":"https:\/\/ab-marineservice.com\/de\/wp-json\/wp\/v2\/product"}],"about":[{"href":"https:\/\/ab-marineservice.com\/de\/wp-json\/wp\/v2\/types\/product"}],"replies":[{"embeddable":true,"href":"https:\/\/ab-marineservice.com\/de\/wp-json\/wp\/v2\/comments?post=132278"}],"wp:featuredmedia":[{"embeddable":true,"href":"https:\/\/ab-marineservice.com\/de\/wp-json\/wp\/v2\/media\/150776"}],"wp:attachment":[{"href":"https:\/\/ab-marineservice.com\/de\/wp-json\/wp\/v2\/media?parent=132278"}],"wp:term":[{"taxonomy":"location","embeddable":true,"href":"https:\/\/ab-marineservice.com\/de\/wp-json\/wp\/v2\/location?post=132278"},{"taxonomy":"product_brand","embeddable":true,"href":"https:\/\/ab-marineservice.com\/de\/wp-json\/wp\/v2\/product_brand?post=132278"},{"taxonomy":"product_cat","embeddable":true,"href":"https:\/\/ab-marineservice.com\/de\/wp-json\/wp\/v2\/product_cat?post=132278"},{"taxonomy":"product_tag","embeddable":true,"href":"https:\/\/ab-marineservice.com\/de\/wp-json\/wp\/v2\/product_tag?post=132278"}],"curies":[{"name":"wp","href":"https:\/\/api.w.org\/{rel}","templated":true}]}}