{"id":13236,"date":"2017-09-14T12:04:51","date_gmt":"2017-09-14T10:04:51","guid":{"rendered":"https:\/\/ab-marineservice.com\/product\/minirelais-24v-20a\/"},"modified":"2026-03-16T16:08:55","modified_gmt":"2026-03-16T15:08:55","slug":"relais-24v-20a","status":"publish","type":"product","link":"https:\/\/ab-marineservice.com\/de\/produkt\/relais-24v-20a\/","title":{"rendered":"Relais 24V 20A"},"content":{"rendered":"","protected":false},"excerpt":{"rendered":"<p><strong>Physische Spezifikationen<\/strong><br \/>\nAnschl\u00fcsse: 4<br \/>\nHersteller: Wehrle<br \/>\nDiagramm Nr.: 1 R080<br \/>\nHalter: Mit<br \/>\n<strong>Elektrische Spezifikationen<\/strong><br \/>\nVolt: 24<br \/>\nAmpere: 20<\/p>\n<p>Elektrische Schalt- und Arbeitsrelais sind h\u00e4ufig eingesetzter Komponenten in elektrischen Systemen von Motoren und Installationen. Mit einem elektrischen Relais l\u00e4sst sich mit einem relativ schwachen Steuerstrom ein gro\u00dfer oder anderer Strom ein- oder ausschalten, der oft ein Vielfaches des Steuerstroms betr\u00e4gt. Das macht dicke Kabel unn\u00f6tig und vermeidet unn\u00f6tige Belastungen von Kontakten. Tats\u00e4chlich bet\u00e4tigt man mit einem kleinen Schalter einen gr\u00f6\u00dferen mit Hilfe einer Magnetspule und eines Kontakte. <\/p>\n<p>Die Kontakte k\u00f6nnen aus Kupfer oder Silber bestehen, wobei Silberkontakte f\u00fcr hohe Str\u00f6me besser geeignet sind.<\/p>\n<p>Im Allgemeinen wird zuerst die Steuerspannung angegeben, mit der das Relais aktiviert werden kann, z.B. 6 V, 12 V oder 24 V. Dahinter wird der maximale Strom, den das Relais ein- und ausschalten kann, in Ampere angegeben.<\/p>\n<p>Ein sogenanntes Mini-Relais kann oft nur einen H\u00f6chststrom schalten und vertr\u00e4gt keine Stromspitzen dar\u00fcber. Arbeits- oder Hochleistungsrelais sind, wie der Name schon sagt, eher f\u00fcr gr\u00f6\u00dfere Leistungen gedacht und hier wird oft eine zweite H\u00f6chststromst\u00e4rke (kurz \/ lang) angegeben. Beim Einschalten eines Motors zum Beispiel tritt f\u00fcr kurze Zeit ein hoher Stromspitzenwert auf.<\/p>\n<p>Wenn Sie Fragen zur Funktionsweise oder Anwendung eines Relais haben, nehmen Sie bitte Kontakt mit uns auf.<\/p>\n","protected":false},"featured_media":11820,"comment_status":"open","ping_status":"closed","template":"","meta":[],"location":[],"product_brand":[],"product_cat":[1208,1273,1279],"product_tag":[],"class_list":{"0":"post-13236","1":"product","2":"type-product","3":"status-publish","4":"has-post-thumbnail","6":"product_cat-elektrische-bauteile","7":"product_cat-relais-de","8":"product_cat-mini-relais-24v-de","9":"product_shipping_class-paket-0-10-kg","11":"first","12":"instock","13":"taxable","14":"shipping-taxable","15":"purchasable","16":"product-type-simple"},"group_of_quantity":0,"min_quantity":0,"max_quantity":"","exclude_order_quantity_value_rules":"no","exclude_category_quantity_rules":"no","combine_variations":"no","locations":[{"id":3905,"name":"AB Marine","slug":"ab-marine-service","quantity":""}],"_links":{"self":[{"href":"https:\/\/ab-marineservice.com\/de\/wp-json\/wp\/v2\/product\/13236","targetHints":{"allow":["GET"]}}],"collection":[{"href":"https:\/\/ab-marineservice.com\/de\/wp-json\/wp\/v2\/product"}],"about":[{"href":"https:\/\/ab-marineservice.com\/de\/wp-json\/wp\/v2\/types\/product"}],"replies":[{"embeddable":true,"href":"https:\/\/ab-marineservice.com\/de\/wp-json\/wp\/v2\/comments?post=13236"}],"wp:featuredmedia":[{"embeddable":true,"href":"https:\/\/ab-marineservice.com\/de\/wp-json\/wp\/v2\/media\/11820"}],"wp:attachment":[{"href":"https:\/\/ab-marineservice.com\/de\/wp-json\/wp\/v2\/media?parent=13236"}],"wp:term":[{"taxonomy":"location","embeddable":true,"href":"https:\/\/ab-marineservice.com\/de\/wp-json\/wp\/v2\/location?post=13236"},{"taxonomy":"product_brand","embeddable":true,"href":"https:\/\/ab-marineservice.com\/de\/wp-json\/wp\/v2\/product_brand?post=13236"},{"taxonomy":"product_cat","embeddable":true,"href":"https:\/\/ab-marineservice.com\/de\/wp-json\/wp\/v2\/product_cat?post=13236"},{"taxonomy":"product_tag","embeddable":true,"href":"https:\/\/ab-marineservice.com\/de\/wp-json\/wp\/v2\/product_tag?post=13236"}],"curies":[{"name":"wp","href":"https:\/\/api.w.org\/{rel}","templated":true}]}}