{"id":13239,"date":"2017-09-14T12:01:40","date_gmt":"2017-09-14T10:01:40","guid":{"rendered":"https:\/\/ab-marineservice.com\/product\/minirelais-24v-20a-arbeit-3\/"},"modified":"2025-07-04T13:47:22","modified_gmt":"2025-07-04T11:47:22","slug":"minirelais-24v-20a-arbeit-3","status":"publish","type":"product","link":"https:\/\/ab-marineservice.com\/de\/produkt\/minirelais-24v-20a-arbeit-3\/","title":{"rendered":"Minirelais 24V 20A Arbeit 30, 85, 86, 87,87"},"content":{"rendered":"","protected":false},"excerpt":{"rendered":"<p><strong>Physische Spezifikationen<\/strong><br \/>\nAnschl\u00fcsse: 5<br \/>\nDiagramm Nr.: 1 R265<br \/>\nHalter: Mit<br \/>\n<strong>Elektrische Spezifikationen<\/strong><br \/>\nVolt: 24<br \/>\nAmpere: 20<\/p>\n<p>0015425619 MERCEDES BENZ<br \/>\n01171929 KHD<br \/>\n0332003012 BOSCH<br \/>\n0332003020 BOSCH<br \/>\n0332014201 BOSCH<br \/>\n0332014203 BOSCH<br \/>\n0332014207 BOSCH<br \/>\n0332014213 BOSCH<br \/>\n0332019203 BOSCH<br \/>\n0332209216 BOSCH<br \/>\n1171929 KHD<br \/>\n1526349 DAF<br \/>\n20407100 WEHRLE<br \/>\n630121008 LIEBHERR<br \/>\n7375112000 K\u00c4SSBOHRER<br \/>\n81259020017-7057 MAN<br \/>\n81259020474-7057 MAN<br \/>\n99000580236 MERCEDES BENZ<br \/>\nA0015425619 MERCEDES BENZ<br \/>\nrlp524 NAGARES <\/p>\n<p>Elektrische Schalt- und Arbeitsrelais sind h\u00e4ufig eingesetzter Komponenten in elektrischen Systemen von Motoren und Installationen. Mit einem elektrischen Relais l\u00e4sst sich mit einem relativ schwachen Steuerstrom ein gro\u00dfer oder anderer Strom ein- oder ausschalten, der oft ein Vielfaches des Steuerstroms betr\u00e4gt. Das macht dicke Kabel unn\u00f6tig und vermeidet unn\u00f6tige Belastungen von Kontakten. Tats\u00e4chlich bet\u00e4tigt man mit einem kleinen Schalter einen gr\u00f6\u00dferen mit Hilfe einer Magnetspule und eines Kontakte. <\/p>\n<p>Die Kontakte k\u00f6nnen aus Kupfer oder Silber bestehen, wobei Silberkontakte f\u00fcr hohe Str\u00f6me besser geeignet sind.<\/p>\n<p>Im Allgemeinen wird zuerst die Steuerspannung angegeben, mit der das Relais aktiviert werden kann, z.B. 6 V, 12 V oder 24 V. Dahinter wird der maximale Strom, den das Relais ein- und ausschalten kann, in Ampere angegeben.<\/p>\n<p>Ein sogenanntes Mini-Relais kann oft nur einen H\u00f6chststrom schalten und vertr\u00e4gt keine Stromspitzen dar\u00fcber. Arbeits- oder Hochleistungsrelais sind, wie der Name schon sagt, eher f\u00fcr gr\u00f6\u00dfere Leistungen gedacht und hier wird oft eine zweite H\u00f6chststromst\u00e4rke (kurz \/ lang) angegeben. Beim Einschalten eines Motors zum Beispiel tritt f\u00fcr kurze Zeit ein hoher Stromspitzenwert auf.<\/p>\n<p>Wenn Sie Fragen zur Funktionsweise oder Anwendung eines Relais haben, nehmen Sie bitte Kontakt mit uns auf.<\/p>\n","protected":false},"featured_media":11824,"comment_status":"open","ping_status":"closed","template":"","meta":[],"location":[3905],"product_brand":[],"product_cat":[1208,1273,1279],"product_tag":[],"class_list":{"0":"post-13239","1":"product","2":"type-product","3":"status-publish","4":"has-post-thumbnail","6":"location-ab-marine-service","7":"product_cat-elektrische-bauteile","8":"product_cat-relais-de","9":"product_cat-mini-relais-24v-de","10":"product_shipping_class-paket-0-10-kg","12":"first","13":"instock","14":"taxable","15":"shipping-taxable","16":"purchasable","17":"product-type-simple"},"group_of_quantity":0,"min_quantity":0,"max_quantity":"","exclude_order_quantity_value_rules":"no","exclude_category_quantity_rules":"no","combine_variations":"no","locations":[{"id":3905,"name":"AB Marine","slug":"ab-marine-service","quantity":""}],"_links":{"self":[{"href":"https:\/\/ab-marineservice.com\/de\/wp-json\/wp\/v2\/product\/13239","targetHints":{"allow":["GET"]}}],"collection":[{"href":"https:\/\/ab-marineservice.com\/de\/wp-json\/wp\/v2\/product"}],"about":[{"href":"https:\/\/ab-marineservice.com\/de\/wp-json\/wp\/v2\/types\/product"}],"replies":[{"embeddable":true,"href":"https:\/\/ab-marineservice.com\/de\/wp-json\/wp\/v2\/comments?post=13239"}],"wp:featuredmedia":[{"embeddable":true,"href":"https:\/\/ab-marineservice.com\/de\/wp-json\/wp\/v2\/media\/11824"}],"wp:attachment":[{"href":"https:\/\/ab-marineservice.com\/de\/wp-json\/wp\/v2\/media?parent=13239"}],"wp:term":[{"taxonomy":"location","embeddable":true,"href":"https:\/\/ab-marineservice.com\/de\/wp-json\/wp\/v2\/location?post=13239"},{"taxonomy":"product_brand","embeddable":true,"href":"https:\/\/ab-marineservice.com\/de\/wp-json\/wp\/v2\/product_brand?post=13239"},{"taxonomy":"product_cat","embeddable":true,"href":"https:\/\/ab-marineservice.com\/de\/wp-json\/wp\/v2\/product_cat?post=13239"},{"taxonomy":"product_tag","embeddable":true,"href":"https:\/\/ab-marineservice.com\/de\/wp-json\/wp\/v2\/product_tag?post=13239"}],"curies":[{"name":"wp","href":"https:\/\/api.w.org\/{rel}","templated":true}]}}