{"id":13341,"date":"2017-02-24T19:35:50","date_gmt":"2017-02-24T18:35:50","guid":{"rendered":"https:\/\/ab-marineservice.com\/product\/zylinderkopf-dichtungssatz-ruggerini-mm150-komplett\/"},"modified":"2025-09-23T14:09:08","modified_gmt":"2025-09-23T12:09:08","slug":"dichtsatz-zylinderkopf-ruggerini-mm150-komplett","status":"publish","type":"product","link":"https:\/\/ab-marineservice.com\/de\/produkt\/dichtsatz-zylinderkopf-ruggerini-mm150-komplett\/","title":{"rendered":"Dichtsatz Zylinderkopf Ruggerini MM150 komplett"},"content":{"rendered":"","protected":false},"excerpt":{"rendered":"<p>Kompletter Dichtsatz f\u00fcr den Ruggerini MM150 inklusive aller O-Ringe.<br \/>\nEnth\u00e4lt 2x Zylinderkopfdichtungen und verschiedene Fu\u00dfdichtungen in unterschiedlichen St\u00e4rken.<\/p>\n<p>MM150<br \/>\nMW150<\/p>\n<p>Kompletter Dichtsatz f\u00fcr den Ruggerini Motor.<\/p>\n","protected":false},"featured_media":358620,"comment_status":"open","ping_status":"closed","template":"","meta":[],"location":[],"product_brand":[],"product_cat":[1436,2160],"product_tag":[],"class_list":{"0":"post-13341","1":"product","2":"type-product","3":"status-publish","4":"has-post-thumbnail","6":"product_cat-wartung","7":"product_cat-motorenteile-ruggerini","8":"product_shipping_class-paket-0-10-kg","10":"first","11":"outofstock","12":"sale","13":"taxable","14":"shipping-taxable","15":"purchasable","16":"product-type-simple"},"group_of_quantity":0,"min_quantity":0,"max_quantity":"","exclude_order_quantity_value_rules":"no","exclude_category_quantity_rules":"no","combine_variations":"no","locations":[{"id":3905,"name":"AB Marine","slug":"ab-marine-service","quantity":""},{"id":15429,"name":"Ippoliti Ricambi","slug":"ippoliti-ricambi","quantity":""}],"_links":{"self":[{"href":"https:\/\/ab-marineservice.com\/de\/wp-json\/wp\/v2\/product\/13341","targetHints":{"allow":["GET"]}}],"collection":[{"href":"https:\/\/ab-marineservice.com\/de\/wp-json\/wp\/v2\/product"}],"about":[{"href":"https:\/\/ab-marineservice.com\/de\/wp-json\/wp\/v2\/types\/product"}],"replies":[{"embeddable":true,"href":"https:\/\/ab-marineservice.com\/de\/wp-json\/wp\/v2\/comments?post=13341"}],"wp:featuredmedia":[{"embeddable":true,"href":"https:\/\/ab-marineservice.com\/de\/wp-json\/wp\/v2\/media\/358620"}],"wp:attachment":[{"href":"https:\/\/ab-marineservice.com\/de\/wp-json\/wp\/v2\/media?parent=13341"}],"wp:term":[{"taxonomy":"location","embeddable":true,"href":"https:\/\/ab-marineservice.com\/de\/wp-json\/wp\/v2\/location?post=13341"},{"taxonomy":"product_brand","embeddable":true,"href":"https:\/\/ab-marineservice.com\/de\/wp-json\/wp\/v2\/product_brand?post=13341"},{"taxonomy":"product_cat","embeddable":true,"href":"https:\/\/ab-marineservice.com\/de\/wp-json\/wp\/v2\/product_cat?post=13341"},{"taxonomy":"product_tag","embeddable":true,"href":"https:\/\/ab-marineservice.com\/de\/wp-json\/wp\/v2\/product_tag?post=13341"}],"curies":[{"name":"wp","href":"https:\/\/api.w.org\/{rel}","templated":true}]}}