{"id":13529,"date":"2015-12-31T11:15:35","date_gmt":"2015-12-31T10:15:35","guid":{"rendered":"https:\/\/ab-marineservice.com\/product\/starter-bukh-12v\/"},"modified":"2026-05-02T10:29:20","modified_gmt":"2026-05-02T08:29:20","slug":"anlasser-bukh-dv10-dv20-dv24-me","status":"publish","type":"product","link":"https:\/\/ab-marineservice.com\/de\/produkt\/anlasser-bukh-dv10-dv20-dv24-me\/","title":{"rendered":"Anlasser Bukh DV10 DV20 DV24 (ME)"},"content":{"rendered":"","protected":false},"excerpt":{"rendered":"<p><strong>Bukh DV10 DV20 DV24 DV29 DV36 DV48 Einheit hat eine gespiegelte \u00d6ffnung und wird mit dem Relais nach unten montiert.<br \/>\nBeachten Sie au\u00dferdem: Die Originalschrauben sind teilweise zu kurz.<\/strong><\/p>\n<p>Ersatzschraubensatz (Link): <a href=\"https:\/\/ab-marineservice.com\/de\/produkt\/schraubensatz-bukh-anlasser-ersatz-langere-schrauben\/\">Bout set Bukh startmotor vervanging.<\/a><\/p>\n<p>Volt 12<br \/>\nkW 1.1<\/p>\n<p><strong>Fysieke specificaties<\/strong><br \/>\nA Pasrand 82.00<br \/>\nB Bendix afstand 21.00<br \/>\nH Aantal tanden 13<br \/>\nI B+ M8<br \/>\nN Reductietype Direct drive<br \/>\nO Afstand 104.00<br \/>\nP Draairichting Linksom<br \/>\nR Totale lengte 215.00<br \/>\nVerdere informatie<br \/>\nAantal bevestigingsgaten 2 (0)<br \/>\nTandwieltype Staal<br \/>\n<strong>Opmerkingen<\/strong> Das Ger\u00e4t hat eine gespiegelte \u00d6ffnung und muss kopf\u00fcber montiert werden.<br \/>\n\u00d6ldicht Nein<br \/>\nWasserdicht Nein<\/p>\n<p>[expand title=&#8221;Ersetzt&#8221; rel=&#8221;fiction&#8221;]<br \/>\n0001314031 BOSCH Onderdelen lijst<br \/>\n0001315004 BOSCH Onderdelen lijst<br \/>\n61201650 BUKH<br \/>\n612A1650 BUKH<br \/>\n11.130.782 ISKRA Onderdelen lijst<br \/>\n11.131.285 ISKRA<br \/>\naze2160 ISKRA<br \/>\nAZF3566 ISKRA Onderdelen lijst<br \/>\nd9e51 VALEO Onderdelen lijst<br \/>\n[\/expand]<br \/>\n[expand title=&#8221;Geeignet Bukh divers&#8221; rel=&#8221;fiction&#8221;]<a href=\"\/\/ab-marineservice.com\/wp-content\/uploads\/2015\/12\/DV7ME.jpg\" rel=\"attachment wp-att-1707\"><img loading=\"lazy\" decoding=\"async\" class=\"alignnone size-full wp-image-1707\" src=\"\/\/ab-marineservice.com\/wp-content\/uploads\/2015\/12\/DV7ME.jpg\" alt=\"Bukh Anlasser\" width=\"400\" height=\"364\"><\/a> [\/expand]<\/p>\n","protected":false},"featured_media":352185,"comment_status":"open","ping_status":"closed","template":"","meta":[],"location":[3905,4160,20835],"product_brand":[26252],"product_cat":[1463,1464,25572],"product_tag":[1662,1740,1741,1742,1743,1744,1745],"class_list":{"0":"post-13529","1":"product","2":"type-product","3":"status-publish","4":"has-post-thumbnail","6":"location-ab-marine-service","7":"location-psh","8":"location-psh-poland","9":"product_brand-wai-global","10":"product_cat-anlasser","11":"product_cat-innenbordstarter","12":"product_cat-bukh-anlasser","13":"product_tag-bukh-de","14":"product_tag-dv10-de","15":"product_tag-dv20-de","16":"product_tag-dv24-de","17":"product_tag-dv29-de","18":"product_tag-dv36-de","19":"product_tag-dv48-de","20":"product_shipping_class-paket-0-10-kg","22":"first","23":"instock","24":"sale","25":"taxable","26":"shipping-taxable","27":"purchasable","28":"product-type-simple"},"group_of_quantity":0,"min_quantity":0,"max_quantity":"","exclude_order_quantity_value_rules":"no","exclude_category_quantity_rules":"no","combine_variations":"no","locations":[{"id":3905,"name":"AB Marine","slug":"ab-marine-service","quantity":""},{"id":4160,"name":"PSH","slug":"psh","quantity":""},{"id":20835,"name":"PSH Poland","slug":"psh-poland","quantity":""}],"_links":{"self":[{"href":"https:\/\/ab-marineservice.com\/de\/wp-json\/wp\/v2\/product\/13529","targetHints":{"allow":["GET"]}}],"collection":[{"href":"https:\/\/ab-marineservice.com\/de\/wp-json\/wp\/v2\/product"}],"about":[{"href":"https:\/\/ab-marineservice.com\/de\/wp-json\/wp\/v2\/types\/product"}],"replies":[{"embeddable":true,"href":"https:\/\/ab-marineservice.com\/de\/wp-json\/wp\/v2\/comments?post=13529"}],"wp:featuredmedia":[{"embeddable":true,"href":"https:\/\/ab-marineservice.com\/de\/wp-json\/wp\/v2\/media\/352185"}],"wp:attachment":[{"href":"https:\/\/ab-marineservice.com\/de\/wp-json\/wp\/v2\/media?parent=13529"}],"wp:term":[{"taxonomy":"location","embeddable":true,"href":"https:\/\/ab-marineservice.com\/de\/wp-json\/wp\/v2\/location?post=13529"},{"taxonomy":"product_brand","embeddable":true,"href":"https:\/\/ab-marineservice.com\/de\/wp-json\/wp\/v2\/product_brand?post=13529"},{"taxonomy":"product_cat","embeddable":true,"href":"https:\/\/ab-marineservice.com\/de\/wp-json\/wp\/v2\/product_cat?post=13529"},{"taxonomy":"product_tag","embeddable":true,"href":"https:\/\/ab-marineservice.com\/de\/wp-json\/wp\/v2\/product_tag?post=13529"}],"curies":[{"name":"wp","href":"https:\/\/api.w.org\/{rel}","templated":true}]}}