{"id":136042,"date":"2023-02-21T16:18:47","date_gmt":"2023-02-21T15:18:47","guid":{"rendered":"https:\/\/ab-marineservice.com\/product\/16m3-daempferplatte-o-3365-mm-540nm\/"},"modified":"2026-05-09T09:00:39","modified_gmt":"2026-05-09T07:00:39","slug":"16m3-daempferplatte-o-3365-mm-540nm","status":"publish","type":"product","link":"https:\/\/ab-marineservice.com\/de\/produkt\/16m3-daempferplatte-o-3365-mm-540nm\/","title":{"rendered":"D\u00e4mpferplatte 336,50\u202fmm 540\u202fNm &#8211; Welle: 1.125 x 10 SAE f\u00fcr PRM\/Velvet"},"content":{"rendered":"<p>Typ: 1.125 x 10 SAE<br \/>\nSchaftdurchmesser: 28,60 mm<br \/>\nDrehrichtung des Elements: gegen den Uhrzeigersinn \/ im Uhrzeigersinn<br \/>\nDurchmesser der R\u00fcckplatte: 336,50 mm<br \/>\n&#8211; 6 L\u00f6cher von 8,10 mm auf einem Teilkreis von 200,00 mm<br \/>\n&#8211; 6 L\u00f6cher von 8,10 mm auf einem Teilkreis von 210,00 mm<br \/>\n&#8211; 6 L\u00f6cher von 8,10 mm auf einem Teilkreis von 263,00 mm<br \/>\n&#8211; 6 L\u00f6cher von 8,10 mm auf einem Teilkreis von 269,90 mm<br \/>\n&#8211; 6 L\u00f6cher von 8,10 mm auf einem Teilkreis von 276,30 mm<br \/>\n&#8211; 6 L\u00f6cher von 8,10 mm auf einem Teilkreis von 289,00 mm<br \/>\n&#8211; 6 L\u00f6cher von 8,10 mm auf einem Teilkreis von 295,30 mm<br \/>\n&#8211; 6 L\u00f6cher von 8,80 mm auf einem Teilkreis von 304,80 mm<br \/>\n&#8211; 6 L\u00f6cher von 8,10 mm auf einem Teilkreis von 314,40 mm<br \/>\n&#8211; 6 L\u00f6cher von 9,50 mm auf einem Teilkreis von 320,70 mm<\/p>\n<p>Abmessungen:<br \/>\nWW: 2,30 mm<br \/>\nXX: 25,40 mm<br \/>\nYY: 35,00 mm<br \/>\nZZ: 207,00 mm<\/p>\n<p>Angewendet auf:<br \/>\nPRM265\/310 und sehr alte Velvet Drive- und Paragon-Getriebe<\/p>\n<p>Datenblatt: <a href=\"https:\/\/ab-marineservice.com\/wp-content\/uploads\/2023\/02\/R-D-Damper-Drive-Plate-09-22.pdf\">R&amp;D Damper Drive Teller<\/a><\/p>\n","protected":false},"excerpt":{"rendered":"<p>D\u00e4mpferplatte \u00d8 336,50\u202fmm (540\u202fNm, Typ 1.125 x 10 SAE) ist geeignet f\u00fcr PRM265\/310 und \u00e4ltere Velvet Drive sowie Paragon Wendegetriebe. Reduziert Vibrationen und sch\u00fctzt den Antriebsstrang f\u00fcr einen zuverl\u00e4ssigen Getriebeablauf.<\/p>\n<h4>Hauptmerkmale und Vorteile:<\/h4>\n<p><strong>Durchmesser 336,50\u202fmm:<\/strong> Passt genau auf PRM265\/310 und \u00e4ltere Wendegetriebe.<br \/>\n<strong>Torsionsd\u00e4mpfung 540\u202fNm:<\/strong> Reduziert St\u00f6\u00dfe und Vibrationen in der Kupplung.<br \/>\n<strong>Typ 1.125 x 10 SAE:<\/strong> Kompatibel mit spezifischen Zahnradkonfigurationen.<br \/>\n<strong>Schutz des Antriebsstrangs:<\/strong> Verhindert \u00fcberm\u00e4\u00dfigen Verschlei\u00df und verl\u00e4ngert die Lebensdauer.<br \/>\n<strong>Mehrere L\u00f6cher auf Teilkreisen:<\/strong> F\u00fcr einfache Montage und Ausrichtung.<\/p>\n","protected":false},"featured_media":155812,"comment_status":"open","ping_status":"closed","template":"","meta":[],"location":[],"product_brand":[],"product_cat":[1222,3457,2969],"product_tag":[],"class_list":{"0":"post-136042","1":"product","2":"type-product","3":"status-publish","4":"has-post-thumbnail","6":"product_cat-motorteile","7":"product_cat-antriebe","8":"product_cat-dampferplatten","9":"product_shipping_class-paket-0-10-kg","11":"first","12":"instock","13":"taxable","14":"shipping-taxable","15":"purchasable","16":"product-type-simple"},"group_of_quantity":0,"min_quantity":0,"max_quantity":"","exclude_order_quantity_value_rules":"no","exclude_category_quantity_rules":"no","combine_variations":"no","locations":[{"id":3906,"name":"Dintra","slug":"dintra","quantity":""}],"_links":{"self":[{"href":"https:\/\/ab-marineservice.com\/de\/wp-json\/wp\/v2\/product\/136042","targetHints":{"allow":["GET"]}}],"collection":[{"href":"https:\/\/ab-marineservice.com\/de\/wp-json\/wp\/v2\/product"}],"about":[{"href":"https:\/\/ab-marineservice.com\/de\/wp-json\/wp\/v2\/types\/product"}],"replies":[{"embeddable":true,"href":"https:\/\/ab-marineservice.com\/de\/wp-json\/wp\/v2\/comments?post=136042"}],"wp:featuredmedia":[{"embeddable":true,"href":"https:\/\/ab-marineservice.com\/de\/wp-json\/wp\/v2\/media\/155812"}],"wp:attachment":[{"href":"https:\/\/ab-marineservice.com\/de\/wp-json\/wp\/v2\/media?parent=136042"}],"wp:term":[{"taxonomy":"location","embeddable":true,"href":"https:\/\/ab-marineservice.com\/de\/wp-json\/wp\/v2\/location?post=136042"},{"taxonomy":"product_brand","embeddable":true,"href":"https:\/\/ab-marineservice.com\/de\/wp-json\/wp\/v2\/product_brand?post=136042"},{"taxonomy":"product_cat","embeddable":true,"href":"https:\/\/ab-marineservice.com\/de\/wp-json\/wp\/v2\/product_cat?post=136042"},{"taxonomy":"product_tag","embeddable":true,"href":"https:\/\/ab-marineservice.com\/de\/wp-json\/wp\/v2\/product_tag?post=136042"}],"curies":[{"name":"wp","href":"https:\/\/api.w.org\/{rel}","templated":true}]}}