{"id":136708,"date":"2023-02-21T16:27:07","date_gmt":"2023-02-21T15:46:44","guid":{"rendered":"https:\/\/ab-marineservice.com\/product\/ercem-kohlering-o25-254-x-41-46mm\/"},"modified":"2025-06-30T09:14:28","modified_gmt":"2025-06-30T07:14:28","slug":"ercem-kohlering-o25-254-x-41-46mm","status":"publish","type":"product","link":"https:\/\/ab-marineservice.com\/de\/produkt\/ercem-kohlering-o25-254-x-41-46mm\/","title":{"rendered":"Ercem Kohlering \u00d825\/25,4 x 41-46mm."},"content":{"rendered":"","protected":false},"excerpt":{"rendered":"<p>Ercem Kohlering \u00d825\/25,4 x 41-46mm.<\/p>\n<p>Die Ringe werden aus isogeformtem, sehr feink\u00f6rnigem, hochfestem, hochdichtem und isotropem Graphitharz hergestellt, das f\u00fcr anspruchsvolle mechanische und Dichtungsanwendungen impr\u00e4gniert ist.<\/p>\n<p>Dieses Material ist temperaturbest\u00e4ndig bis 200 \u00b0C.<br \/>\nDie Ringe werden auf CNC-Maschinen gefertigt, um eine gl\u00e4nzende Oberfl\u00e4che der Kontaktfl\u00e4che zu gew\u00e4hrleisten.<\/p>\n<p>Je nach Anwendung kann der Kohlenstoffring mit einer Polyamid-Passung versehen werden, um eine bessere Schmierung in Wasser oder Entl\u00fcftung zu gew\u00e4hrleisten. Wir verwenden ein nichtmetallisches Material, um elektrolytische Ph\u00e4nomene zu vermeiden.<\/p>\n<p>Datenblatt: <a href=\"https:\/\/www.maucour.fr\/en\/cms\/Notice_Montage_Ercem_std_Inf_55mmUKV230518.pdf\" target=\"_blank\">Ercem Kohlering \u00d825\/25,4 x 41-46mm.<\/a><\/p>\n","protected":false},"featured_media":375104,"comment_status":"open","ping_status":"closed","template":"","meta":[],"location":[3906],"product_brand":[],"product_cat":[1222,3457,3908,20551,5397],"product_tag":[],"class_list":{"0":"post-136708","1":"product","2":"type-product","3":"status-publish","4":"has-post-thumbnail","6":"location-dintra","7":"product_cat-motorteile","8":"product_cat-antriebe","9":"product_cat-propellerwellendichtungen","10":"product_cat-ercem-edelstahlring","11":"product_cat-propeller-shaft-system-de","12":"product_shipping_class-paket-0-10-kg","14":"first","15":"instock","16":"taxable","17":"shipping-taxable","18":"purchasable","19":"product-type-simple"},"group_of_quantity":0,"min_quantity":0,"max_quantity":"","exclude_order_quantity_value_rules":"no","exclude_category_quantity_rules":"no","combine_variations":"no","locations":[{"id":3906,"name":"Dintra","slug":"dintra","quantity":""}],"_links":{"self":[{"href":"https:\/\/ab-marineservice.com\/de\/wp-json\/wp\/v2\/product\/136708","targetHints":{"allow":["GET"]}}],"collection":[{"href":"https:\/\/ab-marineservice.com\/de\/wp-json\/wp\/v2\/product"}],"about":[{"href":"https:\/\/ab-marineservice.com\/de\/wp-json\/wp\/v2\/types\/product"}],"replies":[{"embeddable":true,"href":"https:\/\/ab-marineservice.com\/de\/wp-json\/wp\/v2\/comments?post=136708"}],"wp:featuredmedia":[{"embeddable":true,"href":"https:\/\/ab-marineservice.com\/de\/wp-json\/wp\/v2\/media\/375104"}],"wp:attachment":[{"href":"https:\/\/ab-marineservice.com\/de\/wp-json\/wp\/v2\/media?parent=136708"}],"wp:term":[{"taxonomy":"location","embeddable":true,"href":"https:\/\/ab-marineservice.com\/de\/wp-json\/wp\/v2\/location?post=136708"},{"taxonomy":"product_brand","embeddable":true,"href":"https:\/\/ab-marineservice.com\/de\/wp-json\/wp\/v2\/product_brand?post=136708"},{"taxonomy":"product_cat","embeddable":true,"href":"https:\/\/ab-marineservice.com\/de\/wp-json\/wp\/v2\/product_cat?post=136708"},{"taxonomy":"product_tag","embeddable":true,"href":"https:\/\/ab-marineservice.com\/de\/wp-json\/wp\/v2\/product_tag?post=136708"}],"curies":[{"name":"wp","href":"https:\/\/api.w.org\/{rel}","templated":true}]}}