{"id":136722,"date":"2023-02-21T16:27:22","date_gmt":"2023-02-21T15:27:22","guid":{"rendered":"https:\/\/ab-marineservice.com\/product\/ercem-std-dichtung-o22mm-o41-46mm\/"},"modified":"2026-01-19T14:06:28","modified_gmt":"2026-01-19T13:06:28","slug":"ercem-std-dichtung-o22mm-o41-46mm","status":"publish","type":"product","link":"https:\/\/ab-marineservice.com\/de\/produkt\/ercem-std-dichtung-o22mm-o41-46mm\/","title":{"rendered":"Ercem-Std. Dichtung \u00d822mm. \u00d841-46mm."},"content":{"rendered":"","protected":false},"excerpt":{"rendered":"<p>Ercem-Std. Dichtung \u00d822mm. \u00d841-46mm. <\/p>\n<p>\u2013 Der ERCEM stammt zu 100 % aus franz\u00f6sischer Produktion.<br \/>\n\u2013 Dank jahrzehntelanger Erfahrung ist er f\u00fcr seine Zuverl\u00e4ssigkeit bekannt.<br \/>\n\u2013 Umweltfreundlich: Keine Schmierung mit petrochemischen Materialien.<br \/>\n\u2013 Wirtschaftlich:<br \/>\n* Keine Wartung erforderlich.<br \/>\n* Kein Schmieren.<br \/>\n* Kein Austausch der Lippendichtungen.<br \/>\n* Keine Geflechtpackung zum Abdichten der Stopfbuchse.<br \/>\n* Kein Wellenverschlei\u00df durch Reibung von Lippendichtungen oder Geflecht.<br \/>\n\u2013 Toleriert Fluchtungsfehler und bietet perfekte axiale Abdichtung.<\/p>\n<p>Datenblatt: <a href=\"https:\/\/www.maucour.fr\/en\/cms\/Notice_Montage_Ercem_std_Inf_55mmUKV230518.pdf\" target=\"_blank\">Ercem-Std. Dichtung \u00d822mm. \u00d841-46mm.<\/a><\/p>\n","protected":false},"featured_media":370092,"comment_status":"open","ping_status":"closed","template":"","meta":[],"location":[3906],"product_brand":[],"product_cat":[4217,1222,3457,3908,20546,5397],"product_tag":[],"class_list":{"0":"post-136722","1":"product","2":"type-product","3":"status-publish","4":"has-post-thumbnail","6":"location-dintra","7":"product_cat-d-de","8":"product_cat-motorteile","9":"product_cat-antriebe","10":"product_cat-propellerwellendichtungen","11":"product_cat-ercem-versiegelung","12":"product_cat-propeller-shaft-system-de","13":"product_shipping_class-paket-0-10-kg","15":"first","16":"instock","17":"taxable","18":"shipping-taxable","19":"purchasable","20":"product-type-simple"},"group_of_quantity":0,"min_quantity":0,"max_quantity":"","exclude_order_quantity_value_rules":"no","exclude_category_quantity_rules":"no","combine_variations":"no","locations":[{"id":3906,"name":"Dintra","slug":"dintra","quantity":""}],"_links":{"self":[{"href":"https:\/\/ab-marineservice.com\/de\/wp-json\/wp\/v2\/product\/136722","targetHints":{"allow":["GET"]}}],"collection":[{"href":"https:\/\/ab-marineservice.com\/de\/wp-json\/wp\/v2\/product"}],"about":[{"href":"https:\/\/ab-marineservice.com\/de\/wp-json\/wp\/v2\/types\/product"}],"replies":[{"embeddable":true,"href":"https:\/\/ab-marineservice.com\/de\/wp-json\/wp\/v2\/comments?post=136722"}],"wp:featuredmedia":[{"embeddable":true,"href":"https:\/\/ab-marineservice.com\/de\/wp-json\/wp\/v2\/media\/370092"}],"wp:attachment":[{"href":"https:\/\/ab-marineservice.com\/de\/wp-json\/wp\/v2\/media?parent=136722"}],"wp:term":[{"taxonomy":"location","embeddable":true,"href":"https:\/\/ab-marineservice.com\/de\/wp-json\/wp\/v2\/location?post=136722"},{"taxonomy":"product_brand","embeddable":true,"href":"https:\/\/ab-marineservice.com\/de\/wp-json\/wp\/v2\/product_brand?post=136722"},{"taxonomy":"product_cat","embeddable":true,"href":"https:\/\/ab-marineservice.com\/de\/wp-json\/wp\/v2\/product_cat?post=136722"},{"taxonomy":"product_tag","embeddable":true,"href":"https:\/\/ab-marineservice.com\/de\/wp-json\/wp\/v2\/product_tag?post=136722"}],"curies":[{"name":"wp","href":"https:\/\/api.w.org\/{rel}","templated":true}]}}