{"id":136765,"date":"2023-02-21T16:27:52","date_gmt":"2023-02-21T15:47:51","guid":{"rendered":"https:\/\/ab-marineservice.com\/product\/ercem-std-gummibalg-o41-46mm\/"},"modified":"2025-06-27T15:45:31","modified_gmt":"2025-06-27T13:45:31","slug":"ercem-std-gummibalg-o41-46mm","status":"publish","type":"product","link":"https:\/\/ab-marineservice.com\/de\/produkt\/ercem-std-gummibalg-o41-46mm\/","title":{"rendered":"Ercem-Std. Gummibalg \u00d841-46mm."},"content":{"rendered":"","protected":false},"excerpt":{"rendered":"<p>Ercem-Std. Gummibalg \u00d841-46mm.<\/p>\n<p>Ercem verst\u00e4rkte Faltenb\u00e4lge aus hochwertigem, verst\u00e4rktem Nitril mit Aramidbeschichtung, besser bekannt als Kevlar\u00ae. Sie k\u00f6nnen auf unser gesamtes Sortiment montiert werden. Ihre Vorteile sind eine erh\u00f6hte Best\u00e4ndigkeit gegen petrochemische Produkte, UV-Strahlung, Belastungen und hohe Temperaturen.<\/p>\n<p>Datenblatt: <a href=\"https:\/\/www.maucour.fr\/en\/cms\/Notice_Montage_Ercem_std_Inf_55mmUKV230518.pdf\" target=\"_blank\">Ercem-Std. Gummibalg \u00d841-46mm.<\/a><\/p>\n","protected":false},"featured_media":369593,"comment_status":"open","ping_status":"closed","template":"","meta":[],"location":[3906],"product_brand":[],"product_cat":[1222,3457,3908,5397],"product_tag":[],"class_list":{"0":"post-136765","1":"product","2":"type-product","3":"status-publish","4":"has-post-thumbnail","6":"location-dintra","7":"product_cat-motorteile","8":"product_cat-antriebe","9":"product_cat-propellerwellendichtungen","10":"product_cat-propeller-shaft-system-de","11":"product_shipping_class-paket-0-10-kg","13":"first","14":"instock","15":"taxable","16":"shipping-taxable","17":"purchasable","18":"product-type-simple"},"group_of_quantity":0,"min_quantity":0,"max_quantity":"","exclude_order_quantity_value_rules":"no","exclude_category_quantity_rules":"no","combine_variations":"no","locations":[{"id":3906,"name":"Dintra","slug":"dintra","quantity":""}],"_links":{"self":[{"href":"https:\/\/ab-marineservice.com\/de\/wp-json\/wp\/v2\/product\/136765","targetHints":{"allow":["GET"]}}],"collection":[{"href":"https:\/\/ab-marineservice.com\/de\/wp-json\/wp\/v2\/product"}],"about":[{"href":"https:\/\/ab-marineservice.com\/de\/wp-json\/wp\/v2\/types\/product"}],"replies":[{"embeddable":true,"href":"https:\/\/ab-marineservice.com\/de\/wp-json\/wp\/v2\/comments?post=136765"}],"wp:featuredmedia":[{"embeddable":true,"href":"https:\/\/ab-marineservice.com\/de\/wp-json\/wp\/v2\/media\/369593"}],"wp:attachment":[{"href":"https:\/\/ab-marineservice.com\/de\/wp-json\/wp\/v2\/media?parent=136765"}],"wp:term":[{"taxonomy":"location","embeddable":true,"href":"https:\/\/ab-marineservice.com\/de\/wp-json\/wp\/v2\/location?post=136765"},{"taxonomy":"product_brand","embeddable":true,"href":"https:\/\/ab-marineservice.com\/de\/wp-json\/wp\/v2\/product_brand?post=136765"},{"taxonomy":"product_cat","embeddable":true,"href":"https:\/\/ab-marineservice.com\/de\/wp-json\/wp\/v2\/product_cat?post=136765"},{"taxonomy":"product_tag","embeddable":true,"href":"https:\/\/ab-marineservice.com\/de\/wp-json\/wp\/v2\/product_tag?post=136765"}],"curies":[{"name":"wp","href":"https:\/\/api.w.org\/{rel}","templated":true}]}}