{"id":136792,"date":"2023-02-21T16:28:07","date_gmt":"2023-02-21T15:28:07","guid":{"rendered":"https:\/\/ab-marineservice.com\/product\/schwingungsdaempfer-800-015-228-546-kg\/"},"modified":"2025-12-18T16:45:02","modified_gmt":"2025-12-18T15:45:02","slug":"schwingungsdaempfer-800-015-228-546-kg","status":"publish","type":"product","link":"https:\/\/ab-marineservice.com\/de\/produkt\/schwingungsdaempfer-800-015-228-546-kg\/","title":{"rendered":"Schwingungsd\u00e4mpfer 800-015 (228-546 kg.)"},"content":{"rendered":"<p>Diese fortschrittliche St\u00fctzen wurden sorgf\u00e4ltig entwickelt, um Ihrem Motor zu stablisieren, Vibrationen zu minimieren, Ger\u00e4usche zu reduzieren und eine beruhigende Fahrt zu gew\u00e4hrleisten. Der Schwingungsd\u00e4mpfer hilft gegen \u00fcberm\u00e4\u00dfige Vibrationen und begr\u00fc\u00dft ein effizienteres Fahren.<\/p>\n","protected":false},"excerpt":{"rendered":"<p>F&#038;E-Schiffsscherenmontage<br \/>\nDiese Halterung ist f\u00fcr eine hervorragende Vibrationsisolierung ausgelegt und verf\u00fcgt \u00fcber einen \u00d6lschutz zum Schutz des Gummis<\/p>\n<p>Typenkapazit\u00e4t in kg. Gewindeende<br \/>\n800-015 228 &#8211; 546 3\/4\u201d<br \/>\nKompression: 3 \u2013 6,4 mm.<br \/>\nVorspannung: 3 mm.<br \/>\nH\u00f6henverstellmutter: 16 mm. <\/p>\n<p>Einstellung der Schwingungsd\u00e4mpfer: <a href=\"https:\/\/ab-marineservice.com\/wp-content\/uploads\/2025\/12\/Korrekte-Einstellung-von-flexiblen-Schwingungsdampfern-fur-einen-Schiffsmotor.pdf\">Bedingungen f\u00fcr die korrekte Einstellung<\/a><\/p>\n","protected":false},"featured_media":155747,"comment_status":"open","ping_status":"closed","template":"","meta":[],"location":[3906],"product_brand":[],"product_cat":[1222,1431,4320],"product_tag":[],"class_list":{"0":"post-136792","1":"product","2":"type-product","3":"status-publish","4":"has-post-thumbnail","6":"location-dintra","7":"product_cat-motorteile","8":"product_cat-motorstutzen","9":"product_cat-rd-motorstutzen-de","10":"product_shipping_class-paket-0-10-kg","12":"first","13":"instock","14":"sale","15":"taxable","16":"shipping-taxable","17":"purchasable","18":"product-type-simple"},"group_of_quantity":0,"min_quantity":0,"max_quantity":"","exclude_order_quantity_value_rules":"no","exclude_category_quantity_rules":"no","combine_variations":"no","locations":[{"id":3906,"name":"Dintra","slug":"dintra","quantity":""}],"_links":{"self":[{"href":"https:\/\/ab-marineservice.com\/de\/wp-json\/wp\/v2\/product\/136792","targetHints":{"allow":["GET"]}}],"collection":[{"href":"https:\/\/ab-marineservice.com\/de\/wp-json\/wp\/v2\/product"}],"about":[{"href":"https:\/\/ab-marineservice.com\/de\/wp-json\/wp\/v2\/types\/product"}],"replies":[{"embeddable":true,"href":"https:\/\/ab-marineservice.com\/de\/wp-json\/wp\/v2\/comments?post=136792"}],"wp:featuredmedia":[{"embeddable":true,"href":"https:\/\/ab-marineservice.com\/de\/wp-json\/wp\/v2\/media\/155747"}],"wp:attachment":[{"href":"https:\/\/ab-marineservice.com\/de\/wp-json\/wp\/v2\/media?parent=136792"}],"wp:term":[{"taxonomy":"location","embeddable":true,"href":"https:\/\/ab-marineservice.com\/de\/wp-json\/wp\/v2\/location?post=136792"},{"taxonomy":"product_brand","embeddable":true,"href":"https:\/\/ab-marineservice.com\/de\/wp-json\/wp\/v2\/product_brand?post=136792"},{"taxonomy":"product_cat","embeddable":true,"href":"https:\/\/ab-marineservice.com\/de\/wp-json\/wp\/v2\/product_cat?post=136792"},{"taxonomy":"product_tag","embeddable":true,"href":"https:\/\/ab-marineservice.com\/de\/wp-json\/wp\/v2\/product_tag?post=136792"}],"curies":[{"name":"wp","href":"https:\/\/api.w.org\/{rel}","templated":true}]}}