{"id":136803,"date":"2023-02-21T16:28:22","date_gmt":"2023-02-21T15:28:22","guid":{"rendered":"https:\/\/ab-marineservice.com\/product\/schwingungsdaempfer-800-028-36-107-kg\/"},"modified":"2025-12-18T16:38:37","modified_gmt":"2025-12-18T15:38:37","slug":"schwingungsdaempfer-800-028-36-107-kg","status":"publish","type":"product","link":"https:\/\/ab-marineservice.com\/de\/produkt\/schwingungsdaempfer-800-028-36-107-kg\/","title":{"rendered":"Schwingungsd\u00e4mpfer 800-028 (36-107 kg.)"},"content":{"rendered":"<p>Diese Schwingungsd\u00e4mpfer 800-028 (36\u2013107 kg) sind pr\u00e4zisionsgefertigt und mit gr\u00f6\u00dfter Liebe zum Detail gefertigt und bieten eine nahtlose Integration in Haltbarkeit und Leistung. Diese fortschrittlichen Halterungen wurden sorgf\u00e4ltig entwickelt, um Ihrem Motor die Stabilit\u00e4t zu verleihen, die er verdient, indem sie Vibrationen minimieren, den Ger\u00e4uschpegel reduzieren und eine entspannte Fahrt f\u00fcr Sie und Ihre Passagiere gew\u00e4hrleisten. Investieren Sie in den Schwingungsd\u00e4mpfer 800-028 (36\u2013107 kg) und erleben Sie den Unterschied in Stabilit\u00e4t und Effizienz. Verabschieden Sie sich von \u00fcberm\u00e4\u00dfigen Vibrationen und begr\u00fc\u00dfen Sie eine sanftere und effizientere Fahrt. Gehen Sie bei der Qualit\u00e4t keine Kompromisse ein und sorgen Sie f\u00fcr zuverl\u00e4ssige Leistung. Haben Sie Fragen oder Kommentare zum Produkt oder seiner Bedienung? <a href=\"https:\/\/ab-marineservice.com\/de\/kontakt\/\">klicken Sie auf Kontakt.<\/a><\/p>\n","protected":false},"excerpt":{"rendered":"<p>R&#038;D-Schiffsscherenmontage<br \/>\nAusgestattet mit einem \u00d6lschutz zum Schutz des Gummis<\/p>\n<p>Typenkapazit\u00e4t in kg.   Gewindeende<br \/>\n800-028 36 \u2013 107 3\/4\u201d<br \/>\nKompression: 2,3 \u2013 5,4 mm.<br \/>\nVorspannung: 2,3 mm.<br \/>\nH\u00f6henverstellmutter: 11 mm.<br \/>\nMaximale H\u00f6he: 165 mm. <\/p>\n<p>Einstellung der Schwingungsd\u00e4mpfer: <a href=\"https:\/\/ab-marineservice.com\/wp-content\/uploads\/2025\/12\/Korrekte-Einstellung-von-flexiblen-Schwingungsdampfern-fur-einen-Schiffsmotor.pdf\">Bedingungen f\u00fcr die korrekte Einstellung<\/a><\/p>\n","protected":false},"featured_media":155756,"comment_status":"open","ping_status":"closed","template":"","meta":[],"location":[3906],"product_brand":[],"product_cat":[1222,1431,4320],"product_tag":[],"class_list":{"0":"post-136803","1":"product","2":"type-product","3":"status-publish","4":"has-post-thumbnail","6":"location-dintra","7":"product_cat-motorteile","8":"product_cat-motorstutzen","9":"product_cat-rd-motorstutzen-de","10":"product_shipping_class-paket-0-10-kg","12":"first","13":"instock","14":"sale","15":"taxable","16":"shipping-taxable","17":"purchasable","18":"product-type-simple"},"group_of_quantity":0,"min_quantity":0,"max_quantity":"","exclude_order_quantity_value_rules":"no","exclude_category_quantity_rules":"no","combine_variations":"no","locations":[{"id":3906,"name":"Dintra","slug":"dintra","quantity":""}],"_links":{"self":[{"href":"https:\/\/ab-marineservice.com\/de\/wp-json\/wp\/v2\/product\/136803","targetHints":{"allow":["GET"]}}],"collection":[{"href":"https:\/\/ab-marineservice.com\/de\/wp-json\/wp\/v2\/product"}],"about":[{"href":"https:\/\/ab-marineservice.com\/de\/wp-json\/wp\/v2\/types\/product"}],"replies":[{"embeddable":true,"href":"https:\/\/ab-marineservice.com\/de\/wp-json\/wp\/v2\/comments?post=136803"}],"wp:featuredmedia":[{"embeddable":true,"href":"https:\/\/ab-marineservice.com\/de\/wp-json\/wp\/v2\/media\/155756"}],"wp:attachment":[{"href":"https:\/\/ab-marineservice.com\/de\/wp-json\/wp\/v2\/media?parent=136803"}],"wp:term":[{"taxonomy":"location","embeddable":true,"href":"https:\/\/ab-marineservice.com\/de\/wp-json\/wp\/v2\/location?post=136803"},{"taxonomy":"product_brand","embeddable":true,"href":"https:\/\/ab-marineservice.com\/de\/wp-json\/wp\/v2\/product_brand?post=136803"},{"taxonomy":"product_cat","embeddable":true,"href":"https:\/\/ab-marineservice.com\/de\/wp-json\/wp\/v2\/product_cat?post=136803"},{"taxonomy":"product_tag","embeddable":true,"href":"https:\/\/ab-marineservice.com\/de\/wp-json\/wp\/v2\/product_tag?post=136803"}],"curies":[{"name":"wp","href":"https:\/\/api.w.org\/{rel}","templated":true}]}}