{"id":136811,"date":"2023-02-21T16:28:22","date_gmt":"2023-02-21T15:28:22","guid":{"rendered":"https:\/\/ab-marineservice.com\/product\/schwingungsdaempfer-800-036-25-136-kg\/"},"modified":"2025-12-18T16:42:05","modified_gmt":"2025-12-18T15:42:05","slug":"schwingungsdaempfer-800-036-25-136-kg","status":"publish","type":"product","link":"https:\/\/ab-marineservice.com\/de\/produkt\/schwingungsdaempfer-800-036-25-136-kg\/","title":{"rendered":"Schwingungsd\u00e4mpfer 800-036 (25-136 kg)"},"content":{"rendered":"<p>Schwingungsd\u00e4mpfer 800-036 (25-136 kg.) Vibrationsarmer D\u00e4mpfer, der bei maximaler Belastung nur einen minimalen Eindruck zeigt.<br \/>\nDieser pr\u00e4zise konstruierte Schwingungsd\u00e4mpfer 800-036 (25-136 kg) wird mit gr\u00f6\u00dfter Liebe zum Detail hergestellt und bietet eine nahtlose Integration in die Leistungsbest\u00e4ndigkeit<br \/>\nDiese fortschrittlichen St\u00fctzen wurden sorgf\u00e4ltig entwickelt, um Ihrem Motor die Stabilit\u00e4t zu geben, die er verdient, Vibrationen zu minimieren, Ger\u00e4usche zu reduzieren und eine beruhigende Fahrt f\u00fcr Sie und Ihre Passagiere zu gew\u00e4hrleisten.<\/p>\n<p>Investieren Sie in diesen Schwingungsd\u00e4mpfer 800-036 und erleben Sie den Unterschied in Stabilit\u00e4t und Effizienz.<br \/>\nVerabschieden Sie sich von \u00fcberm\u00e4\u00dfigen Vibrationen und begr\u00fc\u00dfen Sie eine reibungslosere, effizientere Reise.<br \/>\nGehen Sie keine Kompromisse bei der Qualit\u00e4t ein und stellen Sie eine zuverl\u00e4ssige Leistung sicher.<\/p>\n<p>Haben Sie Fragen oder Kommentare zum Produkt oder zur Wirkung, <a href=\"https:\/\/ab-marineservice.com\/de\/kontakt\/\">klicken Sie auf Kontakt.<\/a><\/p>\n","protected":false},"excerpt":{"rendered":"<p>Schwingungsd\u00e4mpfer 800-033 (18-86 kg.) Vibrationsarmer D\u00e4mpfer, der bei maximaler Belastung nur einen minimalen Eindruck zeigt.<\/p>\n<p>Eigenschaften:<br \/>\nMaximale Tragf\u00e4higkeit bis zu 136 kg,<br \/>\nNiedrige H\u00f6he mit minimaler Verzerrung.<br \/>\nGeeignet f\u00fcr 1, 2 &#038;3-Zylinder-Kurzhubmotor mit hoher Drehzahl<br \/>\nGeeignet f\u00fcr 2 &#038;3-Zylinder-Langhubmotoren | 4-Zylinder-Motoren<br \/>\nAbmessungen H\u00f6he der Einstellmutter Dicke: M14<br \/>\nMutternst\u00e4rke: M14<br \/>\nL\u00e4nge Basis: 130mm (5,13&#8243;)<br \/>\nH\u00f6henbeschreibung 116 mm (4.57&#8243;),<br \/>\nBasis: 44,5 mm (1,75&#8243;)<br \/>\nBasisbreite: 76 mm (3&#8243;)<br \/>\nL\u00f6cherdistanz: 101,6 mm (4&#8243;)<\/p>\n<p>Einstellung der Schwingungsd\u00e4mpfer: <a href=\"https:\/\/ab-marineservice.com\/wp-content\/uploads\/2025\/12\/Korrekte-Einstellung-von-flexiblen-Schwingungsdampfern-fur-einen-Schiffsmotor.pdf\">Bedingungen f\u00fcr die korrekte Einstellung<\/a><\/p>\n","protected":false},"featured_media":152958,"comment_status":"open","ping_status":"closed","template":"","meta":[],"location":[3906],"product_brand":[],"product_cat":[1222,1431,4320],"product_tag":[],"class_list":{"0":"post-136811","1":"product","2":"type-product","3":"status-publish","4":"has-post-thumbnail","6":"location-dintra","7":"product_cat-motorteile","8":"product_cat-motorstutzen","9":"product_cat-rd-motorstutzen-de","10":"product_shipping_class-paket-0-10-kg","12":"first","13":"instock","14":"sale","15":"taxable","16":"shipping-taxable","17":"purchasable","18":"product-type-simple"},"group_of_quantity":0,"min_quantity":0,"max_quantity":"","exclude_order_quantity_value_rules":"no","exclude_category_quantity_rules":"no","combine_variations":"no","locations":[{"id":3906,"name":"Dintra","slug":"dintra","quantity":""}],"_links":{"self":[{"href":"https:\/\/ab-marineservice.com\/de\/wp-json\/wp\/v2\/product\/136811","targetHints":{"allow":["GET"]}}],"collection":[{"href":"https:\/\/ab-marineservice.com\/de\/wp-json\/wp\/v2\/product"}],"about":[{"href":"https:\/\/ab-marineservice.com\/de\/wp-json\/wp\/v2\/types\/product"}],"replies":[{"embeddable":true,"href":"https:\/\/ab-marineservice.com\/de\/wp-json\/wp\/v2\/comments?post=136811"}],"wp:featuredmedia":[{"embeddable":true,"href":"https:\/\/ab-marineservice.com\/de\/wp-json\/wp\/v2\/media\/152958"}],"wp:attachment":[{"href":"https:\/\/ab-marineservice.com\/de\/wp-json\/wp\/v2\/media?parent=136811"}],"wp:term":[{"taxonomy":"location","embeddable":true,"href":"https:\/\/ab-marineservice.com\/de\/wp-json\/wp\/v2\/location?post=136811"},{"taxonomy":"product_brand","embeddable":true,"href":"https:\/\/ab-marineservice.com\/de\/wp-json\/wp\/v2\/product_brand?post=136811"},{"taxonomy":"product_cat","embeddable":true,"href":"https:\/\/ab-marineservice.com\/de\/wp-json\/wp\/v2\/product_cat?post=136811"},{"taxonomy":"product_tag","embeddable":true,"href":"https:\/\/ab-marineservice.com\/de\/wp-json\/wp\/v2\/product_tag?post=136811"}],"curies":[{"name":"wp","href":"https:\/\/api.w.org\/{rel}","templated":true}]}}