{"id":13789,"date":"2016-11-30T11:50:11","date_gmt":"2016-11-30T10:50:11","guid":{"rendered":"https:\/\/ab-marineservice.com\/product\/auspuffschlauch-60x70mm\/"},"modified":"2025-05-31T10:29:17","modified_gmt":"2025-05-31T08:29:17","slug":"auspuffschlauch-55","status":"publish","type":"product","link":"https:\/\/ab-marineservice.com\/de\/produkt\/auspuffschlauch-55\/","title":{"rendered":"Auspuffschlauch 55 mm, Inspektion R.I.NA und LLOYD&#8217; S, wassergek\u00fchlte Auspuffanlage"},"content":{"rendered":"","protected":false},"excerpt":{"rendered":"<p>Auspuffschlauch f\u00fcr Verbrennungsmotoren mit Wasserk\u00fchlung.<br \/>\nHochflexibles und widerstandsf\u00e4higes Material.<\/p>\n<p>Abmessung innen: 55 mm<br \/>\nAbmessung au\u00dfen: 65 mm<\/p>\n<p>Schlauch: Best\u00e4ndig gegen \u00d6l, Treibstoffe, Meerwasser, Feuer.<br \/>\nVerst\u00e4rkung: Synthetische Litzen und Doppelwendelspirale aus Stahl.<br \/>\nMantel: Verschlei\u00dffest, Schutz vor Witterung, Wind und Meerwasser.<br \/>\nOberfl\u00e4che: Gewebte Einlegekordel aus Gummi<br \/>\nTemperatur: Min: -30 \u00b0C Max: 100 \u00b0C<\/p>\n<p>Druck f\u00fcr Inspektion: Eurocord\u00ae maringas\/sp i. D. \u2026 r. I. Na approved n. Dip061514xt-003 \u2013 iso 13363:2004 type 1 class a &amp;b type 2 class a &amp; b<br \/>\n(symbol logo) sae j 2006:03 \u2013 lloyd\u2019s approved n. 2\/00029<\/p>\n<p><a href=\"https:\/\/ab-marineservice.com\/de\/produkt\/schlauchklemme-niro-%E2%8C%80-65-70-mm-auspuffschlauch\/\">Schlauchklemme NIRO \u2300 65 \u2013 70 mm Auspuffschlauch<\/a><\/p>\n","protected":false},"featured_media":338388,"comment_status":"open","ping_status":"closed","template":"","meta":[],"location":[4172],"product_brand":[],"product_cat":[1310,1358,1360],"product_tag":[],"class_list":{"0":"post-13789","1":"product","2":"type-product","3":"status-publish","4":"has-post-thumbnail","6":"location-clouds","7":"product_cat-kuhlungsteile","8":"product_cat-zubehor-auspuff","9":"product_cat-auspuffschlauche","10":"product_shipping_class-paket-0-10-kg","12":"first","13":"instock","14":"sale","15":"taxable","16":"shipping-taxable","17":"purchasable","18":"product-type-simple"},"group_of_quantity":0,"min_quantity":0,"max_quantity":"","exclude_order_quantity_value_rules":"no","exclude_category_quantity_rules":"no","combine_variations":"no","locations":[{"id":4172,"name":"Clouds","slug":"clouds","quantity":""}],"_links":{"self":[{"href":"https:\/\/ab-marineservice.com\/de\/wp-json\/wp\/v2\/product\/13789","targetHints":{"allow":["GET"]}}],"collection":[{"href":"https:\/\/ab-marineservice.com\/de\/wp-json\/wp\/v2\/product"}],"about":[{"href":"https:\/\/ab-marineservice.com\/de\/wp-json\/wp\/v2\/types\/product"}],"replies":[{"embeddable":true,"href":"https:\/\/ab-marineservice.com\/de\/wp-json\/wp\/v2\/comments?post=13789"}],"wp:featuredmedia":[{"embeddable":true,"href":"https:\/\/ab-marineservice.com\/de\/wp-json\/wp\/v2\/media\/338388"}],"wp:attachment":[{"href":"https:\/\/ab-marineservice.com\/de\/wp-json\/wp\/v2\/media?parent=13789"}],"wp:term":[{"taxonomy":"location","embeddable":true,"href":"https:\/\/ab-marineservice.com\/de\/wp-json\/wp\/v2\/location?post=13789"},{"taxonomy":"product_brand","embeddable":true,"href":"https:\/\/ab-marineservice.com\/de\/wp-json\/wp\/v2\/product_brand?post=13789"},{"taxonomy":"product_cat","embeddable":true,"href":"https:\/\/ab-marineservice.com\/de\/wp-json\/wp\/v2\/product_cat?post=13789"},{"taxonomy":"product_tag","embeddable":true,"href":"https:\/\/ab-marineservice.com\/de\/wp-json\/wp\/v2\/product_tag?post=13789"}],"curies":[{"name":"wp","href":"https:\/\/api.w.org\/{rel}","templated":true}]}}