{"id":13837,"date":"2016-01-20T13:36:34","date_gmt":"2016-01-20T12:36:34","guid":{"rendered":"https:\/\/ab-marineservice.com\/product\/wasserpumpe-24-v-35-ltr\/"},"modified":"2024-10-16T16:48:49","modified_gmt":"2024-10-16T14:48:49","slug":"elektrische-wasserpumpe-24v-35l","status":"publish","type":"product","link":"https:\/\/ab-marineservice.com\/de\/produkt\/elektrische-wasserpumpe-24v-35l\/","title":{"rendered":"Elektrische Wasserpumpe 24V 35L"},"content":{"rendered":"","protected":false},"excerpt":{"rendered":"<p><strong>Elektrische Spezifikationen<\/strong><br \/>\nVolt: 24<br \/>\nAmpere: 15<br \/>\n<strong>Physische Spezifikationen<\/strong><br \/>\nTyp 1: Wasser<br \/>\nTyp 2: Schaufelrad<br \/>\nKapazit\u00e4t &#8211; L\/min: 35<br \/>\nSchlauchanschluss mm: 25<br \/>\nPumpengeh\u00e4use: Messing<br \/>\nPompenwelle: Edelstahl<br \/>\nSchaufelrad: Gummi<br \/>\nR\u00fcckschlagventil: Ja<br \/>\nDruck psi: 11.6<br \/>\nGr\u00f6\u00dfe mm: 176x120x94<br \/>\nDruck\/bar: 0.8<br \/>\nISO Norm: 8849\/8846<br \/>\n<strong>Weitere Informationen<\/strong><br \/>\nBemerkungen: Modell UP1-N. Selbstansaugende (1.5 m) elektrische Wasserpumpe mit selbstschmierendem flexiblem Laufrad f\u00fcr l\u00e4ngere Lebensdauer und bessere Leistung. Pumpengeh\u00e4use ist aus Messing mit Stahlschaft und einer Gummilippendichtung. 1\/2&#8243; BSP Innengewinde und Schlauchanschl\u00fcsse mit Innendurchmesser 25 mm. Wichtigste Anwendung: Lenzpumpe<br \/>\n<strong>Zeichnung:<\/strong> 070145t<\/p>\n","protected":false},"featured_media":11287,"comment_status":"open","ping_status":"closed","template":"","meta":[],"location":[],"product_brand":[],"product_cat":[1310,25708,1312],"product_tag":[1872,1871],"class_list":{"0":"post-13837","1":"product","2":"type-product","3":"status-publish","4":"has-post-thumbnail","6":"product_cat-kuhlungsteile","7":"product_cat-elektrische-impellerpumpe","8":"product_cat-elektrische-pumpen","9":"product_tag-kuhlung","10":"product_tag-warmetauscher","11":"product_shipping_class-paket-0-10-kg","13":"first","14":"outofstock","15":"taxable","16":"shipping-taxable","17":"purchasable","18":"product-type-simple"},"group_of_quantity":0,"min_quantity":0,"max_quantity":"","exclude_order_quantity_value_rules":"no","exclude_category_quantity_rules":"no","combine_variations":"no","locations":[],"_links":{"self":[{"href":"https:\/\/ab-marineservice.com\/de\/wp-json\/wp\/v2\/product\/13837","targetHints":{"allow":["GET"]}}],"collection":[{"href":"https:\/\/ab-marineservice.com\/de\/wp-json\/wp\/v2\/product"}],"about":[{"href":"https:\/\/ab-marineservice.com\/de\/wp-json\/wp\/v2\/types\/product"}],"replies":[{"embeddable":true,"href":"https:\/\/ab-marineservice.com\/de\/wp-json\/wp\/v2\/comments?post=13837"}],"wp:featuredmedia":[{"embeddable":true,"href":"https:\/\/ab-marineservice.com\/de\/wp-json\/wp\/v2\/media\/11287"}],"wp:attachment":[{"href":"https:\/\/ab-marineservice.com\/de\/wp-json\/wp\/v2\/media?parent=13837"}],"wp:term":[{"taxonomy":"location","embeddable":true,"href":"https:\/\/ab-marineservice.com\/de\/wp-json\/wp\/v2\/location?post=13837"},{"taxonomy":"product_brand","embeddable":true,"href":"https:\/\/ab-marineservice.com\/de\/wp-json\/wp\/v2\/product_brand?post=13837"},{"taxonomy":"product_cat","embeddable":true,"href":"https:\/\/ab-marineservice.com\/de\/wp-json\/wp\/v2\/product_cat?post=13837"},{"taxonomy":"product_tag","embeddable":true,"href":"https:\/\/ab-marineservice.com\/de\/wp-json\/wp\/v2\/product_tag?post=13837"}],"curies":[{"name":"wp","href":"https:\/\/api.w.org\/{rel}","templated":true}]}}