{"id":13928,"date":"2017-11-27T14:13:30","date_gmt":"2017-11-27T13:13:30","guid":{"rendered":"https:\/\/ab-marineservice.com\/product\/13928\/"},"modified":"2025-10-19T23:38:17","modified_gmt":"2025-10-19T21:38:17","slug":"relais-universal-12v-150a","status":"publish","type":"product","link":"https:\/\/ab-marineservice.com\/de\/produkt\/relais-universal-12v-150a\/","title":{"rendered":"Relais universal 12V 150A"},"content":{"rendered":"","protected":false},"excerpt":{"rendered":"<p>Elektrische Spezifikationen<br \/>\nVolt: 12<br \/>\nTempor\u00e4rer Strom: 150A (kein Dauerbetrieb)<\/p>\n<p>Physische Spezifikationen<br \/>\nA Au\u00dfendurchmesser mm: 42.30<br \/>\nB Gesamtl\u00e4nge: 62.30<br \/>\nDeckel<br \/>\nM Wicklungbolzen: 5\/16&#8243; UNF<br \/>\nG B+: 5\/16&#8243; UNF<br \/>\nH L\u00e4nge B+ Bolzen: 15.00<br \/>\nI Klemme 15a\/mm: M5<br \/>\nK Klemme 50\/mm: 10-32 UNF<br \/>\nN L\u00e4nge Wicklungbolzen: 15.00<br \/>\nJ Breite\/Klemme 15A: 12,75<br \/>\nL Breite\/Klemme 50: 10.50<br \/>\nAnschl\u00fcsseanzahl: 4<\/p>\n<p>Weitere Informationen<br \/>\nZeichnung No35<br \/>\nDiagramm 130493b<\/p>\n<p>Ersatz<\/p>\n<p>15-407 PRESTOLITE<br \/>\n2098360 CHRYSLER<br \/>\n3225629 CHRYSLER<br \/>\nB6AZ11450A FORD<br \/>\nB6AZ-11-450A MAZDA<br \/>\nBD7T11450A FORD<br \/>\nBD7T11450T FORD<br \/>\nC7AF11450A FORD<br \/>\nD2DZ11450A FORD<br \/>\nD9AZ11450A FORD<br \/>\nf903 REMY (DELCO)<br \/>\nSAS-4211Y PRESTOLITE<br \/>\nSW03 FORD<br \/>\nzm-401 ZM<\/p>\n<p>Elektrische Schalt- und Arbeitsrelais sind h\u00e4ufig eingesetzter Komponenten in elektrischen Systemen von Motoren und Installationen. Mit einem elektrischen Relais l\u00e4sst sich mit einem relativ schwachen Steuerstrom ein gro\u00dfer oder anderer Strom ein- oder ausschalten, der oft ein Vielfaches des Steuerstroms betr\u00e4gt. Das macht dicke Kabel unn\u00f6tig und vermeidet unn\u00f6tige Belastungen von Kontakten. Tats\u00e4chlich bet\u00e4tigt man mit einem kleinen Schalter einen gr\u00f6\u00dferen mit Hilfe einer Magnetspule und eines Kontakte.<\/p>\n<p>Die Kontakte k\u00f6nnen aus Kupfer oder Silber bestehen, wobei Silberkontakte f\u00fcr hohe Str\u00f6me besser geeignet sind.<\/p>\n<p>Im Allgemeinen wird zuerst die Steuerspannung angegeben, mit der das Relais aktiviert werden kann, z.B. 6 V, 12 V oder 24 V. Dahinter wird der maximale Strom, den das Relais ein- und ausschalten kann, in Ampere angegeben.<\/p>\n<p>Ein sogenanntes Mini-Relais kann oft nur einen H\u00f6chststrom schalten und vertr\u00e4gt keine Stromspitzen dar\u00fcber. Arbeits- oder Hochleistungsrelais sind, wie der Name schon sagt, eher f\u00fcr gr\u00f6\u00dfere Leistungen gedacht und hier wird oft eine zweite H\u00f6chststromst\u00e4rke (kurz \/ lang) angegeben. Beim Einschalten eines Motors zum Beispiel tritt f\u00fcr kurze Zeit ein hoher Stromspitzenwert auf.<\/p>\n<p>Wenn Sie Fragen zur Funktionsweise oder Anwendung eines Relais haben, nehmen Sie bitte Kontakt mit uns auf.<\/p>\n","protected":false},"featured_media":12291,"comment_status":"open","ping_status":"closed","template":"","meta":[],"location":[3905,4160],"product_brand":[],"product_cat":[1208,1273,1280],"product_tag":[],"class_list":{"0":"post-13928","1":"product","2":"type-product","3":"status-publish","4":"has-post-thumbnail","6":"location-ab-marine-service","7":"location-psh","8":"product_cat-elektrische-bauteile","9":"product_cat-relais-de","10":"product_cat-relais-hohe-leistung-12v","11":"product_shipping_class-paket-0-10-kg","13":"first","14":"outofstock","15":"taxable","16":"shipping-taxable","17":"purchasable","18":"product-type-simple"},"group_of_quantity":0,"min_quantity":0,"max_quantity":"","exclude_order_quantity_value_rules":"no","exclude_category_quantity_rules":"no","combine_variations":"no","locations":[{"id":3905,"name":"AB Marine","slug":"ab-marine-service","quantity":""}],"_links":{"self":[{"href":"https:\/\/ab-marineservice.com\/de\/wp-json\/wp\/v2\/product\/13928","targetHints":{"allow":["GET"]}}],"collection":[{"href":"https:\/\/ab-marineservice.com\/de\/wp-json\/wp\/v2\/product"}],"about":[{"href":"https:\/\/ab-marineservice.com\/de\/wp-json\/wp\/v2\/types\/product"}],"replies":[{"embeddable":true,"href":"https:\/\/ab-marineservice.com\/de\/wp-json\/wp\/v2\/comments?post=13928"}],"wp:featuredmedia":[{"embeddable":true,"href":"https:\/\/ab-marineservice.com\/de\/wp-json\/wp\/v2\/media\/12291"}],"wp:attachment":[{"href":"https:\/\/ab-marineservice.com\/de\/wp-json\/wp\/v2\/media?parent=13928"}],"wp:term":[{"taxonomy":"location","embeddable":true,"href":"https:\/\/ab-marineservice.com\/de\/wp-json\/wp\/v2\/location?post=13928"},{"taxonomy":"product_brand","embeddable":true,"href":"https:\/\/ab-marineservice.com\/de\/wp-json\/wp\/v2\/product_brand?post=13928"},{"taxonomy":"product_cat","embeddable":true,"href":"https:\/\/ab-marineservice.com\/de\/wp-json\/wp\/v2\/product_cat?post=13928"},{"taxonomy":"product_tag","embeddable":true,"href":"https:\/\/ab-marineservice.com\/de\/wp-json\/wp\/v2\/product_tag?post=13928"}],"curies":[{"name":"wp","href":"https:\/\/api.w.org\/{rel}","templated":true}]}}