{"id":139783,"date":"2023-03-16T10:06:30","date_gmt":"2023-03-16T09:06:31","guid":{"rendered":"https:\/\/ab-marineservice.com\/?post_type=product&#038;p=139783"},"modified":"2025-06-02T15:06:26","modified_gmt":"2025-06-02T13:06:26","slug":"impellerpumpe-fur-allgemeinen-einsatz","status":"publish","type":"product","link":"https:\/\/ab-marineservice.com\/de\/produkt\/impellerpumpe-fur-allgemeinen-einsatz\/","title":{"rendered":"Impellerpumpe f\u00fcr allgemeinen Einsatz"},"content":{"rendered":"<p>Diese Impellerpumpe f\u00fcr allgemeinen Einsatz ist der ideale Ersatz f\u00fcr Ihre verschlissene Originalpumpe.<br \/>\nGeeignet f\u00fcr den Einsatz als Motork\u00fchlwasserpumpe, Deckwaschpumpe, Lenzpumpe oder allgemeine Servicepumpe.<br \/>\nDas Pumpengeh\u00e4use ist aus Bronze. Die Pumpe ist aufgrund der Gummi-Impeller selbst-ansaugend.<br \/>\nEdelstahlwellen laufen in dauergeschmierten Lagern, was die JMP Impellerpumpe besonders langlebig macht.<br \/>\nDie Pumpe ist sowohl f\u00fcr die Freizeit- als auch f\u00fcr die Berufsschifffahrt geeignet. Die Pumpe darf nicht trocken oder ohne Fl\u00fcssigkeit laufen.<\/p>\n<p>Sherwood ist einer der gr\u00f6\u00dften Anbieter von K\u00fchlwasserpumpen mit flexiblen Gummi-Impeller f\u00fcr Schiffsmotoren in den USA.<br \/>\nAufgrund der hervorragenden Qualit\u00e4t werden diese Sherwood-Pumpen oft standardm\u00e4\u00dfig bei amerikanischen Motorenherstellern verbaut.<br \/>\nSie sind bei einigen der bekanntesten Motormarken sowohl bei Freizeit- als auch bei Berufsschifffahrt zu finden.<\/p>\n<p>Inspizieren Sie von Zeit zu Zeit  den Impeller dieser Impellerpumpe f\u00fcr allgemeinen Einsatz.<br \/>\nEs ist wichtig, dass die Impellerpumpe nicht trocken l\u00e4uft, f\u00fchren Sie regelm\u00e4\u00dfig vorbeugende Wartungsarbeiten durch.<br \/>\nDer Impeller der Sherwood Motork\u00fchlpumpe sollte je nach Anwendung alle 3 &#8211; 12 Monate ausgetauscht werden.<\/p>\n<p>Produktinformation und Spezifikationen:<br \/>\nRiemenscheibe-angetriebene Impellerpumpe<br \/>\nBefestigungsmethode: Flansch<br \/>\nErsetzende Impeller: <a href=\"https:\/\/ab-marineservice.com\/de\/produkt\/impeller-volvo-835874-oberdorfer-8922-perkins-900012\/\"><br \/>\nAnschlusstyp: Sowohl am Einlass als auch am Auslass passt zu einem 32 mm (1-1\/4&#8243;) K\u00fchlwasserschlauch.<\/a><\/p>\n","protected":false},"excerpt":{"rendered":"<p><strong>Die Pumpe wird inklusive Laufrad geliefert.<\/strong><\/p>\n<p>Diese Impellerpumpe f\u00fcr allgemeinen Einsatz ist der ideale Ersatz f\u00fcr Ihre verschlissene Originalpumpe.<br \/>\nDie hochwertige und h\u00e4ufig verbesserte Version des Originals bietet eine zuverl\u00e4ssige L\u00f6sung f\u00fcr den Austausch Ihrer Bootspumpe.<\/p>\n<p>Die Teile sind mit dem Original austauschbar. Zur Wartung oder \u00dcberholung, k\u00f6nnen Sie auf unserer Website Reparaturs\u00e4tze zum Austausch verschlei\u00dfempfindlicher Teile bestellen.<\/p>\n<p>Bei Fragen zu diesem Produkt, dieser Teile oder dem Typ oder der Anwendung wenden Sie sich bitte an uns.<br \/>\nEs kann verschiedene Typen oder Nummern geben, die auch zu diesem K\u00fchlpumpentyp passen.<\/p>\n","protected":false},"featured_media":139775,"comment_status":"open","ping_status":"closed","template":"","meta":[],"location":[3906],"product_brand":[],"product_cat":[1316,2207],"product_tag":[],"class_list":{"0":"post-139783","1":"product","2":"type-product","3":"status-publish","4":"has-post-thumbnail","6":"location-dintra","7":"product_cat-impellerpumpen","8":"product_cat-impeller","9":"product_shipping_class-paket-0-10-kg","11":"first","12":"instock","13":"taxable","14":"shipping-taxable","15":"purchasable","16":"product-type-simple"},"group_of_quantity":0,"min_quantity":0,"max_quantity":"","exclude_order_quantity_value_rules":"no","exclude_category_quantity_rules":"no","combine_variations":"no","locations":[{"id":3906,"name":"Dintra","slug":"dintra","quantity":""}],"_links":{"self":[{"href":"https:\/\/ab-marineservice.com\/de\/wp-json\/wp\/v2\/product\/139783","targetHints":{"allow":["GET"]}}],"collection":[{"href":"https:\/\/ab-marineservice.com\/de\/wp-json\/wp\/v2\/product"}],"about":[{"href":"https:\/\/ab-marineservice.com\/de\/wp-json\/wp\/v2\/types\/product"}],"replies":[{"embeddable":true,"href":"https:\/\/ab-marineservice.com\/de\/wp-json\/wp\/v2\/comments?post=139783"}],"wp:featuredmedia":[{"embeddable":true,"href":"https:\/\/ab-marineservice.com\/de\/wp-json\/wp\/v2\/media\/139775"}],"wp:attachment":[{"href":"https:\/\/ab-marineservice.com\/de\/wp-json\/wp\/v2\/media?parent=139783"}],"wp:term":[{"taxonomy":"location","embeddable":true,"href":"https:\/\/ab-marineservice.com\/de\/wp-json\/wp\/v2\/location?post=139783"},{"taxonomy":"product_brand","embeddable":true,"href":"https:\/\/ab-marineservice.com\/de\/wp-json\/wp\/v2\/product_brand?post=139783"},{"taxonomy":"product_cat","embeddable":true,"href":"https:\/\/ab-marineservice.com\/de\/wp-json\/wp\/v2\/product_cat?post=139783"},{"taxonomy":"product_tag","embeddable":true,"href":"https:\/\/ab-marineservice.com\/de\/wp-json\/wp\/v2\/product_tag?post=139783"}],"curies":[{"name":"wp","href":"https:\/\/api.w.org\/{rel}","templated":true}]}}