{"id":145165,"date":"2023-05-04T09:28:02","date_gmt":"2023-05-04T07:48:45","guid":{"rendered":"https:\/\/ab-marineservice.com\/product\/argofet-200-3-drei-batterien-200a\/"},"modified":"2024-08-08T10:41:26","modified_gmt":"2024-08-08T08:41:26","slug":"argofet-200-3-drei-batterien-200a","status":"publish","type":"product","link":"https:\/\/ab-marineservice.com\/de\/produkt\/argofet-200-3-drei-batterien-200a\/","title":{"rendered":"Argofet 200-3 Drei Batterien 200A"},"content":{"rendered":"","protected":false},"excerpt":{"rendered":"<p>ARG200301020 Victron<\/p>\n<p>\u00c4hnlich wie die Argodiode-Batterietrenner k\u00f6nnen mit Argofet-Batterietrennergleichzeitig zwei oder mehr Batterien \u00fcber einen Wechselstromgenerator (oder ein Batterieladeger\u00e4t mit einem einzelnen Ausgang) geladen werden, ohne die Batterien untereinander zu verbinden. Im Gegensatz zu der Argodiode-Batterietrenner, kommt es bei der Argofet-Batterietrenner zu so gut wie keinem Spannungsverlust. Der Spannungsabfall ist geringer als 0,02 Volt bei Niedrigstrom und im Durchschnitt 0,1 Volt bei h\u00f6heren Stromst\u00e4rken.<\/p>\n<p>Datenblatter:\u00a0<a href=\"https:\/\/ab-marineservice.com\/wp-content\/uploads\/2023\/05\/Datasheet-Argofet-Battery-Isolators-with-alternator-energize-input-DE.pdf\">Datasheet-Argofet-Battery-Isolators-with-alternator-energize-input-DE<\/a><br \/>\nGehauseabmessungen:\u00a0<a href=\"https:\/\/ab-marineservice.com\/wp-content\/uploads\/2023\/05\/Argofet-200-3-3-batteries-200A-isolator.pdf\">Argofet-200-3-3-batteries-200A-isolator<\/a><br \/>\nHandbuch:\u00a0<a href=\"https:\/\/ab-marineservice.com\/wp-content\/uploads\/2023\/05\/Manual-Argofet-EN-NL-FR-DE-IT-ES-SE-TR.pdf\">Manual-Argofet-EN-NL-FR-DE-IT-ES-SE-TR<\/a><\/p>\n","protected":false},"featured_media":152320,"comment_status":"open","ping_status":"closed","template":"","meta":[],"location":[4275,4276],"product_brand":[],"product_cat":[6703],"product_tag":[],"class_list":{"0":"post-145165","1":"product","2":"type-product","3":"status-publish","4":"has-post-thumbnail","6":"location-aes-emmeloord","7":"location-aes-lemmer","8":"product_cat-victron-non-retail-handelsverpackung","9":"product_shipping_class-paket-0-10-kg","11":"first","12":"onbackorder","13":"sale","14":"taxable","15":"shipping-taxable","16":"purchasable","17":"product-type-simple"},"group_of_quantity":0,"min_quantity":0,"max_quantity":"","exclude_order_quantity_value_rules":"no","exclude_category_quantity_rules":"no","combine_variations":"no","locations":[{"id":4275,"name":"AES Emmeloord","slug":"aes-emmeloord","quantity":""},{"id":4276,"name":"AES Lemmer","slug":"aes-lemmer","quantity":""}],"_links":{"self":[{"href":"https:\/\/ab-marineservice.com\/de\/wp-json\/wp\/v2\/product\/145165","targetHints":{"allow":["GET"]}}],"collection":[{"href":"https:\/\/ab-marineservice.com\/de\/wp-json\/wp\/v2\/product"}],"about":[{"href":"https:\/\/ab-marineservice.com\/de\/wp-json\/wp\/v2\/types\/product"}],"replies":[{"embeddable":true,"href":"https:\/\/ab-marineservice.com\/de\/wp-json\/wp\/v2\/comments?post=145165"}],"wp:featuredmedia":[{"embeddable":true,"href":"https:\/\/ab-marineservice.com\/de\/wp-json\/wp\/v2\/media\/152320"}],"wp:attachment":[{"href":"https:\/\/ab-marineservice.com\/de\/wp-json\/wp\/v2\/media?parent=145165"}],"wp:term":[{"taxonomy":"location","embeddable":true,"href":"https:\/\/ab-marineservice.com\/de\/wp-json\/wp\/v2\/location?post=145165"},{"taxonomy":"product_brand","embeddable":true,"href":"https:\/\/ab-marineservice.com\/de\/wp-json\/wp\/v2\/product_brand?post=145165"},{"taxonomy":"product_cat","embeddable":true,"href":"https:\/\/ab-marineservice.com\/de\/wp-json\/wp\/v2\/product_cat?post=145165"},{"taxonomy":"product_tag","embeddable":true,"href":"https:\/\/ab-marineservice.com\/de\/wp-json\/wp\/v2\/product_tag?post=145165"}],"curies":[{"name":"wp","href":"https:\/\/api.w.org\/{rel}","templated":true}]}}