{"id":145185,"date":"2023-05-04T09:28:18","date_gmt":"2023-05-04T07:49:09","guid":{"rendered":"https:\/\/ab-marineservice.com\/product\/rj12-utp-kabel-5-m\/"},"modified":"2024-11-02T14:25:05","modified_gmt":"2024-11-02T13:25:05","slug":"rj12-utp-kabel-5-m","status":"publish","type":"product","link":"https:\/\/ab-marineservice.com\/de\/produkt\/rj12-utp-kabel-5-m\/","title":{"rendered":"RJ12 UTP-Kabel 5 m"},"content":{"rendered":"<p><br data-mce-bogus=\"1\"><\/p>\n","protected":false},"excerpt":{"rendered":"<p>ASS030066050 Victron<\/p>\n<p>RJ12 UTP-kabel. Ein Kabel zum Verbinden des BMV-Shunts mit der BMV-Haupteinheit. Ein RJ12-Kabel wird standardm\u00e4\u00dfig mit einem BMV-Batteriew\u00e4chter geliefert. Wenn dieses Kabel jedoch zu lang oder zu kurz ist, kann es durch eines dieser Kabel ersetzt werden, L\u00e4ngen von 0,3 bis 30 Metern erh\u00e4ltlich.<\/p>\n","protected":false},"featured_media":152489,"comment_status":"open","ping_status":"closed","template":"","meta":[],"location":[4275,4276],"product_brand":[],"product_cat":[4282,4383,4401,11129],"product_tag":[],"class_list":{"0":"post-145185","1":"product","2":"type-product","3":"status-publish","4":"has-post-thumbnail","6":"location-aes-emmeloord","7":"location-aes-lemmer","8":"product_cat-victron-de","9":"product_cat-sonstige","10":"product_cat-kabel-de","11":"product_cat-rj12-utp-kabel-de","12":"product_shipping_class-paket-0-10-kg","14":"first","15":"onbackorder","16":"sale","17":"taxable","18":"shipping-taxable","19":"purchasable","20":"product-type-simple"},"group_of_quantity":0,"min_quantity":0,"max_quantity":"","exclude_order_quantity_value_rules":"no","exclude_category_quantity_rules":"no","combine_variations":"no","locations":[{"id":4275,"name":"AES Emmeloord","slug":"aes-emmeloord","quantity":""},{"id":4276,"name":"AES Lemmer","slug":"aes-lemmer","quantity":""}],"_links":{"self":[{"href":"https:\/\/ab-marineservice.com\/de\/wp-json\/wp\/v2\/product\/145185","targetHints":{"allow":["GET"]}}],"collection":[{"href":"https:\/\/ab-marineservice.com\/de\/wp-json\/wp\/v2\/product"}],"about":[{"href":"https:\/\/ab-marineservice.com\/de\/wp-json\/wp\/v2\/types\/product"}],"replies":[{"embeddable":true,"href":"https:\/\/ab-marineservice.com\/de\/wp-json\/wp\/v2\/comments?post=145185"}],"wp:featuredmedia":[{"embeddable":true,"href":"https:\/\/ab-marineservice.com\/de\/wp-json\/wp\/v2\/media\/152489"}],"wp:attachment":[{"href":"https:\/\/ab-marineservice.com\/de\/wp-json\/wp\/v2\/media?parent=145185"}],"wp:term":[{"taxonomy":"location","embeddable":true,"href":"https:\/\/ab-marineservice.com\/de\/wp-json\/wp\/v2\/location?post=145185"},{"taxonomy":"product_brand","embeddable":true,"href":"https:\/\/ab-marineservice.com\/de\/wp-json\/wp\/v2\/product_brand?post=145185"},{"taxonomy":"product_cat","embeddable":true,"href":"https:\/\/ab-marineservice.com\/de\/wp-json\/wp\/v2\/product_cat?post=145185"},{"taxonomy":"product_tag","embeddable":true,"href":"https:\/\/ab-marineservice.com\/de\/wp-json\/wp\/v2\/product_tag?post=145185"}],"curies":[{"name":"wp","href":"https:\/\/api.w.org\/{rel}","templated":true}]}}